{"id":2208,"date":"2021-08-04T12:32:10","date_gmt":"2021-08-04T15:32:10","guid":{"rendered":"https:\/\/lunelli.com.br\/site\/?page_id=2208"},"modified":"2021-09-21T16:34:06","modified_gmt":"2021-09-21T19:34:06","slug":"politica-de-calidad","status":"publish","type":"page","link":"https:\/\/lunelli.com.br\/site\/index.php\/politica-de-calidad\/?lang=es","title":{"rendered":"Pol\u00edtica de Calidad"},"content":{"rendered":"\t\t<div data-elementor-type=\"wp-page\" data-elementor-id=\"2208\" data-post-id=\"2208\" data-obj-id=\"2208\" class=\"elementor elementor-2208 dce-elementor-post-2208\" data-elementor-settings=\"[]\">\n\t\t\t\t\t\t<div class=\"elementor-inner\">\n\t\t\t\t\t\t\t<div class=\"elementor-section-wrap\">\n\t\t\t\t\t\t\t<section class=\"has_ae_slider elementor-section elementor-top-section elementor-element elementor-element-376849d elementor-section-height-min-height elementor-section-boxed elementor-section-height-default elementor-section-items-middle ae-bg-gallery-type-default\" data-dce-background-image-url=\"https:\/\/lunelli.com.br\/site\/wp-content\/uploads\/2021\/07\/bg_topo_politicaqualidade.jpg\" data-id=\"376849d\" data-element_type=\"section\" data-settings=\"{&quot;background_background&quot;:&quot;classic&quot;}\">\n\t\t\t\t\t\t<div class=\"elementor-container elementor-column-gap-default\">\n\t\t\t\t\t\t\t<div class=\"elementor-row\">\n\t\t\t\t\t<div class=\"has_ae_slider elementor-column elementor-col-100 elementor-top-column elementor-element elementor-element-b0f2fc0 ae-bg-gallery-type-default\" data-id=\"b0f2fc0\" data-element_type=\"column\">\n\t\t\t<div class=\"elementor-column-wrap elementor-element-populated\">\n\t\t\t\t\t\t\t<div class=\"elementor-widget-wrap\">\n\t\t\t\t\t\t\t\t<\/div>\n\t\t\t\t\t<\/div>\n\t\t<\/div>\n\t\t\t\t\t\t\t\t<\/div>\n\t\t\t\t\t<\/div>\n\t\t<\/section>\n\t\t\t\t<section class=\"has_ae_slider elementor-section elementor-top-section elementor-element elementor-element-5588aae elementor-section-boxed elementor-section-height-default elementor-section-height-default ae-bg-gallery-type-default\" data-id=\"5588aae\" data-element_type=\"section\">\n\t\t\t\t\t\t<div class=\"elementor-container elementor-column-gap-default\">\n\t\t\t\t\t\t\t<div class=\"elementor-row\">\n\t\t\t\t\t<div class=\"has_ae_slider elementor-column elementor-col-100 elementor-top-column elementor-element elementor-element-b6515d1 ae-bg-gallery-type-default\" data-id=\"b6515d1\" data-element_type=\"column\">\n\t\t\t<div class=\"elementor-column-wrap elementor-element-populated\">\n\t\t\t\t\t\t\t<div class=\"elementor-widget-wrap\">\n\t\t\t\t\t\t<div class=\"elementor-element elementor-element-a97361c elementor-widget elementor-widget-text-editor\" data-id=\"a97361c\" data-element_type=\"widget\" data-widget_type=\"text-editor.default\">\n\t\t\t\t<div class=\"elementor-widget-container\">\n\t\t\t\t\t\t\t\t<div class=\"elementor-text-editor elementor-clearfix\">\n\t\t\t\t<p>A Lunelli apuesta por una continua evoluci\u00f3n tecnol\u00f3gica, por una mejor\u00eda constante de los procesos textiles y por una gesti\u00f3n centrada en el trabajo en equipo, para asegurar un crecimiento perenne, s\u00f3lido y respetuoso con el medio ambiente.<\/p><p>Sabemos que cuando nuestros empleados est\u00e1n m\u00e1s contentos y nuestros productos y servicios son de mayor calidad, nuestros clientes estar\u00e1n m\u00e1s contentos y confiar\u00e1n m\u00e1s en elegir nuestra marca.<\/p><p><strong>Empleados felices<\/strong><br \/><strong>+ productos y servicios de calidad<\/strong><br \/><strong>= clientes satisfechos<\/strong><\/p><p>Conozca los 5 principios que gu\u00edan nuestras acciones y nos conducen hacia el desarrollo sostenible:<\/p><ol><li>Mejora continua de los procesos de gesti\u00f3n y de los productos textiles con el fin de reducir los riesgos, los residuos y el impacto medioambiental.<\/li><li>Compromiso con la protecci\u00f3n del medio ambiente, el cumplimiento de la legislaci\u00f3n y otros requisitos, actuando para prevenir la contaminaci\u00f3n.<\/li><li>Invertir recursos en la educaci\u00f3n y la formaci\u00f3n, con el objetivo de mayor cualificaci\u00f3n profesional, mejor desarrollo personal y correcta formaci\u00f3n socio-ambiental de las generaciones presentes y futuras.<\/li><li>Garant\u00eda de un entorno de trabajo saludable y seguro, aumentando la calidad de vida de los empleados.<\/li><li><span style=\"font-weight: 400;\">Comunicaci\u00f3n abierta con los clientes, los empleados, la comunidad, los proveedores y los organismos medioambientales.<\/span><\/li><\/ol>\t\t\t\t\t<\/div>\n\t\t\t\t\t\t<\/div>\n\t\t\t\t<\/div>\n\t\t\t\t\t\t<\/div>\n\t\t\t\t\t<\/div>\n\t\t<\/div>\n\t\t\t\t\t\t\t\t<\/div>\n\t\t\t\t\t<\/div>\n\t\t<\/section>\n\t\t\t\t\t\t<\/div>\n\t\t\t\t\t\t<\/div>\n\t\t\t\t\t<\/div>\n\t\t","protected":false},"excerpt":{"rendered":"<p>A Lunelli apuesta por una continua evoluci\u00f3n tecnol\u00f3gica, por una mejor\u00eda constante de los procesos textiles y por una gesti\u00f3n centrada en el trabajo en equipo, para asegurar un crecimiento perenne, s\u00f3lido y respetuoso con el medio ambiente. Sabemos que cuando nuestros empleados est\u00e1n m\u00e1s contentos y nuestros productos y servicios son de mayor calidad, [&hellip;]<\/p>\n","protected":false},"author":1,"featured_media":0,"parent":0,"menu_order":0,"comment_status":"closed","ping_status":"closed","template":"elementor_header_footer","meta":{"footnotes":""},"class_list":["post-2208","page","type-page","status-publish","hentry","entry"],"_links":{"self":[{"href":"https:\/\/lunelli.com.br\/site\/index.php\/wp-json\/wp\/v2\/pages\/2208","targetHints":{"allow":["GET"]}}],"collection":[{"href":"https:\/\/lunelli.com.br\/site\/index.php\/wp-json\/wp\/v2\/pages"}],"about":[{"href":"https:\/\/lunelli.com.br\/site\/index.php\/wp-json\/wp\/v2\/types\/page"}],"author":[{"embeddable":true,"href":"https:\/\/lunelli.com.br\/site\/index.php\/wp-json\/wp\/v2\/users\/1"}],"replies":[{"embeddable":true,"href":"https:\/\/lunelli.com.br\/site\/index.php\/wp-json\/wp\/v2\/comments?post=2208"}],"version-history":[{"count":0,"href":"https:\/\/lunelli.com.br\/site\/index.php\/wp-json\/wp\/v2\/pages\/2208\/revisions"}],"wp:attachment":[{"href":"https:\/\/lunelli.com.br\/site\/index.php\/wp-json\/wp\/v2\/media?parent=2208"}],"curies":[{"name":"wp","href":"https:\/\/api.w.org\/{rel}","templated":true}]}}