{"id":2217,"date":"2021-08-04T12:38:47","date_gmt":"2021-08-04T15:38:47","guid":{"rendered":"https:\/\/lunelli.com.br\/site\/?page_id=2217"},"modified":"2021-08-24T11:23:11","modified_gmt":"2021-08-24T14:23:11","slug":"nuestras-marcas","status":"publish","type":"page","link":"https:\/\/lunelli.com.br\/site\/index.php\/nuestras-marcas\/?lang=es","title":{"rendered":"Nuestras Marcas"},"content":{"rendered":"\t\t<div data-elementor-type=\"wp-page\" data-elementor-id=\"2217\" data-post-id=\"2217\" data-obj-id=\"2217\" class=\"elementor elementor-2217 dce-elementor-post-2217\" data-elementor-settings=\"[]\">\n\t\t\t\t\t\t<div class=\"elementor-inner\">\n\t\t\t\t\t\t\t<div class=\"elementor-section-wrap\">\n\t\t\t\t\t\t\t<section class=\"has_ae_slider elementor-section elementor-top-section elementor-element elementor-element-654d7df elementor-section-height-min-height elementor-section-boxed elementor-section-height-default elementor-section-items-middle ae-bg-gallery-type-default\" data-dce-background-image-url=\"https:\/\/lunelli.com.br\/site\/wp-content\/uploads\/2021\/07\/bg_topo_nossasmarcas.jpg\" data-id=\"654d7df\" data-element_type=\"section\" data-settings=\"{&quot;background_background&quot;:&quot;classic&quot;}\">\n\t\t\t\t\t\t<div class=\"elementor-container elementor-column-gap-default\">\n\t\t\t\t\t\t\t<div class=\"elementor-row\">\n\t\t\t\t\t<div class=\"has_ae_slider elementor-column elementor-col-100 elementor-top-column elementor-element elementor-element-2c1687c ae-bg-gallery-type-default\" data-id=\"2c1687c\" data-element_type=\"column\">\n\t\t\t<div class=\"elementor-column-wrap elementor-element-populated\">\n\t\t\t\t\t\t\t<div class=\"elementor-widget-wrap\">\n\t\t\t\t\t\t\t\t<\/div>\n\t\t\t\t\t<\/div>\n\t\t<\/div>\n\t\t\t\t\t\t\t\t<\/div>\n\t\t\t\t\t<\/div>\n\t\t<\/section>\n\t\t\t\t<section class=\"has_ae_slider elementor-section elementor-top-section elementor-element elementor-element-cd134f1 elementor-section-boxed elementor-section-height-default elementor-section-height-default ae-bg-gallery-type-default\" data-id=\"cd134f1\" data-element_type=\"section\">\n\t\t\t\t\t\t<div class=\"elementor-container elementor-column-gap-default\">\n\t\t\t\t\t\t\t<div class=\"elementor-row\">\n\t\t\t\t\t<div class=\"has_ae_slider elementor-column elementor-col-100 elementor-top-column elementor-element elementor-element-7fccf3a ae-bg-gallery-type-default\" data-id=\"7fccf3a\" data-element_type=\"column\">\n\t\t\t<div class=\"elementor-column-wrap elementor-element-populated\">\n\t\t\t\t\t\t\t<div class=\"elementor-widget-wrap\">\n\t\t\t\t\t\t<div class=\"elementor-element elementor-element-1183bcf elementor-widget elementor-widget-heading\" data-id=\"1183bcf\" data-element_type=\"widget\" data-widget_type=\"heading.default\">\n\t\t\t\t<div class=\"elementor-widget-container\">\n\t\t\t<h2 class=\"elementor-heading-title elementor-size-default\">Las Marcas\n<\/h2>\t\t<\/div>\n\t\t\t\t<\/div>\n\t\t\t\t<div class=\"elementor-element elementor-element-94e7502 elementor-widget elementor-widget-spacer\" data-id=\"94e7502\" data-element_type=\"widget\" data-widget_type=\"spacer.default\">\n\t\t\t\t<div class=\"elementor-widget-container\">\n\t\t\t\t\t<div class=\"elementor-spacer\">\n\t\t\t<div class=\"elementor-spacer-inner\"><\/div>\n\t\t<\/div>\n\t\t\t\t<\/div>\n\t\t\t\t<\/div>\n\t\t\t\t<div class=\"elementor-element elementor-element-b69e2cd elementor-widget elementor-widget-text-editor\" data-id=\"b69e2cd\" data-element_type=\"widget\" id=\"local-marcas\" data-widget_type=\"text-editor.default\">\n\t\t\t\t<div class=\"elementor-widget-container\">\n\t\t\t\t\t\t\t\t<div class=\"elementor-text-editor elementor-clearfix\">\n\t\t\t\t<p><strong>Marcas que ofrecen una mejor forma de vestir desde 1981<\/strong><\/p><p><span style=\"font-weight: 400;\">Lunelli ofrece las l\u00edneas de Primeros Pasos, Infantil, Juvenil y Adulto, en los segmentos masculino y femenino.<\/span><\/p><p><span style=\"font-weight: 400;\">Conozca nuestras marcas:<\/span><\/p>\t\t\t\t\t<\/div>\n\t\t\t\t\t\t<\/div>\n\t\t\t\t<\/div>\n\t\t\t\t\t\t<\/div>\n\t\t\t\t\t<\/div>\n\t\t<\/div>\n\t\t\t\t\t\t\t\t<\/div>\n\t\t\t\t\t<\/div>\n\t\t<\/section>\n\t\t\t\t<section class=\"has_ae_slider elementor-section elementor-top-section elementor-element elementor-element-832a55d elementor-section-full_width elementor-section-height-default elementor-section-height-default ae-bg-gallery-type-default\" data-id=\"832a55d\" data-element_type=\"section\">\n\t\t\t\t\t\t<div class=\"elementor-container elementor-column-gap-no\">\n\t\t\t\t\t\t\t<div class=\"elementor-row\">\n\t\t\t\t\t<div class=\"has_ae_slider elementor-column elementor-col-100 elementor-top-column elementor-element elementor-element-0385aee ae-bg-gallery-type-default\" data-id=\"0385aee\" data-element_type=\"column\">\n\t\t\t<div class=\"elementor-column-wrap elementor-element-populated\">\n\t\t\t\t\t\t\t<div class=\"elementor-widget-wrap\">\n\t\t\t\t\t\t<div class=\"elementor-element elementor-element-99b8415 bdt-image-accordion--skin-default elementor-widget elementor-widget-bdt-image-accordion\" data-id=\"99b8415\" data-element_type=\"widget\" data-widget_type=\"bdt-image-accordion.default\">\n\t\t\t\t<div class=\"elementor-widget-container\">\n\t\t\t\n\t\t<div id=\"bdt-image-accordion-99b8415\" class=\"bdt-image-accordion\" data-settings=\"{&quot;tabs_id&quot;:&quot;bdt-image-accordion-99b8415&quot;,&quot;mouse_event&quot;:&quot;mouseover&quot;}\">\n\t\t\t\n\t\t\t\t<div   class=\"bdt-image-accordion-item\" style=\"background-image: url('https:\/\/lunelli.com.br\/site\/wp-content\/uploads\/2021\/05\/foto_lunender.jpg');\">\n\n\t\t\t\t\t<div class=\"bdt-image-accordion-content\">\n\t\t\t\t\t\t\t\n\t\t\t\t\t\t\t\n\t\t\t\t\t\t\t\t\t\t\t\t\t<div class=\"bdt-image-accordion-text\">\n\t\t\t\t\t\t\t\t<p><img loading=\"lazy\" decoding=\"async\" class=\"alignnone size-full wp-image-456\" src=\"https:\/\/lunelli.com.br\/site\/wp-content\/uploads\/2021\/05\/Lunender.png\" alt=\"\" width=\"245\" height=\"61\" \/><br \/><span style=\"font-weight: 400;\">Referencia de la moda femenina, Lunender aporta a cada colecci\u00f3n piezas sencillas que refuerzan el concepto de moda sin esfuerzo y realzan el look moderno. Sus l\u00edneas est\u00e1n desarrolladas para satisfacer a los p\u00fablicos m\u00e1s distintos y revelan un estilo sorprendente, elegante, c\u00f3modo e inspirador.<br \/><br \/><\/span><\/p><p><a class=\"elementor-button-link elementor-button elementor-size-sm\" role=\"button\" href=\"https:\/\/lunenderstore.com\/?utm_source=site-grupo-lunelli&amp;utm_medium=site&amp;utm_content=marcas&amp;utm_campaign=grupo-lunelli\" target=\"_blank\" rel=\"noopener\"><span class=\"elementor-button-content-wrapper\"><span class=\"elementor-button-text\">Tienda Virtual<\/span><\/span><\/a><\/p><div>\u00a0<\/div><div class=\"elementor-button-wrapper\"><a class=\"elementor-button-link elementor-button elementor-size-sm\" role=\"button\" href=\"\/site\/index.php\/fale-conosco\/#pp-advanced-tabs-title-1254\"><span class=\"elementor-button-content-wrapper\"><span class=\"elementor-button-text\">Sea un Revendedor <\/span><\/span><\/a><\/div>\t\t\t\t\t\t\t<\/div>\n\t\t\t\t\t\t\t\n\t\t\t\t\t\t\t\t\t\t\t<\/div>\n\n\t\t\t\t<\/div>\n\n\t\t\t\n\t\t\t\t<div   class=\"bdt-image-accordion-item\" style=\"background-image: url('https:\/\/lunelli.com.br\/site\/wp-content\/uploads\/2021\/05\/foto_lunelli.jpg');\">\n\n\t\t\t\t\t<div class=\"bdt-image-accordion-content\">\n\t\t\t\t\t\t\t\n\t\t\t\t\t\t\t\n\t\t\t\t\t\t\t\t\t\t\t\t\t<div class=\"bdt-image-accordion-text\">\n\t\t\t\t\t\t\t\t<p><img loading=\"lazy\" decoding=\"async\" class=\"alignnone wp-image-455 size-full\" src=\"https:\/\/lunelli.com.br\/site\/wp-content\/uploads\/2021\/05\/Lunelli.png\" alt=\"\" width=\"229\" height=\"57\" \/><\/p><p>\u00a0<\/p><p><span style=\"font-weight: 400;\">Tejidos diferenciados, estampados llamativos y acabados especiales dan a los tejidos Lunelli credibilidad y reconocimiento en el mercado de la moda. Innovadoras y sostenibles, sus colecciones sorprenden con cada lanzamiento, haci\u00e9ndose notar en las creaciones m\u00e1s inspiradoras.<br \/><br \/><\/span><\/p><p><a class=\"elementor-button-link elementor-button elementor-size-sm\" role=\"button\" href=\"https:\/\/lunellimalhasetecidos.com.br\/?utm_source=site-grupo-lunelli&amp;utm_medium=site&amp;utm_content=marcas&amp;utm_campaign=grupo-lunelli\" target=\"_blank\" rel=\"noopener\"><span class=\"elementor-button-content-wrapper\"> <span class=\"elementor-button-text\">Acceda a la p\u00e1gina web<\/span><\/span><\/a><\/p>\t\t\t\t\t\t\t<\/div>\n\t\t\t\t\t\t\t\n\t\t\t\t\t\t\t\t\t\t\t<\/div>\n\n\t\t\t\t<\/div>\n\n\t\t\t\n\t\t\t\t<div   class=\"bdt-image-accordion-item\" style=\"background-image: url('https:\/\/lunelli.com.br\/site\/wp-content\/uploads\/2021\/05\/foto_lezalez.jpg');\">\n\n\t\t\t\t\t<div class=\"bdt-image-accordion-content\">\n\t\t\t\t\t\t\t\n\t\t\t\t\t\t\t\n\t\t\t\t\t\t\t\t\t\t\t\t\t<div class=\"bdt-image-accordion-text\">\n\t\t\t\t\t\t\t\t<p><img loading=\"lazy\" decoding=\"async\" class=\"alignnone size-full wp-image-454\" src=\"https:\/\/lunelli.com.br\/site\/wp-content\/uploads\/2021\/05\/Lez-a-Lez.png\" alt=\"\" width=\"281\" height=\"84\" \/><\/p><p>\u00a0<\/p><p><span style=\"font-weight: 400;\">Lez a Lez es la marca de Jurer\u00ea internacional, la playa m\u00e1s tendencia de Florian\u00f3polis, que combina la sofisticaci\u00f3n de la ciudad con el universo infatigable de la maravillosa playa y las fiestas electr\u00f3nicas junto al mar.<br \/><br \/><\/span><\/p><p><a class=\"elementor-button-link elementor-button elementor-size-sm\" role=\"button\" href=\"https:\/\/www.lezalez.com\/\" target=\"_blank\" rel=\"noopener\"><span class=\"elementor-button-content-wrapper\"><span class=\"elementor-button-text\">Tienda Virtual<\/span><\/span><\/a><\/p><div>\u00a0<\/div><div class=\"elementor-button-wrapper\"><a class=\"elementor-button-link elementor-button elementor-size-sm\" role=\"button\" href=\"\/site\/index.php\/fale-conosco\/#pp-advanced-tabs-title-1254\"><span class=\"elementor-button-content-wrapper\"><span class=\"elementor-button-text\">Sea un Revendedor<\/span><\/span><\/a><\/div>\t\t\t\t\t\t\t<\/div>\n\t\t\t\t\t\t\t\n\t\t\t\t\t\t\t\t\t\t\t<\/div>\n\n\t\t\t\t<\/div>\n\n\t\t\t\n\t\t\t\t<div   class=\"bdt-image-accordion-item\" style=\"background-image: url('https:\/\/lunelli.com.br\/site\/wp-content\/uploads\/2021\/05\/foto_alakazoo.jpg');\">\n\n\t\t\t\t\t<div class=\"bdt-image-accordion-content\">\n\t\t\t\t\t\t\t\n\t\t\t\t\t\t\t\n\t\t\t\t\t\t\t\t\t\t\t\t\t<div class=\"bdt-image-accordion-text\">\n\t\t\t\t\t\t\t\t<p><img loading=\"lazy\" decoding=\"async\" class=\"alignnone size-full wp-image-445\" src=\"https:\/\/lunelli.com.br\/site\/wp-content\/uploads\/2021\/05\/Alakazoo.png\" alt=\"\" width=\"296\" height=\"105\" \/><\/p><p>\u00a0<\/p><p><span style=\"font-weight: 400;\">Alakazoo pone de moda la transformaci\u00f3n de la infancia en un mundo m\u00e1gico. Cada detalle remite a la belleza y a la fantas\u00eda del mundo de la infancia, aportando mucha imaginaci\u00f3n y haci\u00e9ndonos comprender que todos somos capaces de realizar peque\u00f1as maravillas para hacer del mundo un lugar mejor.<br \/><br \/><\/span><\/p><p><a class=\"elementor-button-link elementor-button elementor-size-sm\" role=\"button\" href=\"https:\/\/store.alakazoo.com.br\/?utm_source=site-grupo-lunelli&amp;utm_medium=site&amp;utm_content=marcas&amp;utm_campaign=grupo-lunelli\" target=\"_blank\" rel=\"noopener\"><span class=\"elementor-button-content-wrapper\"><span class=\"elementor-button-text\">Tienda Virtual<\/span><\/span><\/a><\/p><div>\u00a0<\/div><div class=\"elementor-button-wrapper\"><a class=\"elementor-button-link elementor-button elementor-size-sm\" role=\"button\" href=\"\/site\/index.php\/fale-conosco\/#pp-advanced-tabs-title-1254\"><span class=\"elementor-button-content-wrapper\"><span class=\"elementor-button-text\">Sea un Revendedor<\/span><\/span><\/a><\/div>\t\t\t\t\t\t\t<\/div>\n\t\t\t\t\t\t\t\n\t\t\t\t\t\t\t\t\t\t\t<\/div>\n\n\t\t\t\t<\/div>\n\n\t\t\t\n\t\t\t\t<div   class=\"bdt-image-accordion-item\" style=\"background-image: url('https:\/\/lunelli.com.br\/site\/wp-content\/uploads\/2021\/05\/foto_hangar.jpg');\">\n\n\t\t\t\t\t<div class=\"bdt-image-accordion-content\">\n\t\t\t\t\t\t\t\n\t\t\t\t\t\t\t\n\t\t\t\t\t\t\t\t\t\t\t\t\t<div class=\"bdt-image-accordion-text\">\n\t\t\t\t\t\t\t\t<p><img loading=\"lazy\" decoding=\"async\" class=\"alignnone size-medium wp-image-453\" src=\"https:\/\/lunelli.com.br\/site\/wp-content\/uploads\/2021\/05\/Hangar33-h-300x61.png\" alt=\"\" width=\"300\" height=\"61\" srcset=\"https:\/\/lunelli.com.br\/site\/wp-content\/uploads\/2021\/05\/Hangar33-h-300x61.png 300w, https:\/\/lunelli.com.br\/site\/wp-content\/uploads\/2021\/05\/Hangar33-h.png 366w\" sizes=\"auto, (max-width: 300px) 100vw, 300px\" \/><\/p><p>\u00a0<\/p><p><span style=\"font-weight: 400;\">Hangar 33 surgi\u00f3 de la pasi\u00f3n por la aviaci\u00f3n y trae consigo la idea de hacer que la moda gane alas. Al igual que el hangar es el templo de todo avi\u00f3n y un refugio seguro para los aviadores, la marca proporciona este v\u00ednculo de amistad y entusiasmo entre la moda masculina y los entusiastas del vuelo.<br \/><br \/><\/span><\/p><p><a class=\"elementor-button-link elementor-button elementor-size-sm\" role=\"button\" href=\"https:\/\/hangar33.com.br\/?utm_source=site-grupo-lunelli&amp;utm_medium=site&amp;utm_content=marcas&amp;utm_campaign=grupo-lunelli\" target=\"_blank\" rel=\"noopener\"><span class=\"elementor-button-content-wrapper\"><span class=\"elementor-button-text\">Tienda Virtual<\/span><\/span><\/a><\/p><div>\u00a0<\/div><div class=\"elementor-button-wrapper\"><a class=\"elementor-button-link elementor-button elementor-size-sm\" role=\"button\" href=\"\/site\/index.php\/fale-conosco\/#pp-advanced-tabs-title-1254\"><span class=\"elementor-button-content-wrapper\"><span class=\"elementor-button-text\">Seja um Revendedor<\/span><\/span><\/a><\/div>\t\t\t\t\t\t\t<\/div>\n\t\t\t\t\t\t\t\n\t\t\t\t\t\t\t\t\t\t\t<\/div>\n\n\t\t\t\t<\/div>\n\n\t\t\t\n\t\t\t\t<div   class=\"bdt-image-accordion-item\" style=\"background-image: url('https:\/\/lunelli.com.br\/site\/wp-content\/uploads\/2021\/06\/foto-graphene.jpg');\">\n\n\t\t\t\t\t<div class=\"bdt-image-accordion-content\">\n\t\t\t\t\t\t\t\n\t\t\t\t\t\t\t\n\t\t\t\t\t\t\t\t\t\t\t\t\t<div class=\"bdt-image-accordion-text\">\n\t\t\t\t\t\t\t\t<p><img loading=\"lazy\" decoding=\"async\" class=\"alignnone size-medium wp-image-1709\" src=\"https:\/\/lunelli.com.br\/site\/wp-content\/uploads\/2021\/06\/Graphene-300x61.png\" alt=\"\" width=\"300\" height=\"61\" srcset=\"https:\/\/lunelli.com.br\/site\/wp-content\/uploads\/2021\/06\/Graphene-300x61.png 300w, https:\/\/lunelli.com.br\/site\/wp-content\/uploads\/2021\/06\/Graphene.png 366w\" sizes=\"auto, (max-width: 300px) 100vw, 300px\" \/><br \/><span style=\"font-weight: 400;\">La marca de fitness que representa la innovaci\u00f3n, la ligereza, la durabilidad y la exclusividad en cada detalle. Sus piezas de alto rendimiento combinan el estilo y la comodidad en su esencia. La poliamida est\u00e1 presente en todas las colecciones de Graphene, lo que garantiza la calidad, la funcionalidad y la larga vida de las prendas.<br \/><br \/><\/span><\/p><div><p><a class=\"elementor-button-link elementor-button elementor-size-sm\" role=\"button\" href=\"https:\/\/graphene.fitness\/about\/brand\" target=\"_blank\" rel=\"noopener\"><span class=\"elementor-button-content-wrapper\"> <span class=\"elementor-button-text\">Acceda a la pagina web<\/span><\/span><\/a><\/p><\/div>\t\t\t\t\t\t\t<\/div>\n\t\t\t\t\t\t\t\n\t\t\t\t\t\t\t\t\t\t\t<\/div>\n\n\t\t\t\t<\/div>\n\n\t\t\t\n\t\t\t\t<div   class=\"bdt-image-accordion-item\" style=\"background-image: url('https:\/\/lunelli.com.br\/site\/wp-content\/uploads\/2021\/05\/foto_fico.jpg');\">\n\n\t\t\t\t\t<div class=\"bdt-image-accordion-content\">\n\t\t\t\t\t\t\t\n\t\t\t\t\t\t\t\n\t\t\t\t\t\t\t\t\t\t\t\t\t<div class=\"bdt-image-accordion-text\">\n\t\t\t\t\t\t\t\t<p><img loading=\"lazy\" decoding=\"async\" class=\"alignnone size-full wp-image-446\" src=\"https:\/\/lunelli.com.br\/site\/wp-content\/uploads\/2021\/05\/Fico.png\" alt=\"\" width=\"252\" height=\"76\" \/><br \/><span style=\"font-weight: 400;\">Fico Surfwear naci\u00f3 de la conexi\u00f3n con el mar del litoral paulista. Raphael Levy, que pas\u00f3 su adolescencia surfeando en las playas de Guaruj\u00e1, decidi\u00f3 desarrollar una marca que expresara su amor por este deporte. En 1983 fund\u00f3 oficialmente la empresa 100% nacional y actualmente produce m\u00e1s de 350 piezas, con estilos dentro y fuera del agua.<br \/><br \/><\/span><\/p><p><a class=\"elementor-button-link elementor-button elementor-size-sm\" role=\"button\" href=\"https:\/\/fico.clothing\/?utm_source=site-grupo-lunelli&amp;utm_medium=site&amp;utm_content=marcas&amp;utm_campaign=grupo-lunelli\" target=\"_blank\" rel=\"noopener\"><span class=\"elementor-button-content-wrapper\"><span class=\"elementor-button-text\">Tienda Virtual<\/span><\/span><\/a><\/p><div>\u00a0<\/div><div class=\"elementor-button-wrapper\"><a class=\"elementor-button-link elementor-button elementor-size-sm\" role=\"button\" href=\"\/site\/index.php\/fale-conosco\/#pp-advanced-tabs-title-1254\"><span class=\"elementor-button-content-wrapper\"><span class=\"elementor-button-text\">Sea un Revendedor<\/span><\/span><\/a><\/div>\t\t\t\t\t\t\t<\/div>\n\t\t\t\t\t\t\t\n\t\t\t\t\t\t\t\t\t\t\t<\/div>\n\n\t\t\t\t<\/div>\n\n\t\t\t\t\t<\/div>\n\n\t\t\t\t<\/div>\n\t\t\t\t<\/div>\n\t\t\t\t<div class=\"elementor-element elementor-element-fd664ab elementor-widget elementor-widget-html\" data-id=\"fd664ab\" data-element_type=\"widget\" data-widget_type=\"html.default\">\n\t\t\t\t<div class=\"elementor-widget-container\">\n\t\t\t<script>\nfunction getSearchParams(k){\n var p={};\n location.search.replace(\/[?&]+([^=&]+)=([^&]*)\/gi,function(s,k,v){p[k]=v})\n return k?p[k]:p;\n}\njQuery( document ).ready(function() {\n    var id = getSearchParams(\"id\");\n    jQuery(\".bdt-image-accordion-item\").eq(id).addClass('active');\n});\n    \n<\/script>\t\t<\/div>\n\t\t\t\t<\/div>\n\t\t\t\t\t\t<\/div>\n\t\t\t\t\t<\/div>\n\t\t<\/div>\n\t\t\t\t\t\t\t\t<\/div>\n\t\t\t\t\t<\/div>\n\t\t<\/section>\n\t\t\t\t<section class=\"has_ae_slider elementor-section elementor-top-section elementor-element elementor-element-50666ee elementor-section-full_width elementor-hidden-desktop elementor-hidden-tablet elementor-hidden-phone elementor-section-height-default elementor-section-height-default ae-bg-gallery-type-default\" data-id=\"50666ee\" data-element_type=\"section\">\n\t\t\t\t\t\t<div class=\"elementor-container elementor-column-gap-no\">\n\t\t\t\t\t\t\t<div class=\"elementor-row\">\n\t\t\t\t\t<div class=\"has_ae_slider elementor-column elementor-col-100 elementor-top-column elementor-element elementor-element-f9e5b6e ae-bg-gallery-type-default\" data-id=\"f9e5b6e\" data-element_type=\"column\">\n\t\t\t<div class=\"elementor-column-wrap elementor-element-populated\">\n\t\t\t\t\t\t\t<div class=\"elementor-widget-wrap\">\n\t\t\t\t\t\t<div class=\"elementor-element elementor-element-ce325c7 elementor-widget elementor-widget-jet-image-accordion\" data-id=\"ce325c7\" data-element_type=\"widget\" data-widget_type=\"jet-image-accordion.default\">\n\t\t\t\t<div class=\"elementor-widget-container\">\n\t\t\t<div class=\"elementor-jet-image-accordion jet-tabs-addons\"><div class=\"jet-image-accordion jet-image-accordion-vertical-orientation jet-image-accordion-sine-ease\" data-settings=\"{&quot;orientation&quot;:&quot;vertical&quot;,&quot;activeSize&quot;:{&quot;unit&quot;:&quot;%&quot;,&quot;size&quot;:20,&quot;sizes&quot;:[]},&quot;duration&quot;:500,&quot;activeItem&quot;:-1}\">\n\t<div class=\"jet-image-accordion__list\">\n<div class=\"jet-image-accordion__item\">\n<img decoding=\"async\" class=\"jet-image-accordion__image-instance\" src=\"https:\/\/lunelli.com.br\/site\/wp-content\/uploads\/2021\/05\/foto_lunender.jpg\" alt=\"foto_lunender\">\t<div class=\"jet-image-accordion__content\"><div class=\"jet-image-accordion__desc\">Refer\u00eancia em moda feminina, a Lunender desenvolve pe\u00e7as descomplicadas, que refor\u00e7am o conceito de moda sem esfor\u00e7o e valorizam o visual moderno. Suas linhas de produtos atendem os mais distintos p\u00fablicos e revelam que um estilo surpreendente, elegante e inspirador pode, sim, ser muito confort\u00e1vel.<\/div><a class=\"elementor-button elementor-size-md jet-image-accordion__button\" href=\"#\">More<\/a><\/div>\n\t<div class=\"jet-image-accordion__item-loader\"><span><\/span><\/div>\n<\/div>\n<div class=\"jet-image-accordion__item\">\n<img decoding=\"async\" class=\"jet-image-accordion__image-instance\" src=\"https:\/\/lunelli.com.br\/site\/wp-content\/uploads\/2021\/05\/foto_lunelli.jpg\" alt=\"foto_lunelli\">\t<div class=\"jet-image-accordion__content\"><div class=\"jet-image-accordion__desc\">Malhas diferenciadas, estampas marcantes e acabamentos especiais conferem aos tecidos da marca credibilidade e reconhecimento no mercado da moda. Inovadora e sustent\u00e1vel, a Lunelli apresenta cole\u00e7\u00f5es que surpreendem a cada lan\u00e7amento, com cria\u00e7\u00f5es inspiradoras.<\/div><a class=\"elementor-button elementor-size-md jet-image-accordion__button\" href=\"#\">More<\/a><\/div>\n\t<div class=\"jet-image-accordion__item-loader\"><span><\/span><\/div>\n<\/div>\n<div class=\"jet-image-accordion__item\">\n<img decoding=\"async\" class=\"jet-image-accordion__image-instance\" src=\"https:\/\/lunelli.com.br\/site\/wp-content\/uploads\/2021\/05\/foto_lezalez.jpg\" alt=\"foto_lezalez\">\t<div class=\"jet-image-accordion__content\"><div class=\"jet-image-accordion__desc\">Malhas diferenciadas, estampas marcantes e acabamentos especiais conferem aos tecidos da marca credibilidade e reconhecimento no mercado da moda. Inovadora e sustent\u00e1vel, a Lunelli apresenta cole\u00e7\u00f5es que surpreendem a cada lan\u00e7amento, com cria\u00e7\u00f5es inspiradoras.<\/div><a class=\"elementor-button elementor-size-md jet-image-accordion__button\" href=\"#\">More<\/a><\/div>\n\t<div class=\"jet-image-accordion__item-loader\"><span><\/span><\/div>\n<\/div>\n<div class=\"jet-image-accordion__item\">\n<img decoding=\"async\" class=\"jet-image-accordion__image-instance\" src=\"https:\/\/lunelli.com.br\/site\/wp-content\/uploads\/2021\/05\/foto_alakazoo.jpg\" alt=\"foto_alakazoo\">\t<div class=\"jet-image-accordion__content\"><div class=\"jet-image-accordion__desc\">Transforma a inf\u00e2ncia em um mundo m\u00e1gico! Cada detalhe remete \u00e0 beleza e fantasia do universo infantil. A Alakazoo incentiva a imagina\u00e7\u00e3o, a criatividade e mostra que todas as pessoas s\u00e3o capazes de realizar pequenas m\u00e1gicas para tornar nosso mundo um lugar melhor.<\/div><a class=\"elementor-button elementor-size-md jet-image-accordion__button\" href=\"#\">More<\/a><\/div>\n\t<div class=\"jet-image-accordion__item-loader\"><span><\/span><\/div>\n<\/div>\n<div class=\"jet-image-accordion__item\">\n<img decoding=\"async\" class=\"jet-image-accordion__image-instance\" src=\"https:\/\/lunelli.com.br\/site\/wp-content\/uploads\/2021\/05\/foto_hangar.jpg\" alt=\"foto_hangar\">\t<div class=\"jet-image-accordion__content\"><div class=\"jet-image-accordion__desc\">Nascida da paix\u00e3o pela avia\u00e7\u00e3o, a Hangar 33 tem a proposta de fazer a moda ganhar asas. O hangar \u00e9 um templo para toda aeronave e um porto seguro para os aviadores. Do mesmo modo, a marca proporciona um la\u00e7o de amizade e entusiasmo entre moda masculina e os aficionados por voo.<\/div><a class=\"elementor-button elementor-size-md jet-image-accordion__button\" href=\"#\">More<\/a><\/div>\n\t<div class=\"jet-image-accordion__item-loader\"><span><\/span><\/div>\n<\/div>\n<div class=\"jet-image-accordion__item\">\n<img decoding=\"async\" class=\"jet-image-accordion__image-instance\" src=\"https:\/\/lunelli.com.br\/site\/wp-content\/uploads\/2021\/05\/foto_fico.jpg\" alt=\"foto_fico\">\t<div class=\"jet-image-accordion__content\"><div class=\"jet-image-accordion__desc\">A marca que nasceu do amor pelo mar do litoral de S\u00e3o Paulo. Raphael Levy passou a adolesc\u00eancia surfando nas praias do Guaruj\u00e1, e foi essa liga\u00e7\u00e3o que lhe trouxe inspira\u00e7\u00e3o para a cria\u00e7\u00e3o da Fico, que expressa seu amor pelo esporte. Em 1983 ele iniciou oficialmente a empresa 100% nacional, que produz atualmente mais de 350 pe\u00e7as com estilos dentro e fora d\u2019\u00e1gua.<\/div><a class=\"elementor-button elementor-size-md jet-image-accordion__button\" href=\"#\">More<\/a><\/div>\n\t<div class=\"jet-image-accordion__item-loader\"><span><\/span><\/div>\n<\/div>\n<\/div>\n<\/div>\n<\/div>\t\t<\/div>\n\t\t\t\t<\/div>\n\t\t\t\t\t\t<\/div>\n\t\t\t\t\t<\/div>\n\t\t<\/div>\n\t\t\t\t\t\t\t\t<\/div>\n\t\t\t\t\t<\/div>\n\t\t<\/section>\n\t\t\t\t\t\t<\/div>\n\t\t\t\t\t\t<\/div>\n\t\t\t\t\t<\/div>\n\t\t","protected":false},"excerpt":{"rendered":"<p>Las Marcas Marcas que ofrecen una mejor forma de vestir desde 1981 Lunelli ofrece las l\u00edneas de Primeros Pasos, Infantil, Juvenil y Adulto, en los segmentos masculino y femenino. Conozca nuestras marcas: Referencia de la moda femenina, Lunender aporta a cada colecci\u00f3n piezas sencillas que refuerzan el concepto de moda sin esfuerzo y realzan el [&hellip;]<\/p>\n","protected":false},"author":1,"featured_media":0,"parent":0,"menu_order":0,"comment_status":"closed","ping_status":"closed","template":"elementor_header_footer","meta":{"footnotes":""},"class_list":["post-2217","page","type-page","status-publish","hentry","entry"],"_links":{"self":[{"href":"https:\/\/lunelli.com.br\/site\/index.php\/wp-json\/wp\/v2\/pages\/2217","targetHints":{"allow":["GET"]}}],"collection":[{"href":"https:\/\/lunelli.com.br\/site\/index.php\/wp-json\/wp\/v2\/pages"}],"about":[{"href":"https:\/\/lunelli.com.br\/site\/index.php\/wp-json\/wp\/v2\/types\/page"}],"author":[{"embeddable":true,"href":"https:\/\/lunelli.com.br\/site\/index.php\/wp-json\/wp\/v2\/users\/1"}],"replies":[{"embeddable":true,"href":"https:\/\/lunelli.com.br\/site\/index.php\/wp-json\/wp\/v2\/comments?post=2217"}],"version-history":[{"count":0,"href":"https:\/\/lunelli.com.br\/site\/index.php\/wp-json\/wp\/v2\/pages\/2217\/revisions"}],"wp:attachment":[{"href":"https:\/\/lunelli.com.br\/site\/index.php\/wp-json\/wp\/v2\/media?parent=2217"}],"curies":[{"name":"wp","href":"https:\/\/api.w.org\/{rel}","templated":true}]}}