{"id":2517,"date":"2021-08-18T15:21:43","date_gmt":"2021-08-18T18:21:43","guid":{"rendered":"https:\/\/lunelli.com.br\/site\/?page_id=2517"},"modified":"2025-03-19T09:36:12","modified_gmt":"2025-03-19T12:36:12","slug":"our-brands","status":"publish","type":"page","link":"https:\/\/lunelli.com.br\/site\/index.php\/our-brands\/?lang=en","title":{"rendered":"Our Brands"},"content":{"rendered":"\t\t<div data-elementor-type=\"wp-page\" data-elementor-id=\"2517\" data-post-id=\"2517\" data-obj-id=\"2517\" class=\"elementor elementor-2517 dce-elementor-post-2517\" data-elementor-settings=\"[]\">\n\t\t\t\t\t\t<div class=\"elementor-inner\">\n\t\t\t\t\t\t\t<div class=\"elementor-section-wrap\">\n\t\t\t\t\t\t\t<section class=\"has_ae_slider elementor-section elementor-top-section elementor-element elementor-element-654d7df elementor-section-height-min-height elementor-section-boxed elementor-section-height-default elementor-section-items-middle ae-bg-gallery-type-default\" data-dce-background-image-url=\"https:\/\/lunelli.com.br\/site\/wp-content\/uploads\/2021\/07\/bg_topo_nossasmarcas.jpg\" data-id=\"654d7df\" data-element_type=\"section\" data-settings=\"{&quot;background_background&quot;:&quot;classic&quot;}\">\n\t\t\t\t\t\t<div class=\"elementor-container elementor-column-gap-default\">\n\t\t\t\t\t\t\t<div class=\"elementor-row\">\n\t\t\t\t\t<div class=\"has_ae_slider elementor-column elementor-col-100 elementor-top-column elementor-element elementor-element-2c1687c ae-bg-gallery-type-default\" data-id=\"2c1687c\" data-element_type=\"column\">\n\t\t\t<div class=\"elementor-column-wrap elementor-element-populated\">\n\t\t\t\t\t\t\t<div class=\"elementor-widget-wrap\">\n\t\t\t\t\t\t\t\t<\/div>\n\t\t\t\t\t<\/div>\n\t\t<\/div>\n\t\t\t\t\t\t\t\t<\/div>\n\t\t\t\t\t<\/div>\n\t\t<\/section>\n\t\t\t\t<section class=\"has_ae_slider elementor-section elementor-top-section elementor-element elementor-element-cd134f1 elementor-section-boxed elementor-section-height-default elementor-section-height-default ae-bg-gallery-type-default\" data-id=\"cd134f1\" data-element_type=\"section\">\n\t\t\t\t\t\t<div class=\"elementor-container elementor-column-gap-default\">\n\t\t\t\t\t\t\t<div class=\"elementor-row\">\n\t\t\t\t\t<div class=\"has_ae_slider elementor-column elementor-col-100 elementor-top-column elementor-element elementor-element-7fccf3a ae-bg-gallery-type-default\" data-id=\"7fccf3a\" data-element_type=\"column\">\n\t\t\t<div class=\"elementor-column-wrap elementor-element-populated\">\n\t\t\t\t\t\t\t<div class=\"elementor-widget-wrap\">\n\t\t\t\t\t\t<div class=\"elementor-element elementor-element-1183bcf elementor-widget elementor-widget-heading\" data-id=\"1183bcf\" data-element_type=\"widget\" data-widget_type=\"heading.default\">\n\t\t\t\t<div class=\"elementor-widget-container\">\n\t\t\t<h2 class=\"elementor-heading-title elementor-size-default\">The brands<\/h2>\t\t<\/div>\n\t\t\t\t<\/div>\n\t\t\t\t<div class=\"elementor-element elementor-element-94e7502 elementor-widget elementor-widget-spacer\" data-id=\"94e7502\" data-element_type=\"widget\" data-widget_type=\"spacer.default\">\n\t\t\t\t<div class=\"elementor-widget-container\">\n\t\t\t\t\t<div class=\"elementor-spacer\">\n\t\t\t<div class=\"elementor-spacer-inner\"><\/div>\n\t\t<\/div>\n\t\t\t\t<\/div>\n\t\t\t\t<\/div>\n\t\t\t\t<div class=\"elementor-element elementor-element-b69e2cd elementor-widget elementor-widget-text-editor\" data-id=\"b69e2cd\" data-element_type=\"widget\" id=\"local-marcas\" data-widget_type=\"text-editor.default\">\n\t\t\t\t<div class=\"elementor-widget-container\">\n\t\t\t\t\t\t\t\t<div class=\"elementor-text-editor elementor-clearfix\">\n\t\t\t\t<p><strong>Brands that provide a better way of dressing since 1981<\/strong><\/p><p>Lunelli offers the First Steps, Children, Teen and Adult lines, in the male and female segments.<\/p><p>Meet our brands:<\/p>\t\t\t\t\t<\/div>\n\t\t\t\t\t\t<\/div>\n\t\t\t\t<\/div>\n\t\t\t\t\t\t<\/div>\n\t\t\t\t\t<\/div>\n\t\t<\/div>\n\t\t\t\t\t\t\t\t<\/div>\n\t\t\t\t\t<\/div>\n\t\t<\/section>\n\t\t\t\t<section class=\"has_ae_slider elementor-section elementor-top-section elementor-element elementor-element-832a55d elementor-section-full_width elementor-section-height-default elementor-section-height-default ae-bg-gallery-type-default\" data-id=\"832a55d\" data-element_type=\"section\">\n\t\t\t\t\t\t<div class=\"elementor-container elementor-column-gap-no\">\n\t\t\t\t\t\t\t<div class=\"elementor-row\">\n\t\t\t\t\t<div class=\"has_ae_slider elementor-column elementor-col-100 elementor-top-column elementor-element elementor-element-0385aee ae-bg-gallery-type-default\" data-id=\"0385aee\" data-element_type=\"column\">\n\t\t\t<div class=\"elementor-column-wrap elementor-element-populated\">\n\t\t\t\t\t\t\t<div class=\"elementor-widget-wrap\">\n\t\t\t\t\t\t<div class=\"elementor-element elementor-element-99b8415 bdt-image-accordion--skin-default elementor-widget elementor-widget-bdt-image-accordion\" data-id=\"99b8415\" data-element_type=\"widget\" data-widget_type=\"bdt-image-accordion.default\">\n\t\t\t\t<div class=\"elementor-widget-container\">\n\t\t\t\n\t\t<div id=\"bdt-image-accordion-99b8415\" class=\"bdt-image-accordion\" data-settings=\"{&quot;tabs_id&quot;:&quot;bdt-image-accordion-99b8415&quot;,&quot;mouse_event&quot;:&quot;mouseover&quot;}\">\n\t\t\t\n\t\t\t\t<div   class=\"bdt-image-accordion-item\" style=\"background-image: url('https:\/\/lunelli.com.br\/site\/wp-content\/uploads\/2021\/05\/foto_lunender.jpg');\">\n\n\t\t\t\t\t<div class=\"bdt-image-accordion-content\">\n\t\t\t\t\t\t\t\n\t\t\t\t\t\t\t\n\t\t\t\t\t\t\t\t\t\t\t\t\t<div class=\"bdt-image-accordion-text\">\n\t\t\t\t\t\t\t\t<p><img loading=\"lazy\" decoding=\"async\" class=\"alignnone size-full wp-image-456\" src=\"https:\/\/lunelli.com.br\/site\/wp-content\/uploads\/2021\/05\/Lunender.png\" alt=\"\" width=\"245\" height=\"61\" \/><br \/>A reference in female fashion, Lunender brings uncomplicated pieces to each collection, which reinforces the concept of effortless fashion and value the modern look. Its lines are developed to meet the most distinguished consumers and reveal a surprising, elegant, comfortable and inspiring style.<\/p><p><a class=\"elementor-button-link elementor-button elementor-size-sm\" role=\"button\" href=\"https:\/\/lunenderstore.com\/?utm_source=site-grupo-lunelli&amp;utm_medium=site&amp;utm_content=marcas&amp;utm_campaign=grupo-lunelli\" target=\"_blank\" rel=\"noopener\"><span class=\"elementor-button-content-wrapper\"> <span class=\"elementor-button-text\">Virtual store<\/span><\/span><\/a><\/p><div>\u00a0<\/div><div class=\"elementor-button-wrapper\"><a class=\"elementor-button-link elementor-button elementor-size-sm\" role=\"button\" href=\"\/site\/index.php\/fale-conosco\/#pp-advanced-tabs-title-1254\"><span class=\"elementor-button-content-wrapper\"><span class=\"elementor-button-text\">Be a retailer <\/span><\/span><\/a><\/div>\t\t\t\t\t\t\t<\/div>\n\t\t\t\t\t\t\t\n\t\t\t\t\t\t\t\t\t\t\t<\/div>\n\n\t\t\t\t<\/div>\n\n\t\t\t\n\t\t\t\t<div   class=\"bdt-image-accordion-item\" style=\"background-image: url('https:\/\/lunelli.com.br\/site\/wp-content\/uploads\/2021\/05\/foto_lunelli.jpg');\">\n\n\t\t\t\t\t<div class=\"bdt-image-accordion-content\">\n\t\t\t\t\t\t\t\n\t\t\t\t\t\t\t\n\t\t\t\t\t\t\t\t\t\t\t\t\t<div class=\"bdt-image-accordion-text\">\n\t\t\t\t\t\t\t\t<p><img loading=\"lazy\" decoding=\"async\" class=\"alignnone wp-image-455 size-full\" src=\"https:\/\/lunelli.com.br\/site\/wp-content\/uploads\/2021\/05\/Lunelli.png\" alt=\"\" width=\"229\" height=\"57\" \/><\/p><p>Distinguish meshes, striking prints and special trims give Lunelli&#8217;s fabrics credibility and recognition in the fashion market. Innovative and sustainable, its collections surprise at each launch, making themselves noticed in the most inspiring creations.<\/p><p><a class=\"elementor-button-link elementor-button elementor-size-sm\" role=\"button\" href=\"https:\/\/lunellimalhasetecidos.com.br\/?utm_source=site-grupo-lunelli&amp;utm_medium=site&amp;utm_content=marcas&amp;utm_campaign=grupo-lunelli\" target=\"_blank\" rel=\"noopener\"><span class=\"elementor-button-content-wrapper\"> <span class=\"elementor-button-text\">Website<\/span><\/span><\/a><\/p>\t\t\t\t\t\t\t<\/div>\n\t\t\t\t\t\t\t\n\t\t\t\t\t\t\t\t\t\t\t<\/div>\n\n\t\t\t\t<\/div>\n\n\t\t\t\n\t\t\t\t<div   class=\"bdt-image-accordion-item\" style=\"background-image: url('https:\/\/lunelli.com.br\/site\/wp-content\/uploads\/2021\/05\/foto_lezalez.jpg');\">\n\n\t\t\t\t\t<div class=\"bdt-image-accordion-content\">\n\t\t\t\t\t\t\t\n\t\t\t\t\t\t\t\n\t\t\t\t\t\t\t\t\t\t\t\t\t<div class=\"bdt-image-accordion-text\">\n\t\t\t\t\t\t\t\t<p><img loading=\"lazy\" decoding=\"async\" class=\"alignnone size-full wp-image-454\" src=\"https:\/\/lunelli.com.br\/site\/wp-content\/uploads\/2021\/05\/Lez-a-Lez.png\" alt=\"\" width=\"281\" height=\"84\" \/><\/p><p>Lez a Lez is the brand of Jurer\u00ea Internacional, the most trendy beach in Florian\u00f3polis, that combines the sophistication of the city with the cool atmosphere of the beach and electronic parties by the sea.<\/p><p><a class=\"elementor-button-link elementor-button elementor-size-sm\" role=\"button\" href=\"https:\/\/www.lezalez.com\/\" target=\"_blank\" rel=\"noopener\"><span class=\"elementor-button-content-wrapper\"> <span class=\"elementor-button-text\">Virtual store<\/span><\/span><\/a><\/p><div>\u00a0<\/div><div class=\"elementor-button-wrapper\"><a class=\"elementor-button-link elementor-button elementor-size-sm\" role=\"button\" href=\"\/site\/index.php\/fale-conosco\/#pp-advanced-tabs-title-1254\"><span class=\"elementor-button-content-wrapper\"><span class=\"elementor-button-text\">Be a retailer<\/span><\/span><\/a><\/div>\t\t\t\t\t\t\t<\/div>\n\t\t\t\t\t\t\t\n\t\t\t\t\t\t\t\t\t\t\t<\/div>\n\n\t\t\t\t<\/div>\n\n\t\t\t\n\t\t\t\t<div   class=\"bdt-image-accordion-item\" style=\"background-image: url('https:\/\/lunelli.com.br\/site\/wp-content\/uploads\/2021\/05\/foto_alakazoo.jpg');\">\n\n\t\t\t\t\t<div class=\"bdt-image-accordion-content\">\n\t\t\t\t\t\t\t\n\t\t\t\t\t\t\t\n\t\t\t\t\t\t\t\t\t\t\t\t\t<div class=\"bdt-image-accordion-text\">\n\t\t\t\t\t\t\t\t<p><img loading=\"lazy\" decoding=\"async\" class=\"alignnone size-full wp-image-445\" src=\"https:\/\/lunelli.com.br\/site\/wp-content\/uploads\/2021\/05\/Alakazoo.png\" alt=\"\" width=\"296\" height=\"105\" \/><\/p><p>Alakazoo makes fashion to transform childhood into a magical world! Each detail reminds the beauty and fantasy of the children&#8217;s universe, providing a lot of imagination and making understand that everyone can perform some magic to turn the world into a better place.<\/p><p><a class=\"elementor-button-link elementor-button elementor-size-sm\" role=\"button\" href=\"https:\/\/store.alakazoo.com.br\/?utm_source=site-grupo-lunelli&amp;utm_medium=site&amp;utm_content=marcas&amp;utm_campaign=grupo-lunelli\" target=\"_blank\" rel=\"noopener\"><span class=\"elementor-button-content-wrapper\"> <span class=\"elementor-button-text\">Virtual store<\/span><\/span><\/a><\/p><div>\u00a0<\/div><div class=\"elementor-button-wrapper\"><a class=\"elementor-button-link elementor-button elementor-size-sm\" role=\"button\" href=\"\/site\/index.php\/fale-conosco\/#pp-advanced-tabs-title-1254\"><span class=\"elementor-button-content-wrapper\"><span class=\"elementor-button-text\">Be a retailer<\/span><\/span><\/a><\/div>\t\t\t\t\t\t\t<\/div>\n\t\t\t\t\t\t\t\n\t\t\t\t\t\t\t\t\t\t\t<\/div>\n\n\t\t\t\t<\/div>\n\n\t\t\t\n\t\t\t\t<div   class=\"bdt-image-accordion-item\" style=\"background-image: url('https:\/\/lunelli.com.br\/site\/wp-content\/uploads\/2021\/05\/foto_hangar.jpg');\">\n\n\t\t\t\t\t<div class=\"bdt-image-accordion-content\">\n\t\t\t\t\t\t\t\n\t\t\t\t\t\t\t\n\t\t\t\t\t\t\t\t\t\t\t\t\t<div class=\"bdt-image-accordion-text\">\n\t\t\t\t\t\t\t\t<p><img loading=\"lazy\" decoding=\"async\" class=\"alignnone size-medium wp-image-453\" src=\"https:\/\/lunelli.com.br\/site\/wp-content\/uploads\/2021\/05\/Hangar33-h-300x61.png\" alt=\"\" width=\"300\" height=\"61\" srcset=\"https:\/\/lunelli.com.br\/site\/wp-content\/uploads\/2021\/05\/Hangar33-h-300x61.png 300w, https:\/\/lunelli.com.br\/site\/wp-content\/uploads\/2021\/05\/Hangar33-h.png 366w\" sizes=\"auto, (max-width: 300px) 100vw, 300px\" \/><\/p><p>Hangar 33 arose from the passion for aviation and brings out the idea of giving wings to fashion. Just as the hangar is the temple of every aircraft and a safe haven for aviators, the brand provides this bond of friendship and enthusiasm between men&#8217;s fashion and flight aficionates.<\/p><p><a class=\"elementor-button-link elementor-button elementor-size-sm\" role=\"button\" href=\"https:\/\/hangar33.com.br\/?utm_source=site-grupo-lunelli&amp;utm_medium=site&amp;utm_content=marcas&amp;utm_campaign=grupo-lunelli\" target=\"_blank\" rel=\"noopener\"><span class=\"elementor-button-content-wrapper\"> <span class=\"elementor-button-text\">Virtual store<\/span><\/span><\/a><\/p><div>\u00a0<\/div><div class=\"elementor-button-wrapper\"><a class=\"elementor-button-link elementor-button elementor-size-sm\" role=\"button\" href=\"\/site\/index.php\/fale-conosco\/#pp-advanced-tabs-title-1254\"><span class=\"elementor-button-content-wrapper\"><span class=\"elementor-button-text\">Be a retailer<\/span><\/span><\/a><\/div>\t\t\t\t\t\t\t<\/div>\n\t\t\t\t\t\t\t\n\t\t\t\t\t\t\t\t\t\t\t<\/div>\n\n\t\t\t\t<\/div>\n\n\t\t\t\n\t\t\t\t<div   class=\"bdt-image-accordion-item\" style=\"background-image: url('https:\/\/lunelli.com.br\/site\/wp-content\/uploads\/2021\/05\/foto_fico.jpg');\">\n\n\t\t\t\t\t<div class=\"bdt-image-accordion-content\">\n\t\t\t\t\t\t\t\n\t\t\t\t\t\t\t\n\t\t\t\t\t\t\t\t\t\t\t\t\t<div class=\"bdt-image-accordion-text\">\n\t\t\t\t\t\t\t\t<p><img loading=\"lazy\" decoding=\"async\" class=\"alignnone size-full wp-image-446\" src=\"https:\/\/lunelli.com.br\/site\/wp-content\/uploads\/2021\/05\/Fico.png\" alt=\"\" width=\"252\" height=\"76\" \/><\/p><p>Fico Surfwear was born from the connection with S\u00e3o Paulo\u2019s coast. Raphael Levy, who spent his teenagehood surfing on the beaches of Guaruj\u00e1, decided to develop a brand that expressed his love for the sport. In 1983, he officially started the brand, 100% national. In 2019, Lunelli acquired the brand and currently produces more than 350 pieces, with styles for in and out of the water.<\/p><p><a class=\"elementor-button-link elementor-button elementor-size-sm\" role=\"button\" href=\"https:\/\/fico.clothing\/?utm_source=site-grupo-lunelli&amp;utm_medium=site&amp;utm_content=marcas&amp;utm_campaign=grupo-lunelli\" target=\"_blank\" rel=\"noopener\"><span class=\"elementor-button-content-wrapper\"> <span class=\"elementor-button-text\">Virtual store<\/span><\/span><\/a><\/p><div>\u00a0<\/div><div class=\"elementor-button-wrapper\"><a class=\"elementor-button-link elementor-button elementor-size-sm\" role=\"button\" href=\"\/site\/index.php\/fale-conosco\/#pp-advanced-tabs-title-1254\"><span class=\"elementor-button-content-wrapper\"><span class=\"elementor-button-text\">Be a retailer<\/span><\/span><\/a><\/div>\t\t\t\t\t\t\t<\/div>\n\t\t\t\t\t\t\t\n\t\t\t\t\t\t\t\t\t\t\t<\/div>\n\n\t\t\t\t<\/div>\n\n\t\t\t\t\t<\/div>\n\n\t\t\t\t<\/div>\n\t\t\t\t<\/div>\n\t\t\t\t<div class=\"elementor-element elementor-element-fd664ab elementor-widget elementor-widget-html\" data-id=\"fd664ab\" data-element_type=\"widget\" data-widget_type=\"html.default\">\n\t\t\t\t<div class=\"elementor-widget-container\">\n\t\t\t<script>\nfunction getSearchParams(k){\n var p={};\n location.search.replace(\/[?&]+([^=&]+)=([^&]*)\/gi,function(s,k,v){p[k]=v})\n return k?p[k]:p;\n}\njQuery( document ).ready(function() {\n    var id = getSearchParams(\"id\");\n    jQuery(\".bdt-image-accordion-item\").eq(id).addClass('active');\n});\n    \n<\/script>\t\t<\/div>\n\t\t\t\t<\/div>\n\t\t\t\t\t\t<\/div>\n\t\t\t\t\t<\/div>\n\t\t<\/div>\n\t\t\t\t\t\t\t\t<\/div>\n\t\t\t\t\t<\/div>\n\t\t<\/section>\n\t\t\t\t<section class=\"has_ae_slider elementor-section elementor-top-section elementor-element elementor-element-50666ee elementor-section-full_width elementor-hidden-desktop elementor-hidden-tablet elementor-hidden-phone elementor-section-height-default elementor-section-height-default ae-bg-gallery-type-default\" data-id=\"50666ee\" data-element_type=\"section\">\n\t\t\t\t\t\t<div class=\"elementor-container elementor-column-gap-no\">\n\t\t\t\t\t\t\t<div class=\"elementor-row\">\n\t\t\t\t\t<div class=\"has_ae_slider elementor-column elementor-col-100 elementor-top-column elementor-element elementor-element-f9e5b6e ae-bg-gallery-type-default\" data-id=\"f9e5b6e\" data-element_type=\"column\">\n\t\t\t<div class=\"elementor-column-wrap elementor-element-populated\">\n\t\t\t\t\t\t\t<div class=\"elementor-widget-wrap\">\n\t\t\t\t\t\t<div class=\"elementor-element elementor-element-ce325c7 elementor-widget elementor-widget-jet-image-accordion\" data-id=\"ce325c7\" data-element_type=\"widget\" data-widget_type=\"jet-image-accordion.default\">\n\t\t\t\t<div class=\"elementor-widget-container\">\n\t\t\t<div class=\"elementor-jet-image-accordion jet-tabs-addons\"><div class=\"jet-image-accordion jet-image-accordion-vertical-orientation jet-image-accordion-sine-ease\" data-settings=\"{&quot;orientation&quot;:&quot;vertical&quot;,&quot;activeSize&quot;:{&quot;unit&quot;:&quot;%&quot;,&quot;size&quot;:20,&quot;sizes&quot;:[]},&quot;duration&quot;:500,&quot;activeItem&quot;:-1}\">\n\t<div class=\"jet-image-accordion__list\">\n<div class=\"jet-image-accordion__item\">\n<img decoding=\"async\" class=\"jet-image-accordion__image-instance\" src=\"https:\/\/lunelli.com.br\/site\/wp-content\/uploads\/2021\/05\/foto_lunender.jpg\" alt=\"foto_lunender\">\t<div class=\"jet-image-accordion__content\"><div class=\"jet-image-accordion__desc\">Refer\u00eancia em moda feminina, a Lunender desenvolve pe\u00e7as descomplicadas, que refor\u00e7am o conceito de moda sem esfor\u00e7o e valorizam o visual moderno. Suas linhas de produtos atendem os mais distintos p\u00fablicos e revelam que um estilo surpreendente, elegante e inspirador pode, sim, ser muito confort\u00e1vel.<\/div><a class=\"elementor-button elementor-size-md jet-image-accordion__button\" href=\"#\">More<\/a><\/div>\n\t<div class=\"jet-image-accordion__item-loader\"><span><\/span><\/div>\n<\/div>\n<div class=\"jet-image-accordion__item\">\n<img decoding=\"async\" class=\"jet-image-accordion__image-instance\" src=\"https:\/\/lunelli.com.br\/site\/wp-content\/uploads\/2021\/05\/foto_lunelli.jpg\" alt=\"foto_lunelli\">\t<div class=\"jet-image-accordion__content\"><div class=\"jet-image-accordion__desc\">Malhas diferenciadas, estampas marcantes e acabamentos especiais conferem aos tecidos da marca credibilidade e reconhecimento no mercado da moda. Inovadora e sustent\u00e1vel, a Lunelli apresenta cole\u00e7\u00f5es que surpreendem a cada lan\u00e7amento, com cria\u00e7\u00f5es inspiradoras.<\/div><a class=\"elementor-button elementor-size-md jet-image-accordion__button\" href=\"#\">More<\/a><\/div>\n\t<div class=\"jet-image-accordion__item-loader\"><span><\/span><\/div>\n<\/div>\n<div class=\"jet-image-accordion__item\">\n<img decoding=\"async\" class=\"jet-image-accordion__image-instance\" src=\"https:\/\/lunelli.com.br\/site\/wp-content\/uploads\/2021\/05\/foto_lezalez.jpg\" alt=\"foto_lezalez\">\t<div class=\"jet-image-accordion__content\"><div class=\"jet-image-accordion__desc\">Malhas diferenciadas, estampas marcantes e acabamentos especiais conferem aos tecidos da marca credibilidade e reconhecimento no mercado da moda. Inovadora e sustent\u00e1vel, a Lunelli apresenta cole\u00e7\u00f5es que surpreendem a cada lan\u00e7amento, com cria\u00e7\u00f5es inspiradoras.<\/div><a class=\"elementor-button elementor-size-md jet-image-accordion__button\" href=\"#\">More<\/a><\/div>\n\t<div class=\"jet-image-accordion__item-loader\"><span><\/span><\/div>\n<\/div>\n<div class=\"jet-image-accordion__item\">\n<img decoding=\"async\" class=\"jet-image-accordion__image-instance\" src=\"https:\/\/lunelli.com.br\/site\/wp-content\/uploads\/2021\/05\/foto_alakazoo.jpg\" alt=\"foto_alakazoo\">\t<div class=\"jet-image-accordion__content\"><div class=\"jet-image-accordion__desc\">Transforma a inf\u00e2ncia em um mundo m\u00e1gico! Cada detalhe remete \u00e0 beleza e fantasia do universo infantil. A Alakazoo incentiva a imagina\u00e7\u00e3o, a criatividade e mostra que todas as pessoas s\u00e3o capazes de realizar pequenas m\u00e1gicas para tornar nosso mundo um lugar melhor.<\/div><a class=\"elementor-button elementor-size-md jet-image-accordion__button\" href=\"#\">More<\/a><\/div>\n\t<div class=\"jet-image-accordion__item-loader\"><span><\/span><\/div>\n<\/div>\n<div class=\"jet-image-accordion__item\">\n<img decoding=\"async\" class=\"jet-image-accordion__image-instance\" src=\"https:\/\/lunelli.com.br\/site\/wp-content\/uploads\/2021\/05\/foto_hangar.jpg\" alt=\"foto_hangar\">\t<div class=\"jet-image-accordion__content\"><div class=\"jet-image-accordion__desc\">Nascida da paix\u00e3o pela avia\u00e7\u00e3o, a Hangar 33 tem a proposta de fazer a moda ganhar asas. O hangar \u00e9 um templo para toda aeronave e um porto seguro para os aviadores. Do mesmo modo, a marca proporciona um la\u00e7o de amizade e entusiasmo entre moda masculina e os aficionados por voo.<\/div><a class=\"elementor-button elementor-size-md jet-image-accordion__button\" href=\"#\">More<\/a><\/div>\n\t<div class=\"jet-image-accordion__item-loader\"><span><\/span><\/div>\n<\/div>\n<div class=\"jet-image-accordion__item\">\n<img decoding=\"async\" class=\"jet-image-accordion__image-instance\" src=\"https:\/\/lunelli.com.br\/site\/wp-content\/uploads\/2021\/05\/foto_fico.jpg\" alt=\"foto_fico\">\t<div class=\"jet-image-accordion__content\"><div class=\"jet-image-accordion__desc\">A marca que nasceu do amor pelo mar do litoral de S\u00e3o Paulo. Raphael Levy passou a adolesc\u00eancia surfando nas praias do Guaruj\u00e1, e foi essa liga\u00e7\u00e3o que lhe trouxe inspira\u00e7\u00e3o para a cria\u00e7\u00e3o da Fico, que expressa seu amor pelo esporte. Em 1983 ele iniciou oficialmente a empresa 100% nacional, que produz atualmente mais de 350 pe\u00e7as com estilos dentro e fora d\u2019\u00e1gua.<\/div><a class=\"elementor-button elementor-size-md jet-image-accordion__button\" href=\"#\">More<\/a><\/div>\n\t<div class=\"jet-image-accordion__item-loader\"><span><\/span><\/div>\n<\/div>\n<\/div>\n<\/div>\n<\/div>\t\t<\/div>\n\t\t\t\t<\/div>\n\t\t\t\t\t\t<\/div>\n\t\t\t\t\t<\/div>\n\t\t<\/div>\n\t\t\t\t\t\t\t\t<\/div>\n\t\t\t\t\t<\/div>\n\t\t<\/section>\n\t\t\t\t\t\t<\/div>\n\t\t\t\t\t\t<\/div>\n\t\t\t\t\t<\/div>\n\t\t","protected":false},"excerpt":{"rendered":"<p>The brands Brands that provide a better way of dressing since 1981 Lunelli offers the First Steps, Children, Teen and Adult lines, in the male and female segments. Meet our brands: A reference in female fashion, Lunender brings uncomplicated pieces to each collection, which reinforces the concept of effortless fashion and value the modern look. [&hellip;]<\/p>\n","protected":false},"author":2,"featured_media":0,"parent":0,"menu_order":0,"comment_status":"closed","ping_status":"closed","template":"elementor_header_footer","meta":{"footnotes":""},"class_list":["post-2517","page","type-page","status-publish","hentry","entry"],"_links":{"self":[{"href":"https:\/\/lunelli.com.br\/site\/index.php\/wp-json\/wp\/v2\/pages\/2517","targetHints":{"allow":["GET"]}}],"collection":[{"href":"https:\/\/lunelli.com.br\/site\/index.php\/wp-json\/wp\/v2\/pages"}],"about":[{"href":"https:\/\/lunelli.com.br\/site\/index.php\/wp-json\/wp\/v2\/types\/page"}],"author":[{"embeddable":true,"href":"https:\/\/lunelli.com.br\/site\/index.php\/wp-json\/wp\/v2\/users\/2"}],"replies":[{"embeddable":true,"href":"https:\/\/lunelli.com.br\/site\/index.php\/wp-json\/wp\/v2\/comments?post=2517"}],"version-history":[{"count":0,"href":"https:\/\/lunelli.com.br\/site\/index.php\/wp-json\/wp\/v2\/pages\/2517\/revisions"}],"wp:attachment":[{"href":"https:\/\/lunelli.com.br\/site\/index.php\/wp-json\/wp\/v2\/media?parent=2517"}],"curies":[{"name":"wp","href":"https:\/\/api.w.org\/{rel}","templated":true}]}}