{"id":4244,"date":"2021-10-21T15:54:22","date_gmt":"2021-10-21T18:54:22","guid":{"rendered":"https:\/\/lunelli.com.br\/site\/?page_id=4244"},"modified":"2021-10-22T08:57:50","modified_gmt":"2021-10-22T11:57:50","slug":"moda-circular","status":"publish","type":"page","link":"https:\/\/lunelli.com.br\/site\/index.php\/sustentabilidade\/moda-circular\/","title":{"rendered":"Moda Circular"},"content":{"rendered":"\t\t<div data-elementor-type=\"wp-page\" data-elementor-id=\"4244\" data-post-id=\"4244\" data-obj-id=\"4244\" class=\"elementor elementor-4244 dce-elementor-post-4244\" data-elementor-settings=\"[]\">\n\t\t\t\t\t\t<div class=\"elementor-inner\">\n\t\t\t\t\t\t\t<div class=\"elementor-section-wrap\">\n\t\t\t\t\t\t\t<section class=\"has_ae_slider elementor-section elementor-top-section elementor-element elementor-element-a8c25b1 elementor-section-boxed elementor-section-height-default elementor-section-height-default ae-bg-gallery-type-default\" data-id=\"a8c25b1\" data-element_type=\"section\">\n\t\t\t\t\t\t<div class=\"elementor-container elementor-column-gap-default\">\n\t\t\t\t\t\t\t<div class=\"elementor-row\">\n\t\t\t\t\t<div class=\"has_ae_slider elementor-column elementor-col-100 elementor-top-column elementor-element elementor-element-031dbce ae-bg-gallery-type-default\" data-id=\"031dbce\" data-element_type=\"column\">\n\t\t\t<div class=\"elementor-column-wrap elementor-element-populated\">\n\t\t\t\t\t\t\t<div class=\"elementor-widget-wrap\">\n\t\t\t\t\t\t<div class=\"elementor-element elementor-element-977fdee elementor-widget elementor-widget-heading\" data-id=\"977fdee\" data-element_type=\"widget\" data-widget_type=\"heading.default\">\n\t\t\t\t<div class=\"elementor-widget-container\">\n\t\t\t<h2 class=\"elementor-heading-title elementor-size-default\">Moda Circular<\/h2>\t\t<\/div>\n\t\t\t\t<\/div>\n\t\t\t\t\t\t<\/div>\n\t\t\t\t\t<\/div>\n\t\t<\/div>\n\t\t\t\t\t\t\t\t<\/div>\n\t\t\t\t\t<\/div>\n\t\t<\/section>\n\t\t\t\t<section class=\"has_ae_slider elementor-section elementor-top-section elementor-element elementor-element-5a41264 elementor-section-boxed elementor-section-height-default elementor-section-height-default ae-bg-gallery-type-default\" data-id=\"5a41264\" data-element_type=\"section\">\n\t\t\t\t\t\t<div class=\"elementor-container elementor-column-gap-default\">\n\t\t\t\t\t\t\t<div class=\"elementor-row\">\n\t\t\t\t\t<div class=\"has_ae_slider elementor-column elementor-col-100 elementor-top-column elementor-element elementor-element-19ebc7f ae-bg-gallery-type-default\" data-id=\"19ebc7f\" data-element_type=\"column\">\n\t\t\t<div class=\"elementor-column-wrap elementor-element-populated\">\n\t\t\t\t\t\t\t<div class=\"elementor-widget-wrap\">\n\t\t\t\t\t\t<div class=\"elementor-element elementor-element-937c45f elementor-widget elementor-widget-text-editor\" data-id=\"937c45f\" data-element_type=\"widget\" data-widget_type=\"text-editor.default\">\n\t\t\t\t<div class=\"elementor-widget-container\">\n\t\t\t\t\t\t\t\t<div class=\"elementor-text-editor elementor-clearfix\">\n\t\t\t\t<p>Assim como o mundo d\u00e1 voltas, a moda tem que se virar pra fazer a sua parte e ser mais sustent\u00e1vel. Por isso a Lunelli lan\u00e7a o movimento Moda Circular. S\u00e3o pe\u00e7as como uma alternativa para quem busca moda e conforto com consci\u00eancia, atitude e moda respons\u00e1vel. <\/p>\t\t\t\t\t<\/div>\n\t\t\t\t\t\t<\/div>\n\t\t\t\t<\/div>\n\t\t\t\t\t\t<\/div>\n\t\t\t\t\t<\/div>\n\t\t<\/div>\n\t\t\t\t\t\t\t\t<\/div>\n\t\t\t\t\t<\/div>\n\t\t<\/section>\n\t\t\t\t<section class=\"has_ae_slider elementor-section elementor-top-section elementor-element elementor-element-71733a1 elementor-section-boxed elementor-section-height-default elementor-section-height-default ae-bg-gallery-type-default\" data-id=\"71733a1\" data-element_type=\"section\">\n\t\t\t\t\t\t<div class=\"elementor-container elementor-column-gap-default\">\n\t\t\t\t\t\t\t<div class=\"elementor-row\">\n\t\t\t\t\t<div class=\"has_ae_slider elementor-column elementor-col-100 elementor-top-column elementor-element elementor-element-7cdab6e ae-bg-gallery-type-default\" data-id=\"7cdab6e\" data-element_type=\"column\">\n\t\t\t<div class=\"elementor-column-wrap elementor-element-populated\">\n\t\t\t\t\t\t\t<div class=\"elementor-widget-wrap\">\n\t\t\t\t\t\t<div class=\"elementor-element elementor-element-f5ff033 elementor-aspect-ratio-169 elementor-widget elementor-widget-video\" data-id=\"f5ff033\" data-element_type=\"widget\" data-settings=\"{&quot;youtube_url&quot;:&quot;https:\\\/\\\/youtu.be\\\/nsfPow2m5l8&quot;,&quot;video_type&quot;:&quot;youtube&quot;,&quot;controls&quot;:&quot;yes&quot;,&quot;aspect_ratio&quot;:&quot;169&quot;}\" data-widget_type=\"video.default\">\n\t\t\t\t<div class=\"elementor-widget-container\">\n\t\t\t\t\t<div class=\"elementor-wrapper elementor-fit-aspect-ratio elementor-open-inline\">\n\t\t\t<div class=\"elementor-video\"><\/div>\t\t<\/div>\n\t\t\t\t<\/div>\n\t\t\t\t<\/div>\n\t\t\t\t\t\t<\/div>\n\t\t\t\t\t<\/div>\n\t\t<\/div>\n\t\t\t\t\t\t\t\t<\/div>\n\t\t\t\t\t<\/div>\n\t\t<\/section>\n\t\t\t\t<section class=\"has_ae_slider elementor-section elementor-top-section elementor-element elementor-element-2acc6cf elementor-section-boxed elementor-section-height-default elementor-section-height-default ae-bg-gallery-type-default\" data-id=\"2acc6cf\" data-element_type=\"section\">\n\t\t\t\t\t\t<div class=\"elementor-container elementor-column-gap-default\">\n\t\t\t\t\t\t\t<div class=\"elementor-row\">\n\t\t\t\t\t<div class=\"has_ae_slider elementor-column elementor-col-100 elementor-top-column elementor-element elementor-element-d550771 ae-bg-gallery-type-default\" data-id=\"d550771\" data-element_type=\"column\">\n\t\t\t<div class=\"elementor-column-wrap elementor-element-populated\">\n\t\t\t\t\t\t\t<div class=\"elementor-widget-wrap\">\n\t\t\t\t\t\t<div class=\"elementor-element elementor-element-ab986d3 elementor-widget elementor-widget-text-editor\" data-id=\"ab986d3\" data-element_type=\"widget\" data-widget_type=\"text-editor.default\">\n\t\t\t\t<div class=\"elementor-widget-container\">\n\t\t\t\t\t\t\t\t<div class=\"elementor-text-editor elementor-clearfix\">\n\t\t\t\t<p>As pe\u00e7as foram desenvolvidas com fibras t\u00eaxteis recicladas, contendo res\u00edduo t\u00eaxtil da Lunelli, promovendo a economia circular e, ainda, uso de lavanderia ecol\u00f3gica. <br \/>O processo de produ\u00e7\u00e3o dessas pe\u00e7as envolve a coleta dos res\u00edduos t\u00eaxteis, separa\u00e7\u00e3o por cor, processo de desfibragem e cardagem. Com a fibra pronta, \u00e9 feita a tecelagem, corte, molde e a confec\u00e7\u00e3o da pe\u00e7a. E, por fim, a lavanderia ecol\u00f3gica, para reduzir ainda mais os impactos ambientais.<\/p>\t\t\t\t\t<\/div>\n\t\t\t\t\t\t<\/div>\n\t\t\t\t<\/div>\n\t\t\t\t\t\t<\/div>\n\t\t\t\t\t<\/div>\n\t\t<\/div>\n\t\t\t\t\t\t\t\t<\/div>\n\t\t\t\t\t<\/div>\n\t\t<\/section>\n\t\t\t\t<section class=\"has_ae_slider elementor-section elementor-top-section elementor-element elementor-element-34a3af3 elementor-section-boxed elementor-section-height-default elementor-section-height-default ae-bg-gallery-type-default\" data-id=\"34a3af3\" data-element_type=\"section\">\n\t\t\t\t\t\t<div class=\"elementor-container elementor-column-gap-default\">\n\t\t\t\t\t\t\t<div class=\"elementor-row\">\n\t\t\t\t\t<div class=\"has_ae_slider elementor-column elementor-col-100 elementor-top-column elementor-element elementor-element-90a121d ae-bg-gallery-type-default\" data-id=\"90a121d\" data-element_type=\"column\">\n\t\t\t<div class=\"elementor-column-wrap elementor-element-populated\">\n\t\t\t\t\t\t\t<div class=\"elementor-widget-wrap\">\n\t\t\t\t\t\t<div class=\"elementor-element elementor-element-81b8808 elementor-aspect-ratio-169 elementor-widget elementor-widget-video\" data-id=\"81b8808\" data-element_type=\"widget\" data-settings=\"{&quot;youtube_url&quot;:&quot;https:\\\/\\\/youtu.be\\\/C3SxE_m0nzo&quot;,&quot;video_type&quot;:&quot;youtube&quot;,&quot;controls&quot;:&quot;yes&quot;,&quot;aspect_ratio&quot;:&quot;169&quot;}\" data-widget_type=\"video.default\">\n\t\t\t\t<div class=\"elementor-widget-container\">\n\t\t\t\t\t<div class=\"elementor-wrapper elementor-fit-aspect-ratio elementor-open-inline\">\n\t\t\t<div class=\"elementor-video\"><\/div>\t\t<\/div>\n\t\t\t\t<\/div>\n\t\t\t\t<\/div>\n\t\t\t\t\t\t<\/div>\n\t\t\t\t\t<\/div>\n\t\t<\/div>\n\t\t\t\t\t\t\t\t<\/div>\n\t\t\t\t\t<\/div>\n\t\t<\/section>\n\t\t\t\t<section class=\"has_ae_slider elementor-section elementor-top-section elementor-element elementor-element-0eb1d9e elementor-section-boxed elementor-section-height-default elementor-section-height-default ae-bg-gallery-type-default\" data-id=\"0eb1d9e\" data-element_type=\"section\">\n\t\t\t\t\t\t<div class=\"elementor-container elementor-column-gap-default\">\n\t\t\t\t\t\t\t<div class=\"elementor-row\">\n\t\t\t\t\t<div class=\"has_ae_slider elementor-column elementor-col-100 elementor-top-column elementor-element elementor-element-4a73c9c ae-bg-gallery-type-default\" data-id=\"4a73c9c\" data-element_type=\"column\">\n\t\t\t<div class=\"elementor-column-wrap elementor-element-populated\">\n\t\t\t\t\t\t\t<div class=\"elementor-widget-wrap\">\n\t\t\t\t\t\t<div class=\"elementor-element elementor-element-e6ba40e elementor-widget elementor-widget-text-editor\" data-id=\"e6ba40e\" data-element_type=\"widget\" data-widget_type=\"text-editor.default\">\n\t\t\t\t<div class=\"elementor-widget-container\">\n\t\t\t\t\t\t\t\t<div class=\"elementor-text-editor elementor-clearfix\">\n\t\t\t\t<p>As marcas que fazem parte desse movimento s\u00e3o <a href=\"https:\/\/www.lunender.com\/circular-collection\">Lunender<\/a> , <a href=\"https:\/\/www.hangar33.com.br\/moda-circular\">Hangar 33<\/a> e <a href=\"https:\/\/www.alakazoo.com.br\/moda-circular\">Alakazoo<\/a> .<\/p><p>Pe\u00e7as feitas com fibras t\u00eaxteis recicladas com 69% de algod\u00e3o reciclado na composi\u00e7\u00e3o.<\/p><p>Na parte de lavanderia, investimos em processos de com menor impacto com redu\u00e7\u00e3o de at\u00e9 80% de \u00e1gua, uso de produtos biodegrad\u00e1veis, biopolimento e reutiliza\u00e7\u00e3o de \u00e1gua no processo.<\/p><p>Fibras que se moldam para o maior dos objetivos: defender o planeta sempre, para nunca mais sair de moda. <br \/>Moda Circular. Feito para voc\u00ea, pensado para o planeta.<\/p>\t\t\t\t\t<\/div>\n\t\t\t\t\t\t<\/div>\n\t\t\t\t<\/div>\n\t\t\t\t\t\t<\/div>\n\t\t\t\t\t<\/div>\n\t\t<\/div>\n\t\t\t\t\t\t\t\t<\/div>\n\t\t\t\t\t<\/div>\n\t\t<\/section>\n\t\t\t\t<section class=\"has_ae_slider elementor-section elementor-top-section elementor-element elementor-element-04dfce6 elementor-section-boxed elementor-section-height-default elementor-section-height-default ae-bg-gallery-type-default\" data-id=\"04dfce6\" data-element_type=\"section\">\n\t\t\t\t\t\t<div class=\"elementor-container elementor-column-gap-default\">\n\t\t\t\t\t\t\t<div class=\"elementor-row\">\n\t\t\t\t\t<div class=\"has_ae_slider elementor-column elementor-col-100 elementor-top-column elementor-element elementor-element-ee8be18 ae-bg-gallery-type-default\" data-id=\"ee8be18\" data-element_type=\"column\">\n\t\t\t<div class=\"elementor-column-wrap elementor-element-populated\">\n\t\t\t\t\t\t\t<div class=\"elementor-widget-wrap\">\n\t\t\t\t\t\t<div class=\"elementor-element elementor-element-c934a7f elementor-widget elementor-widget-image\" data-id=\"c934a7f\" data-element_type=\"widget\" data-widget_type=\"image.default\">\n\t\t\t\t<div class=\"elementor-widget-container\">\n\t\t\t\t\t\t\t\t<div class=\"elementor-image\">\n\t\t\t\t\t\t\t\t\t\t\t\t<img loading=\"lazy\" decoding=\"async\" width=\"768\" height=\"901\" src=\"https:\/\/lunelli.com.br\/site\/wp-content\/uploads\/2021\/10\/FC-Insta-_920-x-1080-02-768x901.png\" class=\"attachment-medium_large size-medium_large\" alt=\"\" srcset=\"https:\/\/lunelli.com.br\/site\/wp-content\/uploads\/2021\/10\/FC-Insta-_920-x-1080-02-768x901.png 768w, https:\/\/lunelli.com.br\/site\/wp-content\/uploads\/2021\/10\/FC-Insta-_920-x-1080-02-256x300.png 256w, https:\/\/lunelli.com.br\/site\/wp-content\/uploads\/2021\/10\/FC-Insta-_920-x-1080-02-873x1024.png 873w, https:\/\/lunelli.com.br\/site\/wp-content\/uploads\/2021\/10\/FC-Insta-_920-x-1080-02.png 921w\" sizes=\"auto, (max-width: 768px) 100vw, 768px\" \/>\t\t\t\t\t\t\t\t\t\t\t\t\t\t<\/div>\n\t\t\t\t\t\t<\/div>\n\t\t\t\t<\/div>\n\t\t\t\t\t\t<\/div>\n\t\t\t\t\t<\/div>\n\t\t<\/div>\n\t\t\t\t\t\t\t\t<\/div>\n\t\t\t\t\t<\/div>\n\t\t<\/section>\n\t\t\t\t\t\t<\/div>\n\t\t\t\t\t\t<\/div>\n\t\t\t\t\t<\/div>\n\t\t","protected":false},"excerpt":{"rendered":"<p>Moda Circular Assim como o mundo d\u00e1 voltas, a moda tem que se virar pra fazer a sua parte e ser mais sustent\u00e1vel. Por isso a Lunelli lan\u00e7a o movimento Moda Circular. S\u00e3o pe\u00e7as como uma alternativa para quem busca moda e conforto com consci\u00eancia, atitude e moda respons\u00e1vel. https:\/\/youtu.be\/nsfPow2m5l8 As pe\u00e7as foram desenvolvidas com [&hellip;]<\/p>\n","protected":false},"author":6,"featured_media":0,"parent":41,"menu_order":1,"comment_status":"closed","ping_status":"closed","template":"","meta":{"footnotes":""},"class_list":["post-4244","page","type-page","status-publish","hentry","entry"],"_links":{"self":[{"href":"https:\/\/lunelli.com.br\/site\/index.php\/wp-json\/wp\/v2\/pages\/4244","targetHints":{"allow":["GET"]}}],"collection":[{"href":"https:\/\/lunelli.com.br\/site\/index.php\/wp-json\/wp\/v2\/pages"}],"about":[{"href":"https:\/\/lunelli.com.br\/site\/index.php\/wp-json\/wp\/v2\/types\/page"}],"author":[{"embeddable":true,"href":"https:\/\/lunelli.com.br\/site\/index.php\/wp-json\/wp\/v2\/users\/6"}],"replies":[{"embeddable":true,"href":"https:\/\/lunelli.com.br\/site\/index.php\/wp-json\/wp\/v2\/comments?post=4244"}],"version-history":[{"count":0,"href":"https:\/\/lunelli.com.br\/site\/index.php\/wp-json\/wp\/v2\/pages\/4244\/revisions"}],"up":[{"embeddable":true,"href":"https:\/\/lunelli.com.br\/site\/index.php\/wp-json\/wp\/v2\/pages\/41"}],"wp:attachment":[{"href":"https:\/\/lunelli.com.br\/site\/index.php\/wp-json\/wp\/v2\/media?parent=4244"}],"curies":[{"name":"wp","href":"https:\/\/api.w.org\/{rel}","templated":true}]}}