{"id":43,"date":"2021-05-25T11:48:54","date_gmt":"2021-05-25T14:48:54","guid":{"rendered":"https:\/\/lunelli.com.br\/site\/?page_id=43"},"modified":"2025-06-10T07:55:30","modified_gmt":"2025-06-10T10:55:30","slug":"nossas-marcas","status":"publish","type":"page","link":"https:\/\/lunelli.com.br\/site\/index.php\/nossas-marcas\/","title":{"rendered":"Nossas Marcas"},"content":{"rendered":"\t\t<div data-elementor-type=\"wp-page\" data-elementor-id=\"43\" data-post-id=\"43\" data-obj-id=\"43\" class=\"elementor elementor-43 dce-elementor-post-43\" data-elementor-settings=\"[]\">\n\t\t\t\t\t\t<div class=\"elementor-inner\">\n\t\t\t\t\t\t\t<div class=\"elementor-section-wrap\">\n\t\t\t\t\t\t\t<section class=\"has_ae_slider elementor-section elementor-top-section elementor-element elementor-element-654d7df elementor-section-height-min-height elementor-section-boxed elementor-section-height-default elementor-section-items-middle ae-bg-gallery-type-default\" data-dce-background-image-url=\"https:\/\/lunelli.com.br\/site\/wp-content\/uploads\/2025\/03\/Nossas-Marcas-1.png\" data-id=\"654d7df\" data-element_type=\"section\" data-settings=\"{&quot;background_background&quot;:&quot;classic&quot;}\">\n\t\t\t\t\t\t<div class=\"elementor-container elementor-column-gap-default\">\n\t\t\t\t\t\t\t<div class=\"elementor-row\">\n\t\t\t\t\t<div class=\"has_ae_slider elementor-column elementor-col-100 elementor-top-column elementor-element elementor-element-2c1687c ae-bg-gallery-type-default\" data-id=\"2c1687c\" data-element_type=\"column\">\n\t\t\t<div class=\"elementor-column-wrap elementor-element-populated\">\n\t\t\t\t\t\t\t<div class=\"elementor-widget-wrap\">\n\t\t\t\t\t\t\t\t<\/div>\n\t\t\t\t\t<\/div>\n\t\t<\/div>\n\t\t\t\t\t\t\t\t<\/div>\n\t\t\t\t\t<\/div>\n\t\t<\/section>\n\t\t\t\t<section class=\"has_ae_slider elementor-section elementor-top-section elementor-element elementor-element-cd134f1 elementor-section-boxed elementor-section-height-default elementor-section-height-default ae-bg-gallery-type-default\" data-id=\"cd134f1\" data-element_type=\"section\">\n\t\t\t\t\t\t<div class=\"elementor-container elementor-column-gap-default\">\n\t\t\t\t\t\t\t<div class=\"elementor-row\">\n\t\t\t\t\t<div class=\"has_ae_slider elementor-column elementor-col-100 elementor-top-column elementor-element elementor-element-7fccf3a ae-bg-gallery-type-default\" data-id=\"7fccf3a\" data-element_type=\"column\">\n\t\t\t<div class=\"elementor-column-wrap elementor-element-populated\">\n\t\t\t\t\t\t\t<div class=\"elementor-widget-wrap\">\n\t\t\t\t\t\t<div class=\"elementor-element elementor-element-1183bcf elementor-widget elementor-widget-heading\" data-id=\"1183bcf\" data-element_type=\"widget\" data-widget_type=\"heading.default\">\n\t\t\t\t<div class=\"elementor-widget-container\">\n\t\t\t<h2 class=\"elementor-heading-title elementor-size-default\">As Marcas<\/h2>\t\t<\/div>\n\t\t\t\t<\/div>\n\t\t\t\t<div class=\"elementor-element elementor-element-94e7502 elementor-widget elementor-widget-spacer\" data-id=\"94e7502\" data-element_type=\"widget\" data-widget_type=\"spacer.default\">\n\t\t\t\t<div class=\"elementor-widget-container\">\n\t\t\t\t\t<div class=\"elementor-spacer\">\n\t\t\t<div class=\"elementor-spacer-inner\"><\/div>\n\t\t<\/div>\n\t\t\t\t<\/div>\n\t\t\t\t<\/div>\n\t\t\t\t<div class=\"elementor-element elementor-element-b69e2cd elementor-widget elementor-widget-text-editor\" data-id=\"b69e2cd\" data-element_type=\"widget\" id=\"local-marcas\" data-widget_type=\"text-editor.default\">\n\t\t\t\t<div class=\"elementor-widget-container\">\n\t\t\t\t\t\t\t\t<div class=\"elementor-text-editor elementor-clearfix\">\n\t\t\t\t<p>Fundada em 1981, a Lunelli faz a gest\u00e3o de grandes marcas: na Lunelli Malhas e Tecidos, levamos solu\u00e7\u00f5es para confec\u00e7\u00f5es a grandes varejistas nacionais. Com as marcas Lunender, Lez a Lez, Alakazoo, Hangar 33, Fico e Vila Flor, nos conectamos com uma ampla rede de empreendedores varejistas multimarcas e franquias, em diversas cidades do pa\u00eds.<\/p><p>Tamb\u00e9m atuamos no formato private label, com a confec\u00e7\u00e3o de pe\u00e7as para grandes marcas nacionais e internacionais.<\/p><p>Fazemos moda com significado, com a gest\u00e3o de marcas fortes, combinando tecnologia na produ\u00e7\u00e3o e entregando solu\u00e7\u00f5es<br \/>para o mercado de moda brasileiro.<\/p>\t\t\t\t\t<\/div>\n\t\t\t\t\t\t<\/div>\n\t\t\t\t<\/div>\n\t\t\t\t\t\t<\/div>\n\t\t\t\t\t<\/div>\n\t\t<\/div>\n\t\t\t\t\t\t\t\t<\/div>\n\t\t\t\t\t<\/div>\n\t\t<\/section>\n\t\t\t\t<section class=\"has_ae_slider elementor-section elementor-top-section elementor-element elementor-element-832a55d elementor-section-full_width elementor-section-height-default elementor-section-height-default ae-bg-gallery-type-default\" data-id=\"832a55d\" data-element_type=\"section\">\n\t\t\t\t\t\t<div class=\"elementor-container elementor-column-gap-no\">\n\t\t\t\t\t\t\t<div class=\"elementor-row\">\n\t\t\t\t\t<div class=\"has_ae_slider elementor-column elementor-col-100 elementor-top-column elementor-element elementor-element-0385aee ae-bg-gallery-type-default\" data-id=\"0385aee\" data-element_type=\"column\">\n\t\t\t<div class=\"elementor-column-wrap elementor-element-populated\">\n\t\t\t\t\t\t\t<div class=\"elementor-widget-wrap\">\n\t\t\t\t\t\t<div class=\"elementor-element elementor-element-99b8415 bdt-image-accordion--skin-default elementor-widget elementor-widget-bdt-image-accordion\" data-id=\"99b8415\" data-element_type=\"widget\" data-widget_type=\"bdt-image-accordion.default\">\n\t\t\t\t<div class=\"elementor-widget-container\">\n\t\t\t\n\t\t<div id=\"bdt-image-accordion-99b8415\" class=\"bdt-image-accordion\" data-settings=\"{&quot;tabs_id&quot;:&quot;bdt-image-accordion-99b8415&quot;,&quot;mouse_event&quot;:&quot;mouseover&quot;}\">\n\t\t\t\n\t\t\t\t<div   class=\"bdt-image-accordion-item\" style=\"background-image: url('https:\/\/lunelli.com.br\/site\/wp-content\/uploads\/2025\/03\/Lunender.jpg');\">\n\n\t\t\t\t\t<div class=\"bdt-image-accordion-content\">\n\t\t\t\t\t\t\t\n\t\t\t\t\t\t\t\n\t\t\t\t\t\t\t\t\t\t\t\t\t<div class=\"bdt-image-accordion-text\">\n\t\t\t\t\t\t\t\t<p style=\"text-align: justify;\"><img loading=\"lazy\" decoding=\"async\" class=\"size-full wp-image-456 aligncenter\" src=\"https:\/\/lunelli.com.br\/site\/wp-content\/uploads\/2021\/05\/Lunender.png\" alt=\"\" width=\"245\" height=\"61\" \/>\nRefer\u00eancia em moda feminina, a\nLunender apresenta, a cada cole\u00e7\u00e3o,\npe\u00e7as criadas para acompanhar as\nmulheres em todas as ocasi\u00f5es do dia a\ndia. Combinando informa\u00e7\u00e3o de moda e\nestilo, a marca aposta em uma moda\ndemocr\u00e1tica, elegante e cheia de\npersonalidade.\nPensada para mulheres reais, a Lunender\ncelebra a autenticidade e o poder\nfeminino, trazendo eleg\u00e2ncia e conforto\nem cada detalhe.<\/p>\n&nbsp;\n<br>\n\n<a class=\"elementor-button-link elementor-button elementor-size-sm\" role=\"button\" href=\"https:\/\/www.lunender.com\/destaques\" target=\"_blank\" rel=\"noopener\"><span class=\"elementor-button-content-wrapper\"> <span class=\"elementor-button-text\">Loja Virtual<\/span><\/span><\/a>\n<br><br>\n<div class=\"elementor-button-wrapper\"><a class=\"elementor-button-link elementor-button elementor-size-sm\" role=\"button\" href=\"\/site\/index.php\/fale-conosco\/#pp-advanced-tabs-title-1254\"><span class=\"elementor-button-content-wrapper\"><span class=\"elementor-button-text\">Seja um Revendedor <\/span><\/span><\/a><\/div>\t\t\t\t\t\t\t<\/div>\n\t\t\t\t\t\t\t\n\t\t\t\t\t\t\t\t\t\t\t<\/div>\n\n\t\t\t\t<\/div>\n\n\t\t\t\n\t\t\t\t<div   class=\"bdt-image-accordion-item\" style=\"background-image: url('https:\/\/lunelli.com.br\/site\/wp-content\/uploads\/2025\/03\/Lunelli-Malhas-1.png');\">\n\n\t\t\t\t\t<div class=\"bdt-image-accordion-content\">\n\t\t\t\t\t\t\t\n\t\t\t\t\t\t\t\n\t\t\t\t\t\t\t\t\t\t\t\t\t<div class=\"bdt-image-accordion-text\">\n\t\t\t\t\t\t\t\t<p style=\"text-align: justify;\"><img loading=\"lazy\" decoding=\"async\" class=\"wp-image-455 size-full aligncenter\" src=\"https:\/\/lunelli.com.br\/site\/wp-content\/uploads\/2021\/05\/Lunelli.png\" alt=\"\" width=\"229\" height=\"57\" \/>\nMarca que tem como foco a\ncomercializa\u00e7\u00e3o de malhas e tecidos\ndiferenciados, estampas e tecidos de\nqualidade \u00edmpar. Possui uma equipe de\nestilo focada em pesquisas para oferecer\nas principais tend\u00eancias em bases, cores e\nestampas. Inspiradora e sustent\u00e1vel, a\nLunelli Malhas e Tecidos surpreende a\ncada lan\u00e7amento, marcando presen\u00e7a nas\nmaiores e melhores cria\u00e7\u00f5es<\/p>\n<br>\n<a class=\"elementor-button-link elementor-button elementor-size-sm\" role=\"button\" href=\"https:\/\/lunellimalhasetecidos.com.br\/?utm_source=site-grupo-lunelli&amp;utm_medium=site&amp;utm_content=marcas&amp;utm_campaign=grupo-lunelli\" target=\"_blank\" rel=\"noopener\"><span class=\"elementor-button-content-wrapper\"> <span class=\"elementor-button-text\">Acesse o site<\/span><\/span><\/a>\t\t\t\t\t\t\t<\/div>\n\t\t\t\t\t\t\t\n\t\t\t\t\t\t\t\t\t\t\t<\/div>\n\n\t\t\t\t<\/div>\n\n\t\t\t\n\t\t\t\t<div   class=\"bdt-image-accordion-item\" style=\"background-image: url('https:\/\/lunelli.com.br\/site\/wp-content\/uploads\/2025\/03\/Lez-a-Lez-1.png');\">\n\n\t\t\t\t\t<div class=\"bdt-image-accordion-content\">\n\t\t\t\t\t\t\t\n\t\t\t\t\t\t\t\n\t\t\t\t\t\t\t\t\t\t\t\t\t<div class=\"bdt-image-accordion-text\">\n\t\t\t\t\t\t\t\t<p style=\"text-align: justify;\"><img loading=\"lazy\" decoding=\"async\" class=\"size-full wp-image-454 aligncenter\" src=\"https:\/\/lunelli.com.br\/site\/wp-content\/uploads\/2021\/05\/Lez-a-Lez.png\" alt=\"\" width=\"281\" height=\"84\" \/>\nA Lez a Lez \u00e9 uma marca de Moda Urban\nBeach para mulheres de esp\u00edrito jovem,\nsofisticadas, modernas e femininas, que\npermite com que elas explorem suas\ndiferentes ocasi\u00f5es de uso, que seja leve e\nequilibrada, mesclando sobriedade de\ntons b\u00e1sicos e estampas aut\u00eanticas, sendo\nnaturalmente sensual.<\/p>\n<br>\n<a class=\"elementor-button-link elementor-button elementor-size-sm\" role=\"button\" href=\"https:\/\/www.lezalez.com\/\" target=\"_blank\" rel=\"noopener\"><span class=\"elementor-button-content-wrapper\"> <span class=\"elementor-button-text\">Loja Virtual<\/span><\/span><\/a>\n<br><br>\n<div class=\"elementor-button-wrapper\"><a class=\"elementor-button-link elementor-button elementor-size-sm\" role=\"button\" href=\"\/site\/index.php\/fale-conosco\/#pp-advanced-tabs-title-1254\"><span class=\"elementor-button-content-wrapper\"><span class=\"elementor-button-text\">Seja um Revendedor<\/span><\/span><\/a><\/div>\t\t\t\t\t\t\t<\/div>\n\t\t\t\t\t\t\t\n\t\t\t\t\t\t\t\t\t\t\t<\/div>\n\n\t\t\t\t<\/div>\n\n\t\t\t\n\t\t\t\t<div   class=\"bdt-image-accordion-item\" style=\"background-image: url('https:\/\/lunelli.com.br\/site\/wp-content\/uploads\/2025\/03\/Alakazoo-1.png');\">\n\n\t\t\t\t\t<div class=\"bdt-image-accordion-content\">\n\t\t\t\t\t\t\t\n\t\t\t\t\t\t\t\n\t\t\t\t\t\t\t\t\t\t\t\t\t<div class=\"bdt-image-accordion-text\">\n\t\t\t\t\t\t\t\t<p style=\"text-align: justify;\"><img loading=\"lazy\" decoding=\"async\" class=\"size-full wp-image-445 aligncenter\" src=\"https:\/\/lunelli.com.br\/site\/wp-content\/uploads\/2021\/05\/Alakazoo.png\" alt=\"\" width=\"296\" height=\"105\" \/>\nA Alakazoo faz moda para transformar a\ninf\u00e2ncia em um mundo m\u00e1gico, unindo\npraticidade, tend\u00eancia e criatividade em\ntudo o que faz, garantindo que as roupas\nsejam encantadoras, mas tamb\u00e9m\nfuncionais e confort\u00e1veis de usar\nAcompanhar as crian\u00e7as em todas as suas\natividades di\u00e1rias faz parte do diferencial\nda Alakazoo. Seja para ir \u00e0 escola, no\npasseio em fam\u00edlia, nos momentos de\nbrincadeiras, e at\u00e9 mesmo na hora de\ndormir ou ir \u00e0 praia<\/p>\n<br>\n<a class=\"elementor-button-link elementor-button elementor-size-sm\" role=\"button\" href=\"https:\/\/store.alakazoo.com.br\/?utm_source=site-grupo-lunelli&amp;utm_medium=site&amp;utm_content=marcas&amp;utm_campaign=grupo-lunelli\" target=\"_blank\" rel=\"noopener\"><span class=\"elementor-button-content-wrapper\"> <span class=\"elementor-button-text\">Loja Virtual<\/span><\/span><\/a>\n<br><br>\n<div><\/div>\n<div class=\"elementor-button-wrapper\"><a class=\"elementor-button-link elementor-button elementor-size-sm\" role=\"button\" href=\"\/site\/index.php\/fale-conosco\/#pp-advanced-tabs-title-1254\"><span class=\"elementor-button-content-wrapper\"><span class=\"elementor-button-text\">Seja um Revendedor<\/span><\/span><\/a><\/div>\t\t\t\t\t\t\t<\/div>\n\t\t\t\t\t\t\t\n\t\t\t\t\t\t\t\t\t\t\t<\/div>\n\n\t\t\t\t<\/div>\n\n\t\t\t\n\t\t\t\t<div   class=\"bdt-image-accordion-item\" style=\"background-image: url('https:\/\/lunelli.com.br\/site\/wp-content\/uploads\/2025\/03\/Hangar33.jpg');\">\n\n\t\t\t\t\t<div class=\"bdt-image-accordion-content\">\n\t\t\t\t\t\t\t\n\t\t\t\t\t\t\t\n\t\t\t\t\t\t\t\t\t\t\t\t\t<div class=\"bdt-image-accordion-text\">\n\t\t\t\t\t\t\t\t<p style=\"text-align: justify;\"><img loading=\"lazy\" decoding=\"async\" class=\"size-medium wp-image-453 aligncenter\" src=\"https:\/\/lunelli.com.br\/site\/wp-content\/uploads\/2021\/05\/Hangar33-h-300x61.png\" alt=\"\" width=\"300\" height=\"61\" srcset=\"https:\/\/lunelli.com.br\/site\/wp-content\/uploads\/2021\/05\/Hangar33-h-300x61.png 300w, https:\/\/lunelli.com.br\/site\/wp-content\/uploads\/2021\/05\/Hangar33-h.png 366w\" sizes=\"auto, (max-width: 300px) 100vw, 300px\" \/>\nA Hangar 33 surgiu da paix\u00e3o pela\navia\u00e7\u00e3o e traz o pensamento de fazer a\nmoda ganhar asas. Assim como o hangar\n\u00e9 um templo de toda aeronave e um\nporto seguro para os aviadores, a marca\nproporciona esse la\u00e7o de amizade e\nentusiasmo entre moda masculina e os\naficionados pelo voo.<\/p>\n<br>\n<a class=\"elementor-button-link elementor-button elementor-size-sm\" role=\"button\" href=\"https:\/\/hangar33.com.br\/?utm_source=site-grupo-lunelli&amp;utm_medium=site&amp;utm_content=marcas&amp;utm_campaign=grupo-lunelli\" target=\"_blank\" rel=\"noopener\"><span class=\"elementor-button-content-wrapper\"> <span class=\"elementor-button-text\">Loja Virtual<\/span><\/span><\/a>\n<br><br>\n<div><\/div>\n<div class=\"elementor-button-wrapper\"><a class=\"elementor-button-link elementor-button elementor-size-sm\" role=\"button\" href=\"\/site\/index.php\/fale-conosco\/#pp-advanced-tabs-title-1254\"><span class=\"elementor-button-content-wrapper\"><span class=\"elementor-button-text\">Seja um Revendedor<\/span><\/span><\/a><\/div>\t\t\t\t\t\t\t<\/div>\n\t\t\t\t\t\t\t\n\t\t\t\t\t\t\t\t\t\t\t<\/div>\n\n\t\t\t\t<\/div>\n\n\t\t\t\n\t\t\t\t<div   class=\"bdt-image-accordion-item\" style=\"background-image: url('https:\/\/lunelli.com.br\/site\/wp-content\/uploads\/2025\/03\/FIco-1.png');\">\n\n\t\t\t\t\t<div class=\"bdt-image-accordion-content\">\n\t\t\t\t\t\t\t\n\t\t\t\t\t\t\t\n\t\t\t\t\t\t\t\t\t\t\t\t\t<div class=\"bdt-image-accordion-text\">\n\t\t\t\t\t\t\t\t<p style=\"text-align: justify;\"><img loading=\"lazy\" decoding=\"async\" class=\"size-full wp-image-446 aligncenter\" src=\"https:\/\/lunelli.com.br\/site\/wp-content\/uploads\/2021\/05\/Fico.png\" alt=\"\" width=\"252\" height=\"76\" \/>\nA Fico Surfwear nasceu da liga\u00e7\u00e3o com o\nmar do litoral de S\u00e3o Paulo. Raphael Levy,\nque passou a adolesc\u00eancia surfando nas\npraias do Guaruj\u00e1, decidiu desenvolver\numa marca que expressasse o seu amor\npelo esporte. Em 1983, ele iniciou\noficialmente a marca, 100% nacional. Em\n2019, a Lunelli adquiriu a marca<\/p>\n<br>\n<a class=\"elementor-button-link elementor-button elementor-size-sm\" role=\"button\" href=\"https:\/\/fico.clothing\/?utm_source=site-grupo-lunelli&amp;utm_medium=site&amp;utm_content=marcas&amp;utm_campaign=grupo-lunelli\" target=\"_blank\" rel=\"noopener\"><span class=\"elementor-button-content-wrapper\"> <span class=\"elementor-button-text\">Loja Virtual<\/span><\/span><\/a>\n<br><br>\n\n<div class=\"elementor-button-wrapper\"><a class=\"elementor-button-link elementor-button elementor-size-sm\" role=\"button\" href=\"\/site\/index.php\/fale-conosco\/#pp-advanced-tabs-title-1254\"><span class=\"elementor-button-content-wrapper\"><span class=\"elementor-button-text\">Seja um Revendedor<\/span><\/span><\/a><\/div>\t\t\t\t\t\t\t<\/div>\n\t\t\t\t\t\t\t\n\t\t\t\t\t\t\t\t\t\t\t<\/div>\n\n\t\t\t\t<\/div>\n\n\t\t\t\n\t\t\t\t<div   class=\"bdt-image-accordion-item\" style=\"background-image: url('https:\/\/lunelli.com.br\/site\/wp-content\/uploads\/2025\/03\/Vila-Flor-1.png');\">\n\n\t\t\t\t\t<div class=\"bdt-image-accordion-content\">\n\t\t\t\t\t\t\t\n\t\t\t\t\t\t\t\n\t\t\t\t\t\t\t\t\t\t\t\t\t<div class=\"bdt-image-accordion-text\">\n\t\t\t\t\t\t\t\t<img loading=\"lazy\" decoding=\"async\" class=\"wp-image-5520 aligncenter\" src=\"https:\/\/lunelli.com.br\/site\/wp-content\/uploads\/2025\/03\/Icone_Vila_Flor-300x112.png\" alt=\"\" width=\"180\" height=\"67\" data-wp-editing=\"1\" srcset=\"https:\/\/lunelli.com.br\/site\/wp-content\/uploads\/2025\/03\/Icone_Vila_Flor-300x112.png 300w, https:\/\/lunelli.com.br\/site\/wp-content\/uploads\/2025\/03\/Icone_Vila_Flor.png 430w\" sizes=\"auto, (max-width: 180px) 100vw, 180px\" \/>\n<p style=\"text-align: justify;\">Aut\u00eantica e cheia de cor, a Vila Flor nasceu com o prop\u00f3sito de fazer moda de forma sustent\u00e1vel e democr\u00e1tica. Nosso conceito \u00e9, a partir de\u00a0 excedentes de malhas e\u00a0 tecidos, desenvolver de\u00a0 forma sustent\u00e1vel produtos\u00a0 que abra\u00e7am as caracter\u00edsticas de cada\u00a0 corpo, manequim e estilo.\u00a0 Al\u00e9m disso, as modelagens\u00a0 atendem as diversas ocasi\u00f5es e atividades do dia a dia. Acreditamos que a\u00a0 moda serve para expressar personalidade, que precisa\u00a0 ser f\u00e1cil, leve e para todas.<\/p>\n<br>\n<div class=\"elementor-button-wrapper\"><a class=\"elementor-button-link elementor-button elementor-size-sm\" role=\"button\" href=\"https:\/\/vilaflor.com.br\"><span class=\"elementor-button-content-wrapper\"><span class=\"elementor-button-text\">Acesse nosso site<\/span><\/span><\/a><\/div>\t\t\t\t\t\t\t<\/div>\n\t\t\t\t\t\t\t\n\t\t\t\t\t\t\t\t\t\t\t<\/div>\n\n\t\t\t\t<\/div>\n\n\t\t\t\t\t<\/div>\n\n\t\t\t\t<\/div>\n\t\t\t\t<\/div>\n\t\t\t\t<div class=\"elementor-element elementor-element-fd664ab elementor-widget elementor-widget-html\" data-id=\"fd664ab\" data-element_type=\"widget\" data-widget_type=\"html.default\">\n\t\t\t\t<div class=\"elementor-widget-container\">\n\t\t\t<script>\nfunction getSearchParams(k){\n var p={};\n location.search.replace(\/[?&]+([^=&]+)=([^&]*)\/gi,function(s,k,v){p[k]=v})\n return k?p[k]:p;\n}\njQuery( document ).ready(function() {\n    var id = getSearchParams(\"id\");\n    jQuery(\".bdt-image-accordion-item\").eq(id).addClass('active');\n});\n    \n<\/script>\t\t<\/div>\n\t\t\t\t<\/div>\n\t\t\t\t\t\t<\/div>\n\t\t\t\t\t<\/div>\n\t\t<\/div>\n\t\t\t\t\t\t\t\t<\/div>\n\t\t\t\t\t<\/div>\n\t\t<\/section>\n\t\t\t\t<section class=\"has_ae_slider elementor-section elementor-top-section elementor-element elementor-element-50666ee elementor-section-full_width elementor-hidden-desktop elementor-hidden-tablet elementor-hidden-phone elementor-section-height-default elementor-section-height-default ae-bg-gallery-type-default\" data-id=\"50666ee\" data-element_type=\"section\">\n\t\t\t\t\t\t<div class=\"elementor-container elementor-column-gap-no\">\n\t\t\t\t\t\t\t<div class=\"elementor-row\">\n\t\t\t\t\t<div class=\"has_ae_slider elementor-column elementor-col-100 elementor-top-column elementor-element elementor-element-f9e5b6e ae-bg-gallery-type-default\" data-id=\"f9e5b6e\" data-element_type=\"column\">\n\t\t\t<div class=\"elementor-column-wrap elementor-element-populated\">\n\t\t\t\t\t\t\t<div class=\"elementor-widget-wrap\">\n\t\t\t\t\t\t<div class=\"elementor-element elementor-element-ce325c7 elementor-widget elementor-widget-jet-image-accordion\" data-id=\"ce325c7\" data-element_type=\"widget\" data-widget_type=\"jet-image-accordion.default\">\n\t\t\t\t<div class=\"elementor-widget-container\">\n\t\t\t<div class=\"elementor-jet-image-accordion jet-tabs-addons\"><div class=\"jet-image-accordion jet-image-accordion-vertical-orientation jet-image-accordion-sine-ease\" data-settings=\"{&quot;orientation&quot;:&quot;vertical&quot;,&quot;activeSize&quot;:{&quot;unit&quot;:&quot;%&quot;,&quot;size&quot;:20,&quot;sizes&quot;:[]},&quot;duration&quot;:500,&quot;activeItem&quot;:-1}\">\n\t<div class=\"jet-image-accordion__list\">\n<div class=\"jet-image-accordion__item\">\n<img decoding=\"async\" class=\"jet-image-accordion__image-instance\" src=\"https:\/\/lunelli.com.br\/site\/wp-content\/uploads\/2021\/05\/foto_lunender.jpg\" alt=\"foto_lunender\">\t<div class=\"jet-image-accordion__content\"><div class=\"jet-image-accordion__desc\">Refer\u00eancia em moda feminina, a Lunender desenvolve pe\u00e7as descomplicadas, que refor\u00e7am o conceito de moda sem esfor\u00e7o e valorizam o visual moderno. Suas linhas de produtos atendem os mais distintos p\u00fablicos e revelam que um estilo surpreendente, elegante e inspirador pode, sim, ser muito confort\u00e1vel.<\/div><a class=\"elementor-button elementor-size-md jet-image-accordion__button\" href=\"#\">More<\/a><\/div>\n\t<div class=\"jet-image-accordion__item-loader\"><span><\/span><\/div>\n<\/div>\n<div class=\"jet-image-accordion__item\">\n<img decoding=\"async\" class=\"jet-image-accordion__image-instance\" src=\"https:\/\/lunelli.com.br\/site\/wp-content\/uploads\/2021\/05\/foto_lunelli.jpg\" alt=\"foto_lunelli\">\t<div class=\"jet-image-accordion__content\"><div class=\"jet-image-accordion__desc\">Malhas diferenciadas, estampas marcantes e acabamentos especiais conferem aos tecidos da marca credibilidade e reconhecimento no mercado da moda. Inovadora e sustent\u00e1vel, a Lunelli apresenta cole\u00e7\u00f5es que surpreendem a cada lan\u00e7amento, com cria\u00e7\u00f5es inspiradoras.<\/div><a class=\"elementor-button elementor-size-md jet-image-accordion__button\" href=\"#\">More<\/a><\/div>\n\t<div class=\"jet-image-accordion__item-loader\"><span><\/span><\/div>\n<\/div>\n<div class=\"jet-image-accordion__item\">\n<img decoding=\"async\" class=\"jet-image-accordion__image-instance\" src=\"https:\/\/lunelli.com.br\/site\/wp-content\/uploads\/2021\/05\/foto_lezalez.jpg\" alt=\"foto_lezalez\">\t<div class=\"jet-image-accordion__content\"><div class=\"jet-image-accordion__desc\">Malhas diferenciadas, estampas marcantes e acabamentos especiais conferem aos tecidos da marca credibilidade e reconhecimento no mercado da moda. Inovadora e sustent\u00e1vel, a Lunelli apresenta cole\u00e7\u00f5es que surpreendem a cada lan\u00e7amento, com cria\u00e7\u00f5es inspiradoras.<\/div><a class=\"elementor-button elementor-size-md jet-image-accordion__button\" href=\"#\">More<\/a><\/div>\n\t<div class=\"jet-image-accordion__item-loader\"><span><\/span><\/div>\n<\/div>\n<div class=\"jet-image-accordion__item\">\n<img decoding=\"async\" class=\"jet-image-accordion__image-instance\" src=\"https:\/\/lunelli.com.br\/site\/wp-content\/uploads\/2021\/05\/foto_alakazoo.jpg\" alt=\"foto_alakazoo\">\t<div class=\"jet-image-accordion__content\"><div class=\"jet-image-accordion__desc\">Transforma a inf\u00e2ncia em um mundo m\u00e1gico! Cada detalhe remete \u00e0 beleza e fantasia do universo infantil. A Alakazoo incentiva a imagina\u00e7\u00e3o, a criatividade e mostra que todas as pessoas s\u00e3o capazes de realizar pequenas m\u00e1gicas para tornar nosso mundo um lugar melhor.<\/div><a class=\"elementor-button elementor-size-md jet-image-accordion__button\" href=\"#\">More<\/a><\/div>\n\t<div class=\"jet-image-accordion__item-loader\"><span><\/span><\/div>\n<\/div>\n<div class=\"jet-image-accordion__item\">\n<img decoding=\"async\" class=\"jet-image-accordion__image-instance\" src=\"https:\/\/lunelli.com.br\/site\/wp-content\/uploads\/2021\/05\/foto_hangar.jpg\" alt=\"foto_hangar\">\t<div class=\"jet-image-accordion__content\"><div class=\"jet-image-accordion__desc\">Nascida da paix\u00e3o pela avia\u00e7\u00e3o, a Hangar 33 tem a proposta de fazer a moda ganhar asas. O hangar \u00e9 um templo para toda aeronave e um porto seguro para os aviadores. Do mesmo modo, a marca proporciona um la\u00e7o de amizade e entusiasmo entre moda masculina e os aficionados por voo.<\/div><a class=\"elementor-button elementor-size-md jet-image-accordion__button\" href=\"#\">More<\/a><\/div>\n\t<div class=\"jet-image-accordion__item-loader\"><span><\/span><\/div>\n<\/div>\n<div class=\"jet-image-accordion__item\">\n<img decoding=\"async\" class=\"jet-image-accordion__image-instance\" src=\"https:\/\/lunelli.com.br\/site\/wp-content\/uploads\/2021\/05\/foto_fico.jpg\" alt=\"foto_fico\">\t<div class=\"jet-image-accordion__content\"><div class=\"jet-image-accordion__desc\">A marca que nasceu do amor pelo mar do litoral de S\u00e3o Paulo. Raphael Levy passou a adolesc\u00eancia surfando nas praias do Guaruj\u00e1, e foi essa liga\u00e7\u00e3o que lhe trouxe inspira\u00e7\u00e3o para a cria\u00e7\u00e3o da Fico, que expressa seu amor pelo esporte. Em 1983 ele iniciou oficialmente a empresa 100% nacional, que produz atualmente mais de 350 pe\u00e7as com estilos dentro e fora d\u2019\u00e1gua.<\/div><a class=\"elementor-button elementor-size-md jet-image-accordion__button\" href=\"#\">More<\/a><\/div>\n\t<div class=\"jet-image-accordion__item-loader\"><span><\/span><\/div>\n<\/div>\n<\/div>\n<\/div>\n<\/div>\t\t<\/div>\n\t\t\t\t<\/div>\n\t\t\t\t\t\t<\/div>\n\t\t\t\t\t<\/div>\n\t\t<\/div>\n\t\t\t\t\t\t\t\t<\/div>\n\t\t\t\t\t<\/div>\n\t\t<\/section>\n\t\t\t\t\t\t<\/div>\n\t\t\t\t\t\t<\/div>\n\t\t\t\t\t<\/div>\n\t\t","protected":false},"excerpt":{"rendered":"<p>As Marcas Fundada em 1981, a Lunelli faz a gest\u00e3o de grandes marcas: na Lunelli Malhas e Tecidos, levamos solu\u00e7\u00f5es para confec\u00e7\u00f5es a grandes varejistas nacionais. Com as marcas Lunender, Lez a Lez, Alakazoo, Hangar 33, Fico e Vila Flor, nos conectamos com uma ampla rede de empreendedores varejistas multimarcas e franquias, em diversas cidades [&hellip;]<\/p>\n","protected":false},"author":2,"featured_media":0,"parent":0,"menu_order":0,"comment_status":"closed","ping_status":"closed","template":"elementor_header_footer","meta":{"footnotes":""},"class_list":["post-43","page","type-page","status-publish","hentry","entry"],"_links":{"self":[{"href":"https:\/\/lunelli.com.br\/site\/index.php\/wp-json\/wp\/v2\/pages\/43","targetHints":{"allow":["GET"]}}],"collection":[{"href":"https:\/\/lunelli.com.br\/site\/index.php\/wp-json\/wp\/v2\/pages"}],"about":[{"href":"https:\/\/lunelli.com.br\/site\/index.php\/wp-json\/wp\/v2\/types\/page"}],"author":[{"embeddable":true,"href":"https:\/\/lunelli.com.br\/site\/index.php\/wp-json\/wp\/v2\/users\/2"}],"replies":[{"embeddable":true,"href":"https:\/\/lunelli.com.br\/site\/index.php\/wp-json\/wp\/v2\/comments?post=43"}],"version-history":[{"count":0,"href":"https:\/\/lunelli.com.br\/site\/index.php\/wp-json\/wp\/v2\/pages\/43\/revisions"}],"wp:attachment":[{"href":"https:\/\/lunelli.com.br\/site\/index.php\/wp-json\/wp\/v2\/media?parent=43"}],"curies":[{"name":"wp","href":"https:\/\/api.w.org\/{rel}","templated":true}]}}