{"id":4691,"date":"2023-02-22T13:16:19","date_gmt":"2023-02-22T16:16:19","guid":{"rendered":"https:\/\/lunelli.com.br\/site\/?page_id=4691"},"modified":"2024-05-03T10:29:11","modified_gmt":"2024-05-03T13:29:11","slug":"codigo-de-conduta","status":"publish","type":"page","link":"https:\/\/lunelli.com.br\/site\/index.php\/codigo-de-conduta\/","title":{"rendered":"C\u00f3digo de Conduta"},"content":{"rendered":"\t\t<div data-elementor-type=\"wp-page\" data-elementor-id=\"4691\" data-post-id=\"4691\" data-obj-id=\"4691\" class=\"elementor elementor-4691 dce-elementor-post-4691\" data-elementor-settings=\"[]\">\n\t\t\t\t\t\t<div class=\"elementor-inner\">\n\t\t\t\t\t\t\t<div class=\"elementor-section-wrap\">\n\t\t\t\t\t\t\t<section class=\"has_ae_slider elementor-section elementor-top-section elementor-element elementor-element-a2dce6f elementor-section-boxed elementor-section-height-default elementor-section-height-default ae-bg-gallery-type-default\" data-id=\"a2dce6f\" data-element_type=\"section\">\n\t\t\t\t\t\t<div class=\"elementor-container elementor-column-gap-default\">\n\t\t\t\t\t\t\t<div class=\"elementor-row\">\n\t\t\t\t\t<div class=\"has_ae_slider elementor-column elementor-col-100 elementor-top-column elementor-element elementor-element-7c91b19 ae-bg-gallery-type-default\" data-id=\"7c91b19\" data-element_type=\"column\">\n\t\t\t<div class=\"elementor-column-wrap elementor-element-populated\">\n\t\t\t\t\t\t\t<div class=\"elementor-widget-wrap\">\n\t\t\t\t\t\t<div class=\"elementor-element elementor-element-ad1dc40 elementor-widget elementor-widget-text-editor\" data-id=\"ad1dc40\" data-element_type=\"widget\" data-widget_type=\"text-editor.default\">\n\t\t\t\t<div class=\"elementor-widget-container\">\n\t\t\t\t\t\t\t\t<div class=\"elementor-text-editor elementor-clearfix\">\n\t\t\t\t<p><span style=\"font-weight: 400;\">O C\u00f3digo de Conduta da Lunelli foi elaborado com base na nossa ideologia, valores e princ\u00edpios. O documento norteia nossa conduta profissional, estabelece as normas e atitudes consideradas adequadas para a promo\u00e7\u00e3o de um excelente lugar para se trabalhar.<\/span><\/p><p><span style=\"font-weight: 400;\">Organizado em tr\u00eas temas principais &#8211; Meio Ambiente, Social e Governan\u00e7a \u2013 o C\u00f3digo de Conduta reflete os tr\u00eas pilares do termo \u201cESG\u201d, fundamentais para a sustentabilidade do nosso neg\u00f3cio. Al\u00e9m dessa estrutura, o documento tamb\u00e9m apresenta quais Objetivos do Desenvolvimento Sustent\u00e1vel (ODS) da ONU est\u00e3o vinculados com cada tema.<\/span><\/p><p><span style=\"font-weight: 400;\">\u00a0<\/span><span style=\"font-size: 16px; font-weight: 400; color: var( --e-global-color-text );\">Acreditamos que somos todos respons\u00e1veis por manter os padr\u00f5es e aprimorar nossos processos, visando por um neg\u00f3cio mais sustent\u00e1vel e \u00e9tico para as pessoas e para o planeta.<\/span><\/p><p><span style=\"font-weight: 400;\">\u00a0<\/span><span style=\"font-size: 16px; font-weight: 400; color: var( --e-global-color-text );\">O documento orienta e contribui para o suporte da nossa cultura organizacional, devendo ser observado e incorporado por nossos colaboradores no dia a dia e nos relacionamentos com todas as pessoas e institui\u00e7\u00f5es.<\/span><\/p><p><span style=\"font-weight: 400;\">\u00a0<\/span><\/p>\t\t\t\t\t<\/div>\n\t\t\t\t\t\t<\/div>\n\t\t\t\t<\/div>\n\t\t\t\t\t\t<\/div>\n\t\t\t\t\t<\/div>\n\t\t<\/div>\n\t\t\t\t\t\t\t\t<\/div>\n\t\t\t\t\t<\/div>\n\t\t<\/section>\n\t\t\t\t<section class=\"has_ae_slider elementor-section elementor-top-section elementor-element elementor-element-4753ccd elementor-section-boxed elementor-section-height-default elementor-section-height-default ae-bg-gallery-type-default\" data-id=\"4753ccd\" data-element_type=\"section\">\n\t\t\t\t\t\t<div class=\"elementor-container elementor-column-gap-default\">\n\t\t\t\t\t\t\t<div class=\"elementor-row\">\n\t\t\t\t\t<div class=\"has_ae_slider elementor-column elementor-col-50 elementor-top-column elementor-element elementor-element-7b5fb81 ae-bg-gallery-type-default\" data-id=\"7b5fb81\" data-element_type=\"column\">\n\t\t\t<div class=\"elementor-column-wrap elementor-element-populated\">\n\t\t\t\t\t\t\t<div class=\"elementor-widget-wrap\">\n\t\t\t\t\t\t<div class=\"elementor-element elementor-element-1a5e08b elementor-widget elementor-widget-image\" data-id=\"1a5e08b\" data-element_type=\"widget\" data-widget_type=\"image.default\">\n\t\t\t\t<div class=\"elementor-widget-container\">\n\t\t\t\t\t\t\t\t<div class=\"elementor-image\">\n\t\t\t\t\t\t\t\t\t<figure class=\"wp-caption\">\n\t\t\t\t\t\t\t\t\t\t\t<a href=\"https:\/\/lunelli.com.br\/site\/wp-content\/uploads\/2024\/04\/Codigo-de-Conduta-Colaboradores-Portugues-capa.jpg\" data-elementor-open-lightbox=\"yes\" data-elementor-lightbox-title=\"C\u00f3digo de Conduta Colaboradores - Portugu\u00eas (capa)\">\n\t\t\t\t\t\t\t<img loading=\"lazy\" decoding=\"async\" width=\"211\" height=\"300\" src=\"https:\/\/lunelli.com.br\/site\/wp-content\/uploads\/2024\/04\/Codigo-de-Conduta-Colaboradores-Portugues-capa-211x300.jpg\" class=\"attachment-medium size-medium\" alt=\"\" srcset=\"https:\/\/lunelli.com.br\/site\/wp-content\/uploads\/2024\/04\/Codigo-de-Conduta-Colaboradores-Portugues-capa-211x300.jpg 211w, https:\/\/lunelli.com.br\/site\/wp-content\/uploads\/2024\/04\/Codigo-de-Conduta-Colaboradores-Portugues-capa-722x1024.jpg 722w, https:\/\/lunelli.com.br\/site\/wp-content\/uploads\/2024\/04\/Codigo-de-Conduta-Colaboradores-Portugues-capa-768x1089.jpg 768w, https:\/\/lunelli.com.br\/site\/wp-content\/uploads\/2024\/04\/Codigo-de-Conduta-Colaboradores-Portugues-capa-1083x1536.jpg 1083w, https:\/\/lunelli.com.br\/site\/wp-content\/uploads\/2024\/04\/Codigo-de-Conduta-Colaboradores-Portugues-capa-1444x2048.jpg 1444w, https:\/\/lunelli.com.br\/site\/wp-content\/uploads\/2024\/04\/Codigo-de-Conduta-Colaboradores-Portugues-capa.jpg 1749w\" sizes=\"auto, (max-width: 211px) 100vw, 211px\" \/>\t\t\t\t\t\t\t\t<\/a>\n\t\t\t\t\t\t\t\t\t\t\t<figcaption class=\"widget-image-caption wp-caption-text\"><\/figcaption>\n\t\t\t\t\t\t\t\t\t\t<\/figure>\n\t\t\t\t\t\t\t\t<\/div>\n\t\t\t\t\t\t<\/div>\n\t\t\t\t<\/div>\n\t\t\t\t\t\t<\/div>\n\t\t\t\t\t<\/div>\n\t\t<\/div>\n\t\t\t\t<div class=\"has_ae_slider elementor-column elementor-col-50 elementor-top-column elementor-element elementor-element-01a3eb3 ae-bg-gallery-type-default\" data-id=\"01a3eb3\" data-element_type=\"column\">\n\t\t\t<div class=\"elementor-column-wrap elementor-element-populated\">\n\t\t\t\t\t\t\t<div class=\"elementor-widget-wrap\">\n\t\t\t\t\t\t<div class=\"elementor-element elementor-element-b5d4b09 elementor-align-center elementor-widget elementor-widget-button\" data-id=\"b5d4b09\" data-element_type=\"widget\" data-widget_type=\"button.default\">\n\t\t\t\t<div class=\"elementor-widget-container\">\n\t\t\t\t\t<div class=\"elementor-button-wrapper\">\n\t\t\t<a href=\"https:\/\/lunelli.com.br\/site\/wp-content\/uploads\/2024\/05\/Codigo-de-Conduta-Colaboradores-Portugues.pdf\" class=\"elementor-button-link elementor-button elementor-size-sm\" role=\"button\">\n\t\t\t\t\t\t<span class=\"elementor-button-content-wrapper\">\n\t\t\t\t\t\t<span class=\"elementor-button-text\">C\u00f3digo de Conduta de Colaboradores<\/span>\n\t\t<\/span>\n\t\t\t\t\t<\/a>\n\t\t<\/div>\n\t\t\t\t<\/div>\n\t\t\t\t<\/div>\n\t\t\t\t\t\t<\/div>\n\t\t\t\t\t<\/div>\n\t\t<\/div>\n\t\t\t\t\t\t\t\t<\/div>\n\t\t\t\t\t<\/div>\n\t\t<\/section>\n\t\t\t\t<section class=\"has_ae_slider elementor-section elementor-top-section elementor-element elementor-element-dac3044 elementor-section-boxed elementor-section-height-default elementor-section-height-default ae-bg-gallery-type-default\" data-id=\"dac3044\" data-element_type=\"section\">\n\t\t\t\t\t\t<div class=\"elementor-container elementor-column-gap-default\">\n\t\t\t\t\t\t\t<div class=\"elementor-row\">\n\t\t\t\t\t<div class=\"has_ae_slider elementor-column elementor-col-100 elementor-top-column elementor-element elementor-element-8407ffd ae-bg-gallery-type-default\" data-id=\"8407ffd\" data-element_type=\"column\">\n\t\t\t<div class=\"elementor-column-wrap elementor-element-populated\">\n\t\t\t\t\t\t\t<div class=\"elementor-widget-wrap\">\n\t\t\t\t\t\t<div class=\"elementor-element elementor-element-70b5249 elementor-widget elementor-widget-text-editor\" data-id=\"70b5249\" data-element_type=\"widget\" data-widget_type=\"text-editor.default\">\n\t\t\t\t<div class=\"elementor-widget-container\">\n\t\t\t\t\t\t\t\t<div class=\"elementor-text-editor elementor-clearfix\">\n\t\t\t\t<span style=\"font-weight: 400;\">Para ampliar nosso impacto positivo na cadeia de valor, tamb\u00e9m desenvolvemos o C\u00f3digo de Conduta para Fornecedores e Parceiros. Recomendamos que nossos fornecedores, prestadores de servi\u00e7os, terceiros e parceiros em geral utilizem sua pr\u00f3pria rede de fornecimento para difundir e consolidar os requisitos, par\u00e2metros e boas pr\u00e1ticas descritos neste C\u00f3digo de Conduta, a fim de ampliar seu alcance. A Lunelli tamb\u00e9m incentiva seus fornecedores a promoverem dentro de sua pr\u00f3pria rede de fornecimento a ado\u00e7\u00e3o de um c\u00f3digo de conduta..<\/span>\t\t\t\t\t<\/div>\n\t\t\t\t\t\t<\/div>\n\t\t\t\t<\/div>\n\t\t\t\t\t\t<\/div>\n\t\t\t\t\t<\/div>\n\t\t<\/div>\n\t\t\t\t\t\t\t\t<\/div>\n\t\t\t\t\t<\/div>\n\t\t<\/section>\n\t\t\t\t<section class=\"has_ae_slider elementor-section elementor-top-section elementor-element elementor-element-945e5aa elementor-section-boxed elementor-section-height-default elementor-section-height-default ae-bg-gallery-type-default\" data-id=\"945e5aa\" data-element_type=\"section\">\n\t\t\t\t\t\t<div class=\"elementor-container elementor-column-gap-default\">\n\t\t\t\t\t\t\t<div class=\"elementor-row\">\n\t\t\t\t\t<div class=\"has_ae_slider elementor-column elementor-col-50 elementor-top-column elementor-element elementor-element-b046565 ae-bg-gallery-type-default\" data-id=\"b046565\" data-element_type=\"column\">\n\t\t\t<div class=\"elementor-column-wrap elementor-element-populated\">\n\t\t\t\t\t\t\t<div class=\"elementor-widget-wrap\">\n\t\t\t\t\t\t<div class=\"elementor-element elementor-element-73bda0a elementor-widget elementor-widget-image\" data-id=\"73bda0a\" data-element_type=\"widget\" data-widget_type=\"image.default\">\n\t\t\t\t<div class=\"elementor-widget-container\">\n\t\t\t\t\t\t\t\t<div class=\"elementor-image\">\n\t\t\t\t\t\t\t\t\t<figure class=\"wp-caption\">\n\t\t\t\t\t\t\t\t\t\t\t<a href=\"https:\/\/lunelli.com.br\/site\/wp-content\/uploads\/2024\/04\/Codigo-de-Conduta-de-Fornecedores-Portugues-capa.jpg\" data-elementor-open-lightbox=\"yes\" data-elementor-lightbox-title=\"C\u00f3digo de Conduta de Fornecedores - Portugu\u00eas (capa)\">\n\t\t\t\t\t\t\t<img loading=\"lazy\" decoding=\"async\" width=\"211\" height=\"300\" src=\"https:\/\/lunelli.com.br\/site\/wp-content\/uploads\/2024\/04\/Codigo-de-Conduta-de-Fornecedores-Portugues-capa-211x300.jpg\" class=\"attachment-medium size-medium\" alt=\"\" srcset=\"https:\/\/lunelli.com.br\/site\/wp-content\/uploads\/2024\/04\/Codigo-de-Conduta-de-Fornecedores-Portugues-capa-211x300.jpg 211w, https:\/\/lunelli.com.br\/site\/wp-content\/uploads\/2024\/04\/Codigo-de-Conduta-de-Fornecedores-Portugues-capa-722x1024.jpg 722w, https:\/\/lunelli.com.br\/site\/wp-content\/uploads\/2024\/04\/Codigo-de-Conduta-de-Fornecedores-Portugues-capa-768x1089.jpg 768w, https:\/\/lunelli.com.br\/site\/wp-content\/uploads\/2024\/04\/Codigo-de-Conduta-de-Fornecedores-Portugues-capa-1083x1536.jpg 1083w, https:\/\/lunelli.com.br\/site\/wp-content\/uploads\/2024\/04\/Codigo-de-Conduta-de-Fornecedores-Portugues-capa-1444x2048.jpg 1444w, https:\/\/lunelli.com.br\/site\/wp-content\/uploads\/2024\/04\/Codigo-de-Conduta-de-Fornecedores-Portugues-capa.jpg 1749w\" sizes=\"auto, (max-width: 211px) 100vw, 211px\" \/>\t\t\t\t\t\t\t\t<\/a>\n\t\t\t\t\t\t\t\t\t\t\t<figcaption class=\"widget-image-caption wp-caption-text\"><\/figcaption>\n\t\t\t\t\t\t\t\t\t\t<\/figure>\n\t\t\t\t\t\t\t\t<\/div>\n\t\t\t\t\t\t<\/div>\n\t\t\t\t<\/div>\n\t\t\t\t\t\t<\/div>\n\t\t\t\t\t<\/div>\n\t\t<\/div>\n\t\t\t\t<div class=\"has_ae_slider elementor-column elementor-col-50 elementor-top-column elementor-element elementor-element-9b6866b ae-bg-gallery-type-default\" data-id=\"9b6866b\" data-element_type=\"column\">\n\t\t\t<div class=\"elementor-column-wrap elementor-element-populated\">\n\t\t\t\t\t\t\t<div class=\"elementor-widget-wrap\">\n\t\t\t\t\t\t<div class=\"elementor-element elementor-element-096225c elementor-align-center elementor-widget elementor-widget-button\" data-id=\"096225c\" data-element_type=\"widget\" data-widget_type=\"button.default\">\n\t\t\t\t<div class=\"elementor-widget-container\">\n\t\t\t\t\t<div class=\"elementor-button-wrapper\">\n\t\t\t<a href=\"https:\/\/lunelli.com.br\/site\/wp-content\/uploads\/2024\/05\/Codigo-de-Conduta-de-Fornecedores-Portugues.pdf?utm_forn=pt\" class=\"elementor-button-link elementor-button elementor-size-sm\" role=\"button\">\n\t\t\t\t\t\t<span class=\"elementor-button-content-wrapper\">\n\t\t\t\t\t\t<span class=\"elementor-button-text\">C\u00f3digo de Conduta de Fornecedores e Parceiros<\/span>\n\t\t<\/span>\n\t\t\t\t\t<\/a>\n\t\t<\/div>\n\t\t\t\t<\/div>\n\t\t\t\t<\/div>\n\t\t\t\t\t\t<\/div>\n\t\t\t\t\t<\/div>\n\t\t<\/div>\n\t\t\t\t\t\t\t\t<\/div>\n\t\t\t\t\t<\/div>\n\t\t<\/section>\n\t\t\t\t<section class=\"has_ae_slider elementor-section elementor-top-section elementor-element elementor-element-2f83e3f elementor-section-boxed elementor-section-height-default elementor-section-height-default ae-bg-gallery-type-default\" data-id=\"2f83e3f\" data-element_type=\"section\">\n\t\t\t\t\t\t<div class=\"elementor-container elementor-column-gap-default\">\n\t\t\t\t\t\t\t<div class=\"elementor-row\">\n\t\t\t\t\t<div class=\"has_ae_slider elementor-column elementor-col-100 elementor-top-column elementor-element elementor-element-dad17a3 ae-bg-gallery-type-default\" data-id=\"dad17a3\" data-element_type=\"column\">\n\t\t\t<div class=\"elementor-column-wrap elementor-element-populated\">\n\t\t\t\t\t\t\t<div class=\"elementor-widget-wrap\">\n\t\t\t\t\t\t<div class=\"elementor-element elementor-element-b5f6562 elementor-widget elementor-widget-text-editor\" data-id=\"b5f6562\" data-element_type=\"widget\" data-widget_type=\"text-editor.default\">\n\t\t\t\t<div class=\"elementor-widget-container\">\n\t\t\t\t\t\t\t\t<div class=\"elementor-text-editor elementor-clearfix\">\n\t\t\t\t<span style=\"font-weight: 400;\">Desejamos orientar pelos bons exemplos. Junto com nossos colaboradores, representantes, clientes, franqueados, fornecedores e todas as partes interessadas, temos capacidade de sermos protagonistas e transformar o mundo ao nosso redor.\n<\/span>\n<br><br>\n<span style=\"font-weight: 400;\">Contamos com voc\u00ea para continuarmos gerando mudan\u00e7as positivas no mundo e criando moda que leve significado para a vida de quem escolhe vesti-la.\n<\/span>\t\t\t\t\t<\/div>\n\t\t\t\t\t\t<\/div>\n\t\t\t\t<\/div>\n\t\t\t\t\t\t<\/div>\n\t\t\t\t\t<\/div>\n\t\t<\/div>\n\t\t\t\t\t\t\t\t<\/div>\n\t\t\t\t\t<\/div>\n\t\t<\/section>\n\t\t\t\t\t\t<\/div>\n\t\t\t\t\t\t<\/div>\n\t\t\t\t\t<\/div>\n\t\t","protected":false},"excerpt":{"rendered":"<p>O C\u00f3digo de Conduta da Lunelli foi elaborado com base na nossa ideologia, valores e princ\u00edpios. O documento norteia nossa conduta profissional, estabelece as normas e atitudes consideradas adequadas para a promo\u00e7\u00e3o de um excelente lugar para se trabalhar. Organizado em tr\u00eas temas principais &#8211; Meio Ambiente, Social e Governan\u00e7a \u2013 o C\u00f3digo de Conduta [&hellip;]<\/p>\n","protected":false},"author":6,"featured_media":0,"parent":0,"menu_order":0,"comment_status":"closed","ping_status":"closed","template":"","meta":{"footnotes":""},"class_list":["post-4691","page","type-page","status-publish","hentry","entry"],"_links":{"self":[{"href":"https:\/\/lunelli.com.br\/site\/index.php\/wp-json\/wp\/v2\/pages\/4691","targetHints":{"allow":["GET"]}}],"collection":[{"href":"https:\/\/lunelli.com.br\/site\/index.php\/wp-json\/wp\/v2\/pages"}],"about":[{"href":"https:\/\/lunelli.com.br\/site\/index.php\/wp-json\/wp\/v2\/types\/page"}],"author":[{"embeddable":true,"href":"https:\/\/lunelli.com.br\/site\/index.php\/wp-json\/wp\/v2\/users\/6"}],"replies":[{"embeddable":true,"href":"https:\/\/lunelli.com.br\/site\/index.php\/wp-json\/wp\/v2\/comments?post=4691"}],"version-history":[{"count":0,"href":"https:\/\/lunelli.com.br\/site\/index.php\/wp-json\/wp\/v2\/pages\/4691\/revisions"}],"wp:attachment":[{"href":"https:\/\/lunelli.com.br\/site\/index.php\/wp-json\/wp\/v2\/media?parent=4691"}],"curies":[{"name":"wp","href":"https:\/\/api.w.org\/{rel}","templated":true}]}}