{"id":47,"date":"2021-05-25T11:49:30","date_gmt":"2021-05-25T14:49:30","guid":{"rendered":"https:\/\/lunelli.com.br\/site\/?page_id=47"},"modified":"2023-05-22T14:08:50","modified_gmt":"2023-05-22T17:08:50","slug":"noticias","status":"publish","type":"page","link":"https:\/\/lunelli.com.br\/site\/index.php\/noticias\/","title":{"rendered":"Not\u00edcias"},"content":{"rendered":"\t\t<div data-elementor-type=\"wp-page\" data-elementor-id=\"47\" data-post-id=\"5223\" data-obj-id=\"5223\" class=\"elementor elementor-47 dce-elementor-post-5223\" data-elementor-settings=\"[]\">\n\t\t\t\t\t\t<div class=\"elementor-inner\">\n\t\t\t\t\t\t\t<div class=\"elementor-section-wrap\">\n\t\t\t\t\t\t\t<section class=\"has_ae_slider elementor-section elementor-top-section elementor-element elementor-element-3312787 elementor-section-height-min-height elementor-section-boxed elementor-section-height-default elementor-section-items-middle ae-bg-gallery-type-default\" data-dce-background-image-url=\"https:\/\/lunelli.com.br\/site\/wp-content\/uploads\/2021\/11\/Lunelli-Dia-2-12-scaled.jpg\" data-id=\"3312787\" data-element_type=\"section\" data-settings=\"{&quot;background_background&quot;:&quot;classic&quot;}\">\n\t\t\t\t\t\t<div class=\"elementor-container elementor-column-gap-default\">\n\t\t\t\t\t\t\t<div class=\"elementor-row\">\n\t\t\t\t\t<div class=\"has_ae_slider elementor-column elementor-col-100 elementor-top-column elementor-element elementor-element-aa0c8f1 ae-bg-gallery-type-default\" data-id=\"aa0c8f1\" data-element_type=\"column\">\n\t\t\t<div class=\"elementor-column-wrap elementor-element-populated\">\n\t\t\t\t\t\t\t<div class=\"elementor-widget-wrap\">\n\t\t\t\t\t\t\t\t<\/div>\n\t\t\t\t\t<\/div>\n\t\t<\/div>\n\t\t\t\t\t\t\t\t<\/div>\n\t\t\t\t\t<\/div>\n\t\t<\/section>\n\t\t\t\t<section class=\"has_ae_slider elementor-section elementor-top-section elementor-element elementor-element-14c092c elementor-section-boxed elementor-section-height-default elementor-section-height-default ae-bg-gallery-type-default\" data-id=\"14c092c\" data-element_type=\"section\">\n\t\t\t\t\t\t<div class=\"elementor-container elementor-column-gap-default\">\n\t\t\t\t\t\t\t<div class=\"elementor-row\">\n\t\t\t\t\t<div class=\"has_ae_slider elementor-column elementor-col-100 elementor-top-column elementor-element elementor-element-7aed328 ae-bg-gallery-type-default\" data-id=\"7aed328\" data-element_type=\"column\">\n\t\t\t<div class=\"elementor-column-wrap elementor-element-populated\">\n\t\t\t\t\t\t\t<div class=\"elementor-widget-wrap\">\n\t\t\t\t\t\t<div class=\"elementor-element elementor-element-ecbfc2c elementor-grid-3 elementor-grid-tablet-2 elementor-grid-mobile-1 pp-post-content-align-left elementor-widget elementor-widget-pp-posts\" data-id=\"ecbfc2c\" data-element_type=\"widget\" data-settings=\"{&quot;creative_columns&quot;:&quot;3&quot;,&quot;creative_columns_tablet&quot;:&quot;2&quot;,&quot;creative_columns_mobile&quot;:&quot;1&quot;}\" data-widget_type=\"pp-posts.creative\">\n\t\t\t\t<div class=\"elementor-widget-container\">\n\t\t\t\t\t<div class=\"pp-posts-container\">\n\t\t\t\n\t\t\t\t\t\t\t\t\t\t\n\t\t\t<div class=\"pp-posts pp-posts-skin-creative pp-elementor-grid pp-posts-grid\" data-query-type=\"custom\" data-layout=\"grid\" data-page=\"47\" data-skin=\"creative\">\n\t\t\t\t\t\t<div class=\"pp-post-wrap pp-grid-item-wrap\">\n\t\t\t\t\t\t<div class=\"pp-post pp-grid-item\">\n\t\t\t\t\t\t<div class=\"pp-post-thumbnail\">\n\t\t\t<div class=\"pp-post-thumbnail-wrap\">\n\t\t\t\t<a href=\"https:\/\/lunelli.com.br\/site\/index.php\/2024\/09\/01\/companhia-textil-catarinense-e-destaque-na-moda-circular-com-tecnologia-visionaria\/\"><img loading=\"lazy\" decoding=\"async\" width=\"768\" height=\"1024\" src=\"https:\/\/lunelli.com.br\/site\/wp-content\/uploads\/2024\/09\/Lunelli-Premio-Ecologia-24-768x1024.jpg\" class=\"attachment-large size-large\" alt=\"\" srcset=\"https:\/\/lunelli.com.br\/site\/wp-content\/uploads\/2024\/09\/Lunelli-Premio-Ecologia-24-768x1023.jpg 768w, https:\/\/lunelli.com.br\/site\/wp-content\/uploads\/2024\/09\/Lunelli-Premio-Ecologia-24-225x300.jpg 225w, https:\/\/lunelli.com.br\/site\/wp-content\/uploads\/2024\/09\/Lunelli-Premio-Ecologia-24.jpg 800w\" sizes=\"auto, (max-width: 768px) 100vw, 768px\" \/><\/a>\t\t\t<\/div>\n\t\t<\/div>\n\t\t\n\t\t\t\t<div class=\"pp-post-content\">\n\t\t\t\t\t\t\t\t\t\t\t<h4 class=\"pp-post-title\">\n\t\t\t\t<a href=\"https:\/\/lunelli.com.br\/site\/index.php\/2024\/09\/01\/companhia-textil-catarinense-e-destaque-na-moda-circular-com-tecnologia-visionaria\/\">Companhia t\u00eaxtil catarinense \u00e9 destaque na moda circular com tecnologia vision\u00e1ria<\/a>\t\t\t<\/h4>\n\t\t\t\n\t\t\t\t\t\t\t\t\t<\/div>\n\t\t\t<\/div>\n\t\t\t\t\t<\/div>\n\t\t\t\t<div class=\"pp-post-wrap pp-grid-item-wrap\">\n\t\t\t\t\t\t<div class=\"pp-post pp-grid-item\">\n\t\t\t\t\t\t<div class=\"pp-post-thumbnail\">\n\t\t\t<div class=\"pp-post-thumbnail-wrap\">\n\t\t\t\t<a href=\"https:\/\/lunelli.com.br\/site\/index.php\/2024\/06\/16\/referencia-como-marca-empregadora-lunelli-conquista-selo-great-people-mental-health\/\"><img loading=\"lazy\" decoding=\"async\" width=\"819\" height=\"1024\" src=\"https:\/\/lunelli.com.br\/site\/wp-content\/uploads\/2024\/06\/LNL_Great_People-819x1024.jpg\" class=\"attachment-large size-large\" alt=\"\" srcset=\"https:\/\/lunelli.com.br\/site\/wp-content\/uploads\/2024\/06\/LNL_Great_People-819x1024.jpg 819w, https:\/\/lunelli.com.br\/site\/wp-content\/uploads\/2024\/06\/LNL_Great_People-240x300.jpg 240w, https:\/\/lunelli.com.br\/site\/wp-content\/uploads\/2024\/06\/LNL_Great_People-768x960.jpg 768w, https:\/\/lunelli.com.br\/site\/wp-content\/uploads\/2024\/06\/LNL_Great_People.jpg 1080w\" sizes=\"auto, (max-width: 819px) 100vw, 819px\" \/><\/a>\t\t\t<\/div>\n\t\t<\/div>\n\t\t\n\t\t\t\t<div class=\"pp-post-content\">\n\t\t\t\t\t\t\t\t\t\t\t<h4 class=\"pp-post-title\">\n\t\t\t\t<a href=\"https:\/\/lunelli.com.br\/site\/index.php\/2024\/06\/16\/referencia-como-marca-empregadora-lunelli-conquista-selo-great-people-mental-health\/\">Refer\u00eancia como marca empregadora, Lunelli conquista selo Great People Mental Health<\/a>\t\t\t<\/h4>\n\t\t\t\n\t\t\t\t\t\t\t\t\t<\/div>\n\t\t\t<\/div>\n\t\t\t\t\t<\/div>\n\t\t\t\t<div class=\"pp-post-wrap pp-grid-item-wrap\">\n\t\t\t\t\t\t<div class=\"pp-post pp-grid-item\">\n\t\t\t\t\t\t<div class=\"pp-post-thumbnail\">\n\t\t\t<div class=\"pp-post-thumbnail-wrap\">\n\t\t\t\t<a href=\"https:\/\/lunelli.com.br\/site\/index.php\/2024\/05\/04\/lez-a-lez-recebe-pela-sexta-vez-o-selo-de-excelencia-em-franchising-da-abf\/\"><img loading=\"lazy\" decoding=\"async\" width=\"989\" height=\"1024\" src=\"https:\/\/lunelli.com.br\/site\/wp-content\/uploads\/2024\/05\/lunelli-lez-a-lez-ABF-989x1024.jpg\" class=\"attachment-large size-large\" alt=\"\" srcset=\"https:\/\/lunelli.com.br\/site\/wp-content\/uploads\/2024\/05\/lunelli-lez-a-lez-ABF-989x1024.jpg 989w, https:\/\/lunelli.com.br\/site\/wp-content\/uploads\/2024\/05\/lunelli-lez-a-lez-ABF-290x300.jpg 290w, https:\/\/lunelli.com.br\/site\/wp-content\/uploads\/2024\/05\/lunelli-lez-a-lez-ABF-768x795.jpg 768w, https:\/\/lunelli.com.br\/site\/wp-content\/uploads\/2024\/05\/lunelli-lez-a-lez-ABF-1484x1536.jpg 1484w, https:\/\/lunelli.com.br\/site\/wp-content\/uploads\/2024\/05\/lunelli-lez-a-lez-ABF-1979x2048.jpg 1979w\" sizes=\"auto, (max-width: 989px) 100vw, 989px\" \/><\/a>\t\t\t<\/div>\n\t\t<\/div>\n\t\t\n\t\t\t\t<div class=\"pp-post-content\">\n\t\t\t\t\t\t\t\t\t\t\t<h4 class=\"pp-post-title\">\n\t\t\t\t<a href=\"https:\/\/lunelli.com.br\/site\/index.php\/2024\/05\/04\/lez-a-lez-recebe-pela-sexta-vez-o-selo-de-excelencia-em-franchising-da-abf\/\">Lez a Lez recebe pela sexta vez o Selo de Excel\u00eancia em Franchising da ABF<\/a>\t\t\t<\/h4>\n\t\t\t\n\t\t\t\t\t\t\t\t\t<\/div>\n\t\t\t<\/div>\n\t\t\t\t\t<\/div>\n\t\t\t\t<div class=\"pp-post-wrap pp-grid-item-wrap\">\n\t\t\t\t\t\t<div class=\"pp-post pp-grid-item\">\n\t\t\t\t\t\t<div class=\"pp-post-thumbnail\">\n\t\t\t<div class=\"pp-post-thumbnail-wrap\">\n\t\t\t\t<a href=\"https:\/\/lunelli.com.br\/site\/index.php\/2024\/04\/22\/em-novo-relatorio-de-sustentabilidade-lunelli-divulga-os-principais-resultados-de-2023\/\"><img loading=\"lazy\" decoding=\"async\" width=\"1024\" height=\"683\" src=\"https:\/\/lunelli.com.br\/site\/wp-content\/uploads\/2024\/04\/CAPA-RELATORIO-SUSTENTABILIDADE2023-LUNELLI-1-1024x683.jpg\" class=\"attachment-large size-large\" alt=\"\" srcset=\"https:\/\/lunelli.com.br\/site\/wp-content\/uploads\/2024\/04\/CAPA-RELATORIO-SUSTENTABILIDADE2023-LUNELLI-1-1024x683.jpg 1024w, https:\/\/lunelli.com.br\/site\/wp-content\/uploads\/2024\/04\/CAPA-RELATORIO-SUSTENTABILIDADE2023-LUNELLI-1-300x200.jpg 300w, https:\/\/lunelli.com.br\/site\/wp-content\/uploads\/2024\/04\/CAPA-RELATORIO-SUSTENTABILIDADE2023-LUNELLI-1-768x512.jpg 768w, https:\/\/lunelli.com.br\/site\/wp-content\/uploads\/2024\/04\/CAPA-RELATORIO-SUSTENTABILIDADE2023-LUNELLI-1-1536x1025.jpg 1536w\" sizes=\"auto, (max-width: 1024px) 100vw, 1024px\" \/><\/a>\t\t\t<\/div>\n\t\t<\/div>\n\t\t\n\t\t\t\t<div class=\"pp-post-content\">\n\t\t\t\t\t\t\t\t\t\t\t<h4 class=\"pp-post-title\">\n\t\t\t\t<a href=\"https:\/\/lunelli.com.br\/site\/index.php\/2024\/04\/22\/em-novo-relatorio-de-sustentabilidade-lunelli-divulga-os-principais-resultados-de-2023\/\">Em novo Relat\u00f3rio de Sustentabilidade, Lunelli divulga os principais resultados de 2023<\/a>\t\t\t<\/h4>\n\t\t\t\n\t\t\t\t\t\t\t\t\t<\/div>\n\t\t\t<\/div>\n\t\t\t\t\t<\/div>\n\t\t\t\t<div class=\"pp-post-wrap pp-grid-item-wrap\">\n\t\t\t\t\t\t<div class=\"pp-post pp-grid-item\">\n\t\t\t\t\t\t<div class=\"pp-post-thumbnail\">\n\t\t\t<div class=\"pp-post-thumbnail-wrap\">\n\t\t\t\t<a href=\"https:\/\/lunelli.com.br\/site\/index.php\/2024\/03\/13\/lunelli-recebe-recertificacao-nbr-iso-14001-no-brasil-e-pela-primeira-vez-certificacao-no-paraguai\/\"><img loading=\"lazy\" decoding=\"async\" width=\"1024\" height=\"683\" src=\"https:\/\/lunelli.com.br\/site\/wp-content\/uploads\/2024\/05\/ISO-PY-1024x683.jpg\" class=\"attachment-large size-large\" alt=\"\" srcset=\"https:\/\/lunelli.com.br\/site\/wp-content\/uploads\/2024\/05\/ISO-PY-1024x683.jpg 1024w, https:\/\/lunelli.com.br\/site\/wp-content\/uploads\/2024\/05\/ISO-PY-300x200.jpg 300w, https:\/\/lunelli.com.br\/site\/wp-content\/uploads\/2024\/05\/ISO-PY-768x512.jpg 768w, https:\/\/lunelli.com.br\/site\/wp-content\/uploads\/2024\/05\/ISO-PY-1536x1024.jpg 1536w, https:\/\/lunelli.com.br\/site\/wp-content\/uploads\/2024\/05\/ISO-PY-2048x1365.jpg 2048w\" sizes=\"auto, (max-width: 1024px) 100vw, 1024px\" \/><\/a>\t\t\t<\/div>\n\t\t<\/div>\n\t\t\n\t\t\t\t<div class=\"pp-post-content\">\n\t\t\t\t\t\t\t\t\t\t\t<h4 class=\"pp-post-title\">\n\t\t\t\t<a href=\"https:\/\/lunelli.com.br\/site\/index.php\/2024\/03\/13\/lunelli-recebe-recertificacao-nbr-iso-14001-no-brasil-e-pela-primeira-vez-certificacao-no-paraguai\/\">Lunelli recebe recertifica\u00e7\u00e3o NBR ISO 14001 no Brasil e, pela primeira vez, certifica\u00e7\u00e3o no Paraguai<\/a>\t\t\t<\/h4>\n\t\t\t\n\t\t\t\t\t\t\t\t\t<\/div>\n\t\t\t<\/div>\n\t\t\t\t\t<\/div>\n\t\t\t\t<div class=\"pp-post-wrap pp-grid-item-wrap\">\n\t\t\t\t\t\t<div class=\"pp-post pp-grid-item\">\n\t\t\t\t\t\t<div class=\"pp-post-thumbnail\">\n\t\t\t<div class=\"pp-post-thumbnail-wrap\">\n\t\t\t\t<a href=\"https:\/\/lunelli.com.br\/site\/index.php\/2024\/03\/08\/escola-de-costura-integra-desenvolvimento-tecnico-e-inclusao-social-na-area-textil-no-paraguai\/\"><img loading=\"lazy\" decoding=\"async\" width=\"1024\" height=\"728\" src=\"https:\/\/lunelli.com.br\/site\/wp-content\/uploads\/2024\/05\/WhatsApp-Image-2024-03-08-at-15.28.38-1024x728.jpeg\" class=\"attachment-large size-large\" alt=\"\" srcset=\"https:\/\/lunelli.com.br\/site\/wp-content\/uploads\/2024\/05\/WhatsApp-Image-2024-03-08-at-15.28.38-1024x728.jpeg 1024w, https:\/\/lunelli.com.br\/site\/wp-content\/uploads\/2024\/05\/WhatsApp-Image-2024-03-08-at-15.28.38-300x213.jpeg 300w, https:\/\/lunelli.com.br\/site\/wp-content\/uploads\/2024\/05\/WhatsApp-Image-2024-03-08-at-15.28.38-768x546.jpeg 768w, https:\/\/lunelli.com.br\/site\/wp-content\/uploads\/2024\/05\/WhatsApp-Image-2024-03-08-at-15.28.38-1536x1092.jpeg 1536w, https:\/\/lunelli.com.br\/site\/wp-content\/uploads\/2024\/05\/WhatsApp-Image-2024-03-08-at-15.28.38.jpeg 1600w\" sizes=\"auto, (max-width: 1024px) 100vw, 1024px\" \/><\/a>\t\t\t<\/div>\n\t\t<\/div>\n\t\t\n\t\t\t\t<div class=\"pp-post-content\">\n\t\t\t\t\t\t\t\t\t\t\t<h4 class=\"pp-post-title\">\n\t\t\t\t<a href=\"https:\/\/lunelli.com.br\/site\/index.php\/2024\/03\/08\/escola-de-costura-integra-desenvolvimento-tecnico-e-inclusao-social-na-area-textil-no-paraguai\/\">\u2018Escola de Costura\u2019 integra desenvolvimento t\u00e9cnico e inclus\u00e3o social na \u00e1rea t\u00eaxtil no Paraguai<\/a>\t\t\t<\/h4>\n\t\t\t\n\t\t\t\t\t\t\t\t\t<\/div>\n\t\t\t<\/div>\n\t\t\t\t\t<\/div>\n\t\t\t\t\t<\/div>\n\n\t\t\t\n\t\t\t\n\t\t\t\n\t\t\t\t\t\t\t\t\t\t\t<div class=\"pp-posts-pagination-wrap pp-posts-pagination-bottom\">\n\t\t\t\t\t\t\t\t<nav class=\"pp-posts-pagination pp-posts-pagination-ajax elementor-pagination\" role=\"navigation\" aria-label=\"Pagination\" data-total=\"7\">\n\t\t\t\t<span aria-current=\"page\" class=\"page-numbers current\">1<\/span>\n<a class=\"page-numbers\" href=\"https:\/\/lunelli.com.br\/site\/index.php\/wp-json\/wp\/v2\/pages\/47\/page\/2\/\">2<\/a>\n<a class=\"page-numbers\" href=\"https:\/\/lunelli.com.br\/site\/index.php\/wp-json\/wp\/v2\/pages\/47\/page\/3\/\">3<\/a>\n<a class=\"page-numbers\" href=\"https:\/\/lunelli.com.br\/site\/index.php\/wp-json\/wp\/v2\/pages\/47\/page\/4\/\">4<\/a>\n<a class=\"page-numbers\" href=\"https:\/\/lunelli.com.br\/site\/index.php\/wp-json\/wp\/v2\/pages\/47\/page\/5\/\">5<\/a>\n<a class=\"next page-numbers\" href=\"https:\/\/lunelli.com.br\/site\/index.php\/wp-json\/wp\/v2\/pages\/47\/page\/2\/\">Pr\u00f3ximo &raquo;<\/a>\t\t\t<\/nav>\n\t\t\t\t\t\t\t<\/div>\n\t\t\t\t\t\t\t\t\t<\/div>\n\n\t\t\n\t\t\t\t<\/div>\n\t\t\t\t<\/div>\n\t\t\t\t\t\t<\/div>\n\t\t\t\t\t<\/div>\n\t\t<\/div>\n\t\t\t\t\t\t\t\t<\/div>\n\t\t\t\t\t<\/div>\n\t\t<\/section>\n\t\t\t\t\t\t<\/div>\n\t\t\t\t\t\t<\/div>\n\t\t\t\t\t<\/div>\n\t\t","protected":false},"excerpt":{"rendered":"<p>Selo Great Place To Work e pr\u00e1ticas sustent\u00e1veis s\u00e3o alguns dos destaques da Lunelli em 2022 Lunelli lan\u00e7a Relat\u00f3rio de Sustentabilidade com resultados positivos do ano de 2022 Caf\u00e9 Cultura Jaragu\u00e1 do Sul conquista primeiro lugar no Programa de Excel\u00eancia e Gest\u00e3o 2022 Lunelli \u00e9 reconhecida como uma excelente empresa para se trabalhar Lunelli \u00e9 [&hellip;]<\/p>\n","protected":false},"author":2,"featured_media":0,"parent":0,"menu_order":0,"comment_status":"closed","ping_status":"closed","template":"elementor_header_footer","meta":{"footnotes":""},"class_list":["post-47","page","type-page","status-publish","hentry","entry","has-media"],"_links":{"self":[{"href":"https:\/\/lunelli.com.br\/site\/index.php\/wp-json\/wp\/v2\/pages\/47","targetHints":{"allow":["GET"]}}],"collection":[{"href":"https:\/\/lunelli.com.br\/site\/index.php\/wp-json\/wp\/v2\/pages"}],"about":[{"href":"https:\/\/lunelli.com.br\/site\/index.php\/wp-json\/wp\/v2\/types\/page"}],"author":[{"embeddable":true,"href":"https:\/\/lunelli.com.br\/site\/index.php\/wp-json\/wp\/v2\/users\/2"}],"replies":[{"embeddable":true,"href":"https:\/\/lunelli.com.br\/site\/index.php\/wp-json\/wp\/v2\/comments?post=47"}],"version-history":[{"count":0,"href":"https:\/\/lunelli.com.br\/site\/index.php\/wp-json\/wp\/v2\/pages\/47\/revisions"}],"wp:attachment":[{"href":"https:\/\/lunelli.com.br\/site\/index.php\/wp-json\/wp\/v2\/media?parent=47"}],"curies":[{"name":"wp","href":"https:\/\/api.w.org\/{rel}","templated":true}]}}