{"id":4741,"date":"2023-04-19T10:46:33","date_gmt":"2023-04-19T13:46:33","guid":{"rendered":"https:\/\/lunelli.com.br\/site\/?page_id=4741"},"modified":"2023-04-19T10:48:07","modified_gmt":"2023-04-19T13:48:07","slug":"esg-promover-impacto-positivo","status":"publish","type":"page","link":"https:\/\/lunelli.com.br\/site\/index.php\/esg-promover-impacto-positivo\/","title":{"rendered":"ESG &#8211; Promover impacto positivo"},"content":{"rendered":"\t\t<div data-elementor-type=\"wp-page\" data-elementor-id=\"4741\" data-post-id=\"4741\" data-obj-id=\"4741\" class=\"elementor elementor-4741 dce-elementor-post-4741\" data-elementor-settings=\"[]\">\n\t\t\t\t\t\t<div class=\"elementor-inner\">\n\t\t\t\t\t\t\t<div class=\"elementor-section-wrap\">\n\t\t\t\t\t\t\t<section class=\"has_ae_slider elementor-section elementor-top-section elementor-element elementor-element-5e79716 elementor-section-boxed elementor-section-height-default elementor-section-height-default ae-bg-gallery-type-default\" data-id=\"5e79716\" data-element_type=\"section\">\n\t\t\t\t\t\t<div class=\"elementor-container elementor-column-gap-default\">\n\t\t\t\t\t\t\t<div class=\"elementor-row\">\n\t\t\t\t\t<div class=\"has_ae_slider elementor-column elementor-col-100 elementor-top-column elementor-element elementor-element-9b5b9c9 ae-bg-gallery-type-default\" data-id=\"9b5b9c9\" data-element_type=\"column\">\n\t\t\t<div class=\"elementor-column-wrap elementor-element-populated\">\n\t\t\t\t\t\t\t<div class=\"elementor-widget-wrap\">\n\t\t\t\t\t\t<div class=\"elementor-element elementor-element-6d9b378 elementor-widget elementor-widget-text-editor\" data-id=\"6d9b378\" data-element_type=\"widget\" data-widget_type=\"text-editor.default\">\n\t\t\t\t<div class=\"elementor-widget-container\">\n\t\t\t\t\t\t\t\t<div class=\"elementor-text-editor elementor-clearfix\">\n\t\t\t\t<p>Fazemos moda com significado com o objetivo de promover impacto positivo no mundo e principalmente para as pessoas conectadas com a gente.<\/p><p><br \/>N\u00f3s acreditamos que o investimento em cada eixo &#8211; seja ele ambiental, social ou governamental -, de forma estrat\u00e9gica, e alinhada ao planejamento da companhia, traz resultados para todos os aspectos do neg\u00f3cio. Ent\u00e3o, os nossos avan\u00e7os, sejam eles em valor social, econ\u00f4mico, ambiental ou de governan\u00e7a, s\u00e3o resultado de uma vis\u00e3o ESG integrada ao neg\u00f3cio, e em sintonia com a nossa cultura, ou seja, incorporada \u00e0 nossa Miss\u00e3o, Vis\u00e3o, aos Valores e ao Prop\u00f3sito como Lunelli.<\/p>\t\t\t\t\t<\/div>\n\t\t\t\t\t\t<\/div>\n\t\t\t\t<\/div>\n\t\t\t\t\t\t<\/div>\n\t\t\t\t\t<\/div>\n\t\t<\/div>\n\t\t\t\t\t\t\t\t<\/div>\n\t\t\t\t\t<\/div>\n\t\t<\/section>\n\t\t\t\t<section class=\"has_ae_slider elementor-section elementor-top-section elementor-element elementor-element-a970935 elementor-section-boxed elementor-section-height-default elementor-section-height-default ae-bg-gallery-type-default\" data-id=\"a970935\" data-element_type=\"section\">\n\t\t\t\t\t\t<div class=\"elementor-container elementor-column-gap-default\">\n\t\t\t\t\t\t\t<div class=\"elementor-row\">\n\t\t\t\t\t<div class=\"has_ae_slider elementor-column elementor-col-100 elementor-top-column elementor-element elementor-element-b9fdd84 ae-bg-gallery-type-default\" data-id=\"b9fdd84\" data-element_type=\"column\">\n\t\t\t<div class=\"elementor-column-wrap elementor-element-populated\">\n\t\t\t\t\t\t\t<div class=\"elementor-widget-wrap\">\n\t\t\t\t\t\t<div class=\"elementor-element elementor-element-b15974b elementor-widget elementor-widget-image\" data-id=\"b15974b\" data-element_type=\"widget\" data-widget_type=\"image.default\">\n\t\t\t\t<div class=\"elementor-widget-container\">\n\t\t\t\t\t\t\t\t<div class=\"elementor-image\">\n\t\t\t\t\t\t\t\t\t\t\t\t<img loading=\"lazy\" decoding=\"async\" width=\"597\" height=\"2560\" src=\"https:\/\/lunelli.com.br\/site\/wp-content\/uploads\/2023\/04\/INFO_LUNELLI_1_V3-scaled.jpg\" class=\"attachment-full size-full\" alt=\"\" srcset=\"https:\/\/lunelli.com.br\/site\/wp-content\/uploads\/2023\/04\/INFO_LUNELLI_1_V3-scaled.jpg 597w, https:\/\/lunelli.com.br\/site\/wp-content\/uploads\/2023\/04\/INFO_LUNELLI_1_V3-70x300.jpg 70w, https:\/\/lunelli.com.br\/site\/wp-content\/uploads\/2023\/04\/INFO_LUNELLI_1_V3-239x1024.jpg 239w, https:\/\/lunelli.com.br\/site\/wp-content\/uploads\/2023\/04\/INFO_LUNELLI_1_V3-768x3293.jpg 768w, https:\/\/lunelli.com.br\/site\/wp-content\/uploads\/2023\/04\/INFO_LUNELLI_1_V3-358x1536.jpg 358w\" sizes=\"auto, (max-width: 597px) 100vw, 597px\" \/>\t\t\t\t\t\t\t\t\t\t\t\t\t\t<\/div>\n\t\t\t\t\t\t<\/div>\n\t\t\t\t<\/div>\n\t\t\t\t\t\t<\/div>\n\t\t\t\t\t<\/div>\n\t\t<\/div>\n\t\t\t\t\t\t\t\t<\/div>\n\t\t\t\t\t<\/div>\n\t\t<\/section>\n\t\t\t\t\t\t<\/div>\n\t\t\t\t\t\t<\/div>\n\t\t\t\t\t<\/div>\n\t\t","protected":false},"excerpt":{"rendered":"<p>Fazemos moda com significado com o objetivo de promover impacto positivo no mundo e principalmente para as pessoas conectadas com a gente. N\u00f3s acreditamos que o investimento em cada eixo &#8211; seja ele ambiental, social ou governamental -, de forma estrat\u00e9gica, e alinhada ao planejamento da companhia, traz resultados para todos os aspectos do neg\u00f3cio. [&hellip;]<\/p>\n","protected":false},"author":6,"featured_media":0,"parent":0,"menu_order":0,"comment_status":"closed","ping_status":"closed","template":"","meta":{"footnotes":""},"class_list":["post-4741","page","type-page","status-publish","hentry","entry"],"_links":{"self":[{"href":"https:\/\/lunelli.com.br\/site\/index.php\/wp-json\/wp\/v2\/pages\/4741","targetHints":{"allow":["GET"]}}],"collection":[{"href":"https:\/\/lunelli.com.br\/site\/index.php\/wp-json\/wp\/v2\/pages"}],"about":[{"href":"https:\/\/lunelli.com.br\/site\/index.php\/wp-json\/wp\/v2\/types\/page"}],"author":[{"embeddable":true,"href":"https:\/\/lunelli.com.br\/site\/index.php\/wp-json\/wp\/v2\/users\/6"}],"replies":[{"embeddable":true,"href":"https:\/\/lunelli.com.br\/site\/index.php\/wp-json\/wp\/v2\/comments?post=4741"}],"version-history":[{"count":0,"href":"https:\/\/lunelli.com.br\/site\/index.php\/wp-json\/wp\/v2\/pages\/4741\/revisions"}],"wp:attachment":[{"href":"https:\/\/lunelli.com.br\/site\/index.php\/wp-json\/wp\/v2\/media?parent=4741"}],"curies":[{"name":"wp","href":"https:\/\/api.w.org\/{rel}","templated":true}]}}