{"id":4971,"date":"2024-03-27T17:21:51","date_gmt":"2024-03-27T20:21:51","guid":{"rendered":"https:\/\/lunelli.com.br\/site\/?page_id=4971"},"modified":"2026-03-23T08:11:38","modified_gmt":"2026-03-23T11:11:38","slug":"relatorios-ministerio-do-trabalho-e-emprego","status":"publish","type":"page","link":"https:\/\/lunelli.com.br\/site\/index.php\/relatorios-ministerio-do-trabalho-e-emprego\/","title":{"rendered":"Relat\u00f3rios Minist\u00e9rio do Trabalho e Emprego"},"content":{"rendered":"\t\t<div data-elementor-type=\"wp-page\" data-elementor-id=\"4971\" data-post-id=\"4971\" data-obj-id=\"4971\" class=\"elementor elementor-4971 dce-elementor-post-4971\" data-elementor-settings=\"[]\">\n\t\t\t\t\t\t<div class=\"elementor-inner\">\n\t\t\t\t\t\t\t<div class=\"elementor-section-wrap\">\n\t\t\t\t\t\t\t<section class=\"has_ae_slider elementor-section elementor-top-section elementor-element elementor-element-d013844 elementor-section-boxed elementor-section-height-default elementor-section-height-default ae-bg-gallery-type-default\" data-id=\"d013844\" data-element_type=\"section\">\n\t\t\t\t\t\t<div class=\"elementor-container elementor-column-gap-default\">\n\t\t\t\t\t\t\t<div class=\"elementor-row\">\n\t\t\t\t\t<div class=\"has_ae_slider elementor-column elementor-col-100 elementor-top-column elementor-element elementor-element-9e13699 ae-bg-gallery-type-default\" data-id=\"9e13699\" data-element_type=\"column\">\n\t\t\t<div class=\"elementor-column-wrap elementor-element-populated\">\n\t\t\t\t\t\t\t<div class=\"elementor-widget-wrap\">\n\t\t\t\t\t\t<div class=\"elementor-element elementor-element-7d10b70 elementor-widget elementor-widget-heading\" data-id=\"7d10b70\" data-element_type=\"widget\" data-widget_type=\"heading.default\">\n\t\t\t\t<div class=\"elementor-widget-container\">\n\t\t\t<h2 class=\"elementor-heading-title elementor-size-large\">Relat\u00f3rios elaborados pelo Minist\u00e9rio do Trabalho e Emprego apenas com REPUBLICA\u00c7\u00c3O pelas empresas em virtude das determina\u00e7\u00f5es legais existentes<\/h2>\t\t<\/div>\n\t\t\t\t<\/div>\n\t\t\t\t\t\t<\/div>\n\t\t\t\t\t<\/div>\n\t\t<\/div>\n\t\t\t\t\t\t\t\t<\/div>\n\t\t\t\t\t<\/div>\n\t\t<\/section>\n\t\t\t\t<section class=\"has_ae_slider elementor-section elementor-top-section elementor-element elementor-element-3e638ea elementor-section-boxed elementor-section-height-default elementor-section-height-default ae-bg-gallery-type-default\" data-id=\"3e638ea\" data-element_type=\"section\">\n\t\t\t\t\t\t<div class=\"elementor-container elementor-column-gap-default\">\n\t\t\t\t\t\t\t<div class=\"elementor-row\">\n\t\t\t\t\t<div class=\"has_ae_slider elementor-column elementor-col-100 elementor-top-column elementor-element elementor-element-35e8c47 ae-bg-gallery-type-default\" data-id=\"35e8c47\" data-element_type=\"column\">\n\t\t\t<div class=\"elementor-column-wrap elementor-element-populated\">\n\t\t\t\t\t\t\t<div class=\"elementor-widget-wrap\">\n\t\t\t\t\t\t<div class=\"elementor-element elementor-element-a93992c elementor-widget elementor-widget-heading\" data-id=\"a93992c\" data-element_type=\"widget\" data-widget_type=\"heading.default\">\n\t\t\t\t<div class=\"elementor-widget-container\">\n\t\t\t<p class=\"elementor-heading-title elementor-size-small\">Cumprimento \u00e0 Lei n\u00ba 14.611, de 3 de julho de 2023, Decreto n\u00ba 11.795, de 23 de novembro de 2023 e Portaria MTE N\u00ba 3.714, DE 24 de novembro de 2023.<\/p>\t\t<\/div>\n\t\t\t\t<\/div>\n\t\t\t\t\t\t<\/div>\n\t\t\t\t\t<\/div>\n\t\t<\/div>\n\t\t\t\t\t\t\t\t<\/div>\n\t\t\t\t\t<\/div>\n\t\t<\/section>\n\t\t\t\t<section class=\"has_ae_slider elementor-section elementor-top-section elementor-element elementor-element-c9ebf9d elementor-section-boxed elementor-section-height-default elementor-section-height-default ae-bg-gallery-type-default\" data-id=\"c9ebf9d\" data-element_type=\"section\">\n\t\t\t\t\t\t<div class=\"elementor-container elementor-column-gap-default\">\n\t\t\t\t\t\t\t<div class=\"elementor-row\">\n\t\t\t\t\t<div class=\"has_ae_slider elementor-column elementor-col-100 elementor-top-column elementor-element elementor-element-7e00295 ae-bg-gallery-type-default\" data-id=\"7e00295\" data-element_type=\"column\">\n\t\t\t<div class=\"elementor-column-wrap elementor-element-populated\">\n\t\t\t\t\t\t\t<div class=\"elementor-widget-wrap\">\n\t\t\t\t\t\t<div class=\"elementor-element elementor-element-001d933 elementor-widget elementor-widget-html\" data-id=\"001d933\" data-element_type=\"widget\" data-widget_type=\"html.default\">\n\t\t\t\t<div class=\"elementor-widget-container\">\n\t\t\t<style>\n    th {\n        font-weight: 700;\n    }\n\n    .mt-30 {\n        margin-top: 30px;\n    }\n<\/style>\n<h4 class=\"title mt-30\">Arquivos dispon\u00edveis para baixar<\/h4>\n<hr>\n<div class=\"table-responsive\">\n    <table class=\"table table-bordered\">\n        <thead>\n            <tr>\n                <th>CNPJ<\/th>\n                <th>Arquivo<\/th>\n            <\/tr>\n        <\/thead>\n        <tbody>\n            <tr>\n                <td>81.000.564\/0001-26<\/td>\n                <td>\n                    <a href=\"https:\/\/lunelli.com.br\/site\/wp-content\/uploads\/2026\/03\/Relatorio-transparencia-0001-26-CONFECCOES.pdf\"\n                        target=\"_blank\">Relat\u00f3rio de Transpar\u00eancia e Igualdade Salarial de Mulheres e Homens - 1o\n                        Semestre 2026<\/a>\n                <\/td>\n            <\/tr>\n\n            <tr>\n                <td>75.552.133\/0001-70<\/td>\n                <td>\n                    <a href=\"https:\/\/lunelli.com.br\/site\/wp-content\/uploads\/2026\/03\/Relatorio-transparencia-0001-70-COMERCIAL.pdf\"\n                        target=\"_blank\">Relat\u00f3rio de Transpar\u00eancia e Igualdade Salarial de Mulheres e Homens - 1o\n                        Semestre 2026<\/a>\n                <\/td>\n            <\/tr>\n\n\n             <tr>\n                <td>12.213.317\/0009-42<\/td>\n                <td>\n                    <a href=\"https:\/\/lunelli.com.br\/site\/wp-content\/uploads\/2026\/03\/Relatorio-transparencia-0009-42-AVARE.pdf\"\n                        target=\"_blank\">Relat\u00f3rio de Transpar\u00eancia e Igualdade Salarial de Mulheres e Homens - 1o\n                        Semestre 2026<\/a>\n                <\/td>\n            <\/tr>\n\n            <tr>\n                <td>12.213.317\/0003-57<\/td>\n                <td>\n                    <a href=\"https:\/\/lunelli.com.br\/site\/wp-content\/uploads\/2026\/03\/Relatorio-transparencia-0003-57-BENEFICIAMENTOS.pdf\"\n                        target=\"_blank\">Relat\u00f3rio de Transpar\u00eancia e Igualdade Salarial de Mulheres e Homens - 1o\n                        Semestre 2026<\/a>\n                <\/td>\n            <\/tr>\n\n            <tr>\n                <td>10.220.089\/0001-55<\/td>\n                <td>\n                    <a href=\"https:\/\/lunelli.com.br\/site\/wp-content\/uploads\/2026\/03\/Relatorio-transparencia-0001-55-NORDESTE.pdf\"\n                        target=\"_blank\">Relat\u00f3rio de Transpar\u00eancia e Igualdade Salarial de Mulheres e Homens - 1o\n                        Semestre 2026<\/a>\n                <\/td>\n            <\/tr>\n            \n              <tr>\n                <td>12.213.317\/0002-76<\/td>\n                <td>\n                    <a href=\"https:\/\/lunelli.com.br\/site\/wp-content\/uploads\/2026\/03\/Relatorio-transparencia-0002-76-VESTUARIO.pdf\"\n                        target=\"_blank\">Relat\u00f3rio de Transpar\u00eancia e Igualdade Salarial de Mulheres e Homens - 1o\n                        Semestre 2026<\/a>\n                <\/td>\n            <\/tr>\n            \n             <tr>\n                <td>75.552.133\/0017-37<\/td>\n                <td>\n                    <a href=\"https:\/\/lunelli.com.br\/site\/wp-content\/uploads\/2026\/03\/Relatorio-transparencia-0017-37-LUIZ-ALVES.pdf\"\n                        target=\"_blank\">Relat\u00f3rio de Transpar\u00eancia e Igualdade Salarial de Mulheres e Homens - 1o\n                        Semestre 2026<\/a>\n                <\/td>\n            <\/tr>\n        \n            <tr>\n                <td>81.000.564\/0001-26<\/td>\n                <td>\n                    <a href=\"https:\/\/lunelli.com.br\/site\/wp-content\/uploads\/2025\/09\/RETORNO_2025_2_81000564000126-CONFECCOES.pdf\"\n                        target=\"_blank\">Relat\u00f3rio de Transpar\u00eancia e Igualdade Salarial de Mulheres e Homens - 2o\n                        Semestre 2025<\/a>\n                <\/td>\n            <\/tr>\n\n            <tr>\n                <td>75.552.133\/0001-70<\/td>\n                <td>\n                    <a href=\"https:\/\/lunelli.com.br\/site\/wp-content\/uploads\/2025\/09\/RETORNO_2025_2_75552133000170-COMERCIAL.pdf\"\n                        target=\"_blank\">Relat\u00f3rio de Transpar\u00eancia e Igualdade Salarial de Mulheres e Homens - 2o\n                        Semestre 2025<\/a>\n                <\/td>\n            <\/tr>\n\n\n             <tr>\n                <td>12.213.317\/0009-42<\/td>\n                <td>\n                    <a href=\"https:\/\/lunelli.com.br\/site\/wp-content\/uploads\/2025\/09\/RETORNO_2025_2_12213317000942-AVARE.pdf\"\n                        target=\"_blank\">Relat\u00f3rio de Transpar\u00eancia e Igualdade Salarial de Mulheres e Homens - 2o\n                        Semestre 2025<\/a>\n                <\/td>\n            <\/tr>\n\n            <tr>\n                <td>12.213.317\/0003-57<\/td>\n                <td>\n                    <a href=\"https:\/\/lunelli.com.br\/site\/wp-content\/uploads\/2025\/09\/RETORNO_2025_2_12213317000357-BEN.pdf\"\n                        target=\"_blank\">Relat\u00f3rio de Transpar\u00eancia e Igualdade Salarial de Mulheres e Homens - 2o\n                        Semestre 2025<\/a>\n                <\/td>\n            <\/tr>\n\n            <tr>\n                <td>10.220.089\/0001-55<\/td>\n                <td>\n                    <a href=\"https:\/\/lunelli.com.br\/site\/wp-content\/uploads\/2025\/09\/RETORNO_2025_2_10220089000155-NORDESTE.pdf\"\n                        target=\"_blank\">Relat\u00f3rio de Transpar\u00eancia e Igualdade Salarial de Mulheres e Homens - 2o\n                        Semestre 2025<\/a>\n                <\/td>\n            <\/tr>\n            \n              <tr>\n                <td>12.213.317\/0002-76<\/td>\n                <td>\n                    <a href=\"https:\/\/lunelli.com.br\/site\/wp-content\/uploads\/2025\/09\/RETORNO_2025_2_12213317000276-VESTUARIO.pdf\"\n                        target=\"_blank\">Relat\u00f3rio de Transpar\u00eancia e Igualdade Salarial de Mulheres e Homens - 2o\n                        Semestre 2025<\/a>\n                <\/td>\n            <\/tr>\n            \n             <tr>\n                <td>75.552.133\/0017-37<\/td>\n                <td>\n                    <a href=\"https:\/\/lunelli.com.br\/site\/wp-content\/uploads\/2025\/09\/RETORNO_2025_2_75552133001737-LUIS-ALVES.pdf\"\n                        target=\"_blank\">Relat\u00f3rio de Transpar\u00eancia e Igualdade Salarial de Mulheres e Homens - 2o\n                        Semestre 2025<\/a>\n                <\/td>\n            <\/tr>\n            \n            <tr>\n                <td>81.000.564\/0001-26<\/td>\n                <td>\n                    <a href=\"https:\/\/lunelli.com.br\/site\/wp-content\/uploads\/2025\/03\/81000564000126.pdf\"\n                        target=\"_blank\">Relat\u00f3rio de Transpar\u00eancia e Igualdade Salarial de Mulheres e Homens - 1o\n                        Semestre 2025<\/a>\n                <\/td>\n            <\/tr>\n\n            <tr>\n                <td>75.552.133\/0001-70<\/td>\n                <td>\n                    <a href=\"https:\/\/lunelli.com.br\/site\/wp-content\/uploads\/2025\/03\/75552133000170.pdf\"\n                        target=\"_blank\">Relat\u00f3rio de Transpar\u00eancia e Igualdade Salarial de Mulheres e Homens - 1o\n                        Semestre 2025<\/a>\n                <\/td>\n            <\/tr>\n\n\n             <tr>\n                <td>12.213.317\/0009-42<\/td>\n                <td>\n                    <a href=\"https:\/\/lunelli.com.br\/site\/wp-content\/uploads\/2025\/03\/12213317000942-1.pdf\"\n                        target=\"_blank\">Relat\u00f3rio de Transpar\u00eancia e Igualdade Salarial de Mulheres e Homens - 1o\n                        Semestre 2025<\/a>\n                <\/td>\n            <\/tr>\n\n            <tr>\n                <td>12.213.317\/0003-57<\/td>\n                <td>\n                    <a href=\"https:\/\/lunelli.com.br\/site\/wp-content\/uploads\/2025\/03\/12213317000357.pdf\"\n                        target=\"_blank\">Relat\u00f3rio de Transpar\u00eancia e Igualdade Salarial de Mulheres e Homens - 1o\n                        Semestre 2025<\/a>\n                <\/td>\n            <\/tr>\n\n            <tr>\n                <td>10.220.089\/0001-55<\/td>\n                <td>\n                    <a href=\"https:\/\/lunelli.com.br\/site\/wp-content\/uploads\/2025\/03\/10220089000155.pdf\"\n                        target=\"_blank\">Relat\u00f3rio de Transpar\u00eancia e Igualdade Salarial de Mulheres e Homens - 1o\n                        Semestre 2025<\/a>\n                <\/td>\n            <\/tr>\n            \n              <tr>\n                <td>12.213.317\/0002-76<\/td>\n                <td>\n                    <a href=\"https:\/\/lunelli.com.br\/site\/wp-content\/uploads\/2025\/03\/12213317000276.pdf\"\n                        target=\"_blank\">Relat\u00f3rio de Transpar\u00eancia e Igualdade Salarial de Mulheres e Homens - 1o\n                        Semestre 2025<\/a>\n                <\/td>\n            <\/tr>\n            \n            <tr>\n                <td>81.000.564\/0001-26<\/td>\n                <td>\n                    <a href=\"https:\/\/lunelli.com.br\/site\/wp-content\/uploads\/2024\/09\/81000564000126.pdf\"\n                        target=\"_blank\">Relat\u00f3rio de Transpar\u00eancia e Igualdade Salarial de Mulheres e Homens - 2o\n                        Semestre 2024<\/a>\n                <\/td>\n            <\/tr>\n            <tr>\n                <td>75.552.133\/0001-70<\/td>\n                <td>\n                    <a href=\"https:\/\/lunelli.com.br\/site\/wp-content\/uploads\/2024\/09\/75552133000170.pdf\"\n                        target=\"_blank\">Relat\u00f3rio de Transpar\u00eancia e Igualdade Salarial de Mulheres e Homens - 2o\n                        Semestre 2024<\/a>\n                <\/td>\n            <\/tr>\n            <tr>\n                <td>12.213.317\/0003-57<\/td>\n                <td>\n                    <a href=\"https:\/\/lunelli.com.br\/site\/wp-content\/uploads\/2024\/09\/12213317000357.pdf\"\n                        target=\"_blank\">Relat\u00f3rio de Transpar\u00eancia e Igualdade Salarial de Mulheres e Homens - 2o\n                        Semestre 2024<\/a>\n                <\/td>\n            <\/tr>\n            <tr>\n                <td>12.213.317\/0002-76<\/td>\n                <td>\n                    <a href=\"https:\/\/lunelli.com.br\/site\/wp-content\/uploads\/2024\/09\/12213317000276.pdf\"\n                        target=\"_blank\">Relat\u00f3rio de Transpar\u00eancia e Igualdade Salarial de Mulheres e Homens - 2o\n                        Semestre 2024<\/a>\n                <\/td>\n            <\/tr>\n            <tr>\n                <td>75.552.133\/0017-37<\/td>\n                <td>\n                    <a href=\"https:\/\/lunelli.com.br\/site\/wp-content\/uploads\/2024\/09\/75552133001737.pdf\"\n                        target=\"_blank\">Relat\u00f3rio de Transpar\u00eancia e Igualdade Salarial de Mulheres e Homens - 2o\n                        Semestre 2024<\/a>\n                <\/td>\n            <\/tr>\n            <tr>\n                <td>12.213.317\/0009-42<\/td>\n                <td>\n                    <a href=\"https:\/\/lunelli.com.br\/site\/wp-content\/uploads\/2024\/09\/12213317000942.pdf\"\n                        target=\"_blank\">Relat\u00f3rio de Transpar\u00eancia e Igualdade Salarial de Mulheres e Homens - 2o\n                        Semestre 2024<\/a>\n                <\/td>\n            <\/tr>\n            <tr>\n                <td>10.220.089\/0001-55<\/td>\n                <td>\n                    <a href=\"https:\/\/lunelli.com.br\/site\/wp-content\/uploads\/2024\/09\/10220089000155.pdf\"\n                        target=\"_blank\">Relat\u00f3rio de Transpar\u00eancia e Igualdade Salarial de Mulheres e Homens - 2o\n                        Semestre 2024<\/a>\n                <\/td>\n            <\/tr>\n            <tr>\n                <td>10.220.089\/0001-55<\/td>\n                <td>\n                    <a href=\"https:\/\/lunelli.com.br\/site\/wp-content\/uploads\/2024\/03\/10220089000155.pdf\"\n                        target=\"_blank\">Relat\u00f3rio de Transpar\u00eancia e Igualdade Salarial de Mulheres e Homens - 1o\n                        Semestre 2024<\/a>\n                <\/td>\n            <\/tr>\n            <tr>\n                <td>12.213.317\/0003-57<\/td>\n                <td>\n                    <a href=\"https:\/\/lunelli.com.br\/site\/wp-content\/uploads\/2024\/03\/12213317000357.pdf\"\n                        target=\"_blank\">Relat\u00f3rio de Transpar\u00eancia e Igualdade Salarial de Mulheres e Homens - 1o\n                        Semestre 2024<\/a>\n                <\/td>\n            <\/tr>\n            <tr>\n                <td>12.213.317\/0009-42<\/td>\n                <td>\n                    <a href=\"https:\/\/lunelli.com.br\/site\/wp-content\/uploads\/2024\/03\/12213317000942.pdf\"\n                        target=\"_blank\">Relat\u00f3rio de Transpar\u00eancia e Igualdade Salarial de Mulheres e Homens - 1o\n                        Semestre 2024<\/a>\n                <\/td>\n            <\/tr>\n            <tr>\n                <td>75.552.133\/0017-37<\/td>\n                <td>\n                    <a href=\"https:\/\/lunelli.com.br\/site\/wp-content\/uploads\/2024\/03\/75552133001737.pdf\"\n                        target=\"_blank\">Relat\u00f3rio de Transpar\u00eancia e Igualdade Salarial de Mulheres e Homens - 1o\n                        Semestre 2024<\/a>\n                <\/td>\n            <\/tr>\n            <tr>\n                <td>81.000.564\/0001-26<\/td>\n                <td>\n                    <a href=\"https:\/\/lunelli.com.br\/site\/wp-content\/uploads\/2024\/03\/81000564000126.pdf\"\n                        target=\"_blank\">Relat\u00f3rio de Transpar\u00eancia e Igualdade Salarial de Mulheres e Homens - 1o\n                        Semestre 2024<\/a>\n                <\/td>\n            <\/tr>\n        <\/tbody>\n    <\/table>\n<\/div>\t\t<\/div>\n\t\t\t\t<\/div>\n\t\t\t\t\t\t<\/div>\n\t\t\t\t\t<\/div>\n\t\t<\/div>\n\t\t\t\t\t\t\t\t<\/div>\n\t\t\t\t\t<\/div>\n\t\t<\/section>\n\t\t\t\t\t\t<\/div>\n\t\t\t\t\t\t<\/div>\n\t\t\t\t\t<\/div>\n\t\t","protected":false},"excerpt":{"rendered":"<p>Relat\u00f3rios elaborados pelo Minist\u00e9rio do Trabalho e Emprego apenas com REPUBLICA\u00c7\u00c3O pelas empresas em virtude das determina\u00e7\u00f5es legais existentes Cumprimento \u00e0 Lei n\u00ba 14.611, de 3 de julho de 2023, Decreto n\u00ba 11.795, de 23 de novembro de 2023 e Portaria MTE N\u00ba 3.714, DE 24 de novembro de 2023. Arquivos dispon\u00edveis para baixar CNPJ [&hellip;]<\/p>\n","protected":false},"author":6,"featured_media":0,"parent":0,"menu_order":0,"comment_status":"closed","ping_status":"closed","template":"elementor_header_footer","meta":{"footnotes":""},"class_list":["post-4971","page","type-page","status-publish","hentry","entry"],"_links":{"self":[{"href":"https:\/\/lunelli.com.br\/site\/index.php\/wp-json\/wp\/v2\/pages\/4971","targetHints":{"allow":["GET"]}}],"collection":[{"href":"https:\/\/lunelli.com.br\/site\/index.php\/wp-json\/wp\/v2\/pages"}],"about":[{"href":"https:\/\/lunelli.com.br\/site\/index.php\/wp-json\/wp\/v2\/types\/page"}],"author":[{"embeddable":true,"href":"https:\/\/lunelli.com.br\/site\/index.php\/wp-json\/wp\/v2\/users\/6"}],"replies":[{"embeddable":true,"href":"https:\/\/lunelli.com.br\/site\/index.php\/wp-json\/wp\/v2\/comments?post=4971"}],"version-history":[{"count":0,"href":"https:\/\/lunelli.com.br\/site\/index.php\/wp-json\/wp\/v2\/pages\/4971\/revisions"}],"wp:attachment":[{"href":"https:\/\/lunelli.com.br\/site\/index.php\/wp-json\/wp\/v2\/media?parent=4971"}],"curies":[{"name":"wp","href":"https:\/\/api.w.org\/{rel}","templated":true}]}}