{"id":74,"date":"2021-05-25T12:58:29","date_gmt":"2021-05-25T15:58:29","guid":{"rendered":"https:\/\/lunelli.com.br\/site\/?page_id=74"},"modified":"2021-09-21T16:31:36","modified_gmt":"2021-09-21T19:31:36","slug":"politica-de-qualidade","status":"publish","type":"page","link":"https:\/\/lunelli.com.br\/site\/index.php\/sustentabilidade\/politica-de-qualidade\/","title":{"rendered":"Pol\u00edtica de Qualidade"},"content":{"rendered":"\t\t<div data-elementor-type=\"wp-page\" data-elementor-id=\"74\" data-post-id=\"74\" data-obj-id=\"74\" class=\"elementor elementor-74 dce-elementor-post-74\" data-elementor-settings=\"[]\">\n\t\t\t\t\t\t<div class=\"elementor-inner\">\n\t\t\t\t\t\t\t<div class=\"elementor-section-wrap\">\n\t\t\t\t\t\t\t<section class=\"has_ae_slider elementor-section elementor-top-section elementor-element elementor-element-376849d elementor-section-height-min-height elementor-section-boxed elementor-section-height-default elementor-section-items-middle ae-bg-gallery-type-default\" data-dce-background-image-url=\"https:\/\/lunelli.com.br\/site\/wp-content\/uploads\/2021\/07\/bg_topo_politicaqualidade.jpg\" data-id=\"376849d\" data-element_type=\"section\" data-settings=\"{&quot;background_background&quot;:&quot;classic&quot;}\">\n\t\t\t\t\t\t<div class=\"elementor-container elementor-column-gap-default\">\n\t\t\t\t\t\t\t<div class=\"elementor-row\">\n\t\t\t\t\t<div class=\"has_ae_slider elementor-column elementor-col-100 elementor-top-column elementor-element elementor-element-b0f2fc0 ae-bg-gallery-type-default\" data-id=\"b0f2fc0\" data-element_type=\"column\">\n\t\t\t<div class=\"elementor-column-wrap elementor-element-populated\">\n\t\t\t\t\t\t\t<div class=\"elementor-widget-wrap\">\n\t\t\t\t\t\t\t\t<\/div>\n\t\t\t\t\t<\/div>\n\t\t<\/div>\n\t\t\t\t\t\t\t\t<\/div>\n\t\t\t\t\t<\/div>\n\t\t<\/section>\n\t\t\t\t<section class=\"has_ae_slider elementor-section elementor-top-section elementor-element elementor-element-5588aae elementor-section-boxed elementor-section-height-default elementor-section-height-default ae-bg-gallery-type-default\" data-id=\"5588aae\" data-element_type=\"section\">\n\t\t\t\t\t\t<div class=\"elementor-container elementor-column-gap-default\">\n\t\t\t\t\t\t\t<div class=\"elementor-row\">\n\t\t\t\t\t<div class=\"has_ae_slider elementor-column elementor-col-100 elementor-top-column elementor-element elementor-element-b6515d1 ae-bg-gallery-type-default\" data-id=\"b6515d1\" data-element_type=\"column\">\n\t\t\t<div class=\"elementor-column-wrap elementor-element-populated\">\n\t\t\t\t\t\t\t<div class=\"elementor-widget-wrap\">\n\t\t\t\t\t\t<div class=\"elementor-element elementor-element-a97361c elementor-widget elementor-widget-text-editor\" data-id=\"a97361c\" data-element_type=\"widget\" data-widget_type=\"text-editor.default\">\n\t\t\t\t<div class=\"elementor-widget-container\">\n\t\t\t\t\t\t\t\t<div class=\"elementor-text-editor elementor-clearfix\">\n\t\t\t\t<p>A Lunelli dedica-se pela cont\u00ednua evolu\u00e7\u00e3o tecnol\u00f3gica, constante aperfei\u00e7oamento dos processos t\u00eaxteis e uma gest\u00e3o voltada ao trabalho em equipe, com o objetivo de assegurar um crescimento perene, s\u00f3lido e com respeito ao meio ambiente.<\/p><p>Sabemos que quando nossos colaboradores trabalham mais felizes e nossos produtos e servi\u00e7os s\u00e3o de alta qualidade, consequentemente nossos clientes ser\u00e3o pessoas mais satisfeitas e seguras por escolherem a nossa marca.<\/p><p><strong>Colaboradores felizes<\/strong><br \/><strong>+ produtos e servi\u00e7os de qualidade<\/strong><br \/><strong>= clientes satisfeitos<\/strong><\/p><p>Conhe\u00e7a os 5 princ\u00edpios que norteiam nossas a\u00e7\u00f5es e nos conduzem para o desenvolvimento sustent\u00e1vel:<\/p><ol><li>Melhoria cont\u00ednua da gest\u00e3o e dos processos t\u00eaxteis visando a redu\u00e7\u00e3o dos riscos, desperd\u00edcios e impactos ambientais.<\/li><li>Comprometimento com a prote\u00e7\u00e3o do meio ambiente, atendimento \u00e0 legisla\u00e7\u00e3o e outros requisitos atuando na preven\u00e7\u00e3o da polui\u00e7\u00e3o.<\/li><li>Direcionamento de recursos para educa\u00e7\u00e3o e treinamento, visando a qualifica\u00e7\u00e3o profissional, o desenvolvimento pessoal e a forma\u00e7\u00e3o socioambiental das presentes e futuras gera\u00e7\u00f5es.<\/li><li>Garantia de um ambiente saud\u00e1vel e seguro, elevando a qualidade de vida dos colaboradores.<\/li><li>Comunica\u00e7\u00e3o aberta com clientes, colaboradores, comunidade, fornecedores e \u00f3rg\u00e3os ambientais.<\/li><\/ol>\t\t\t\t\t<\/div>\n\t\t\t\t\t\t<\/div>\n\t\t\t\t<\/div>\n\t\t\t\t\t\t<\/div>\n\t\t\t\t\t<\/div>\n\t\t<\/div>\n\t\t\t\t\t\t\t\t<\/div>\n\t\t\t\t\t<\/div>\n\t\t<\/section>\n\t\t\t\t\t\t<\/div>\n\t\t\t\t\t\t<\/div>\n\t\t\t\t\t<\/div>\n\t\t","protected":false},"excerpt":{"rendered":"<p>A Lunelli dedica-se pela cont\u00ednua evolu\u00e7\u00e3o tecnol\u00f3gica, constante aperfei\u00e7oamento dos processos t\u00eaxteis e uma gest\u00e3o voltada ao trabalho em equipe, com o objetivo de assegurar um crescimento perene, s\u00f3lido e com respeito ao meio ambiente. Sabemos que quando nossos colaboradores trabalham mais felizes e nossos produtos e servi\u00e7os s\u00e3o de alta qualidade, consequentemente nossos clientes [&hellip;]<\/p>\n","protected":false},"author":2,"featured_media":0,"parent":41,"menu_order":0,"comment_status":"closed","ping_status":"closed","template":"elementor_header_footer","meta":{"footnotes":""},"class_list":["post-74","page","type-page","status-publish","hentry","entry"],"_links":{"self":[{"href":"https:\/\/lunelli.com.br\/site\/index.php\/wp-json\/wp\/v2\/pages\/74","targetHints":{"allow":["GET"]}}],"collection":[{"href":"https:\/\/lunelli.com.br\/site\/index.php\/wp-json\/wp\/v2\/pages"}],"about":[{"href":"https:\/\/lunelli.com.br\/site\/index.php\/wp-json\/wp\/v2\/types\/page"}],"author":[{"embeddable":true,"href":"https:\/\/lunelli.com.br\/site\/index.php\/wp-json\/wp\/v2\/users\/2"}],"replies":[{"embeddable":true,"href":"https:\/\/lunelli.com.br\/site\/index.php\/wp-json\/wp\/v2\/comments?post=74"}],"version-history":[{"count":0,"href":"https:\/\/lunelli.com.br\/site\/index.php\/wp-json\/wp\/v2\/pages\/74\/revisions"}],"up":[{"embeddable":true,"href":"https:\/\/lunelli.com.br\/site\/index.php\/wp-json\/wp\/v2\/pages\/41"}],"wp:attachment":[{"href":"https:\/\/lunelli.com.br\/site\/index.php\/wp-json\/wp\/v2\/media?parent=74"}],"curies":[{"name":"wp","href":"https:\/\/api.w.org\/{rel}","templated":true}]}}